{"id":3418,"date":"2018-04-16T18:22:47","date_gmt":"2018-04-16T18:22:47","guid":{"rendered":"http:\/\/themeforest.unitedthemes.com\/wpversions\/brooklyn\/xml\/demo14\/index.php\/gallery-copy\/"},"modified":"2025-03-17T10:13:23","modified_gmt":"2025-03-17T09:13:23","slug":"contact-us","status":"publish","type":"page","link":"https:\/\/maison-des-accompagnateurs.fr\/?page_id=3418","title":{"rendered":"Nous"},"content":{"rendered":"<p>[vc_section css=\u00a0\u00bb.vc_custom_1523927157108{padding-bottom: 0px !important;}\u00a0\u00bb el_name=\u00a0\u00bbPadding Bottom 0px\u00a0\u00bb][vc_row][vc_column width=\u00a0\u00bb1\/2&Prime; effect=\u00a0\u00bbnone\u00a0\u00bb]<style type=\"text\/css\">#ut_custom_heading69ebbfd717764 { color:#8e7364; }#ut_custom_heading69ebbfd717764 { font-family: \"Andika\";font-weight:400;font-style:normal; }#ut_custom_heading69ebbfd717764 { font-size:22px !important; }#ut_custom_heading69ebbfd717764 { text-align:left; }@media (min-width: 768px) and (max-width: 1024px) { #ut_custom_heading69ebbfd717764 { text-align:left; } }@media (max-width: 767px) { #ut_custom_heading69ebbfd717764 { text-align:left; } }<\/style><h6 id=\"ut_custom_heading69ebbfd717764\" data-responsive-font=\"h6\" data-responsive-font-settings=\"{&quot;base-font-size&quot;:&quot;22&quot;,&quot;font-size-unit&quot;:&quot;px&quot;,&quot;font-size&quot;:{&quot;desktop_large&quot;:&quot;22&quot;},&quot;base-line-height&quot;:&quot;global&quot;,&quot;base-letter-spacing&quot;:&quot;global&quot;}\" class=\"ut-custom-heading-module   vc_custom_1742202432531\" ><span class=\"\" >Nos guides \u00e0 votre service<\/span><\/h6><div class=\"wpb_content_element \"><style type=\"text\/css\">#ut_header_69ebbfd7198e3 h2.section-title{ font-family: \"Andika\";font-weight:400;font-style:normal; }#ut_header_69ebbfd7198e3 h2.section-title { font-size:46px !important;letter-spacing:0.01em; }@media (min-width: 1025px) and (max-width: 1679px) {#ut_header_69ebbfd7198e3 h2.section-title { letter-spacing:0.01em; }}@media (min-width: 768px) and (max-width: 1024px) {#ut_header_69ebbfd7198e3 h2.section-title { letter-spacing:0.01em; }}@media (max-width: 767px) {#ut_header_69ebbfd7198e3 h2.section-title { letter-spacing:0.01em; }}<\/style><header id=\"ut_header_69ebbfd7198e3\" class=\"section-header  ut-no-title-linebreak-mobile ut-no-lead-linebreak-mobile pt-style-7 header-left header-tablet-left header-mobile-center\"><h2 data-title=\"Maison des accompagnateurs\"  data-responsive-font=\"section_title\" data-responsive-font-settings=\"{&quot;base-font-size&quot;:&quot;global&quot;,&quot;font-size&quot;:{&quot;desktop_large&quot;:&quot;46&quot;},&quot;base-line-height&quot;:&quot;global&quot;,&quot;base-letter-spacing&quot;:&quot;0.01&quot;,&quot;letter-spacing&quot;:{&quot;desktop_large&quot;:&quot;0.01&quot;}}\" class=\"section-title  \"><span>Maison des accompagnateurs<\/span><\/h2><div data-delay=\"0\" class=\"lead \"><p>S\u00e9jours de groupes, s\u00e9jour individuel et s\u00e9jour sur mesure.<\/p>\n<\/div><\/header><\/div><div class=\"wpb_content_element \"><style class=\"bklyn-inline-styles\" type=\"text\/css\">#ut_fl_69ebbfd71a01f828224630.bklyn-fancy-list { font-size: 16px !important; }#ut_fl_69ebbfd71a01f828224630.bklyn-fancy-list { line-height: 32px !important; }#ut_fl_69ebbfd71a01f828224630.bklyn-fancy-list li .fa { font-size: 20px; }#ut_fl_69ebbfd71a01f828224630 .fa { color: #8e7364; }#ut_fl_69ebbfd71a01f828224630 a .fa { color: #8e7364; }#ut_fl_69ebbfd71a01f828224630 a:visited .fa { color: #8e7364; }#ut_fl_69ebbfd71a01f828224630 { color: #474b54; }#ut_fl_69ebbfd71a01f828224630 a { color: #474b54; }#ut_fl_69ebbfd71a01f828224630 a:visited { color: #474b54; }#ut_fl_69ebbfd71a01f828224630 a:hover .fa { color: #474b54; }#ut_fl_69ebbfd71a01f828224630 a:focus .fa { color: #474b54; }#ut_fl_69ebbfd71a01f828224630 a:active .fa { color: #474b54; }#ut_fl_69ebbfd71a01f828224630 a:hover { color: #8e7364; }#ut_fl_69ebbfd71a01f828224630 a:focus { color: #8e7364; }#ut_fl_69ebbfd71a01f828224630 a:active { color: #8e7364; }<\/style><div id=\"ut_fl_69ebbfd71a01f828224630\" class=\"bklyn-fancy-list  bklyn-fancy-list-left bklyn-fancy-list-tablet-left bklyn-fancy-list-mobile-center\"><ul class=\"bklyn-list bklyn-list-style-none\" data-appear-top-offset=\"almost\"><li class=\"bklyn-list-item-space-xsmall bklyn-fancy-list-item-has-icon bklyn-fancy-list-item-has-icon-center\"><i class=\"fa fa-map-marker\"><\/i><div class=\"bklyn-fancy-list-content\"><span><b>Maison des accompagnateurs <\/b><\/span><\/div><\/a><\/li><li class=\"bklyn-list-item-space-xsmall bklyn-fancy-list-item-has-icon bklyn-fancy-list-item-has-icon-center\"><i class=\"fa fa-phone\"><\/i><div class=\"bklyn-fancy-list-content\"><span><b>06 79 72 88 75 <\/b><\/span><\/div><\/a><\/li><li class=\"bklyn-list-item-space-xsmall bklyn-fancy-list-item-has-icon bklyn-fancy-list-item-has-icon-center\"><a title=\"\" href=\"mailto:contact@yoursite.com\" target=\"_self\" ><i class=\"fa fa-envelope-o\"><\/i><div class=\"bklyn-fancy-list-content\"><span><b>maisondesaccompagnateurs@gmail.com<\/b><\/span><\/div><\/a><\/li><\/ul><\/div><\/div><style type=\"text\/css\">#ut_custom_heading69ebbfd71a0bf { font-size:24px !important; }#ut_custom_heading69ebbfd71a0bf { text-align:left; }@media (min-width: 768px) and (max-width: 1024px) { #ut_custom_heading69ebbfd71a0bf { text-align:left; } }@media (max-width: 767px) { #ut_custom_heading69ebbfd71a0bf { text-align:left; } }<\/style><h3 id=\"ut_custom_heading69ebbfd71a0bf\" data-responsive-font=\"h3\" data-responsive-font-settings=\"{&quot;base-font-size&quot;:&quot;global&quot;,&quot;font-size&quot;:{&quot;desktop_large&quot;:&quot;24&quot;},&quot;base-line-height&quot;:&quot;global&quot;,&quot;base-letter-spacing&quot;:&quot;global&quot;}\" class=\"ut-custom-heading-module  \" ><span class=\"\" >Nous suivre<\/span><\/h3><div class=\"wpb_content_element \"><style class=\"bklyn-inline-styles\" type=\"text\/css\">#ut_sf_69ebbfd71a0fa li a i { color: #8e7364; }#ut_sf_69ebbfd71a0fa li a:hover i { color: #474b54; }#ut_sf_69ebbfd71a0fa li a:focus i { color: #474b54; }#ut_sf_69ebbfd71a0fa { font-size: 40px; }<\/style><ul id=\"ut_sf_69ebbfd71a0fa\" class=\"ut-social-follow-module  ut-social-follow-module-left ut-social-follow-module-tablet-left ut-social-follow-module-mobile-center ut-social-follow-module-40 Pixel\" data-settings=\"{&quot;animate&quot;:false,&quot;effect&quot;:&quot;&quot;,&quot;delay_animation&quot;:false,&quot;global_delay_animation&quot;:false,&quot;delay_timer&quot;:100,&quot;global_delay_timer&quot;:100}\"><li  class=\"ut-social-follow-0 ut-social-follow-icon-only \"><a class=\"ut-social-follow-link\" title=\"\" href=\"https:\/\/www.facebook.com\/profile.php?id=61554343065303\" target=\"_self\" ><i class=\"fa fa-facebook\"><\/i><\/a><\/li><li  class=\"ut-social-follow-1 ut-social-follow-icon-only \"><a class=\"ut-social-follow-link\" title=\"\" href=\"https:\/\/www.instagram.com\/maisondesaccompagnateurs\/\" target=\"_self\" ><i class=\"fa fa-instagram\"><\/i><\/a><\/li><\/ul><\/div>[\/vc_column][vc_column width=\u00a0\u00bb1\/2&Prime;]<div id=\"ut_cf7_colors_69ebbfd71a124\" class=\"wpb_content_element  \">\n<div class=\"wpcf7 no-js\" id=\"wpcf7-f3702-o1\" lang=\"en-US\" dir=\"ltr\">\n<div class=\"screen-reader-response\"><p role=\"status\" aria-live=\"polite\" aria-atomic=\"true\"><\/p> <ul><\/ul><\/div>\n<form action=\"\/index.php?rest_route=%2Fwp%2Fv2%2Fpages%2F3418#wpcf7-f3702-o1\" method=\"post\" class=\"wpcf7-form init\" aria-label=\"Contact form\" novalidate=\"novalidate\" data-status=\"init\">\n<div style=\"display: none;\">\n<input type=\"hidden\" name=\"_wpcf7\" value=\"3702\" \/>\n<input type=\"hidden\" name=\"_wpcf7_version\" value=\"5.9.4\" \/>\n<input type=\"hidden\" name=\"_wpcf7_locale\" value=\"en_US\" \/>\n<input type=\"hidden\" name=\"_wpcf7_unit_tag\" value=\"wpcf7-f3702-o1\" \/>\n<input type=\"hidden\" name=\"_wpcf7_container_post\" value=\"0\" \/>\n<input type=\"hidden\" name=\"_wpcf7_posted_data_hash\" value=\"\" \/>\n<\/div>\n<label> Votre nom \n    <span class=\"wpcf7-form-control-wrap\" data-name=\"your-name\"><input size=\"40\" class=\"wpcf7-form-control wpcf7-text wpcf7-validates-as-required\" aria-required=\"true\" aria-invalid=\"false\" value=\"\" type=\"text\" name=\"your-name\" \/><\/span> <\/label>\n\n<label> Votre email\n    <span class=\"wpcf7-form-control-wrap\" data-name=\"your-email\"><input size=\"40\" class=\"wpcf7-form-control wpcf7-email wpcf7-validates-as-required wpcf7-text wpcf7-validates-as-email\" aria-required=\"true\" aria-invalid=\"false\" value=\"\" type=\"email\" name=\"your-email\" \/><\/span> <\/label>\n\n<label> Sujet\n    <span class=\"wpcf7-form-control-wrap\" data-name=\"your-subject\"><input size=\"40\" class=\"wpcf7-form-control wpcf7-text\" aria-invalid=\"false\" value=\"\" type=\"text\" name=\"your-subject\" \/><\/span> <\/label>\n\n<label> Votre message\n    <span class=\"wpcf7-form-control-wrap\" data-name=\"your-message\"><textarea cols=\"40\" rows=\"10\" class=\"wpcf7-form-control wpcf7-textarea\" aria-invalid=\"false\" name=\"your-message\"><\/textarea><\/span> <\/label>\n\n<input class=\"wpcf7-form-control wpcf7-submit has-spinner\" type=\"submit\" value=\"Envoyer\" \/><div class=\"wpcf7-response-output\" aria-hidden=\"true\"><\/div>\n<\/form>\n<\/div>\n<\/div>[\/vc_column][\/vc_row][vc_row full_width=\u00a0\u00bbstretch_row_content_no_spaces\u00a0\u00bb el_name=\u00a0\u00bbMargin Bottom 0px\u00a0\u00bb][vc_column][vc_gmaps link=\u00a0\u00bb#E-8_JTNDaWZyYW1lJTIwc3JjJTNEJTIyaHR0cHMlM0ElMkYlMkZ3d3cuZ29vZ2xlLmNvbSUyRm1hcHMlMkZlbWJlZCUzRnBiJTNEJTIxMW0xOCUyMTFtMTIlMjExbTMlMjExZDI3MjEwLjc3MjMzMjkxMjIyNyUyMTJkMy4xNzEyNTU2MjQzNjA0ODMyJTIxM2Q0NC4yMDMzNTU0NTMxNzYxMyUyMTJtMyUyMTFmMCUyMTJmMCUyMTNmMCUyMTNtMiUyMTFpMTAyNCUyMTJpNzY4JTIxNGYxMy4xJTIxM20zJTIxMW0yJTIxMXMweDEyYjNiMWUxZTU3OGU5YWIlMjUzQTB4YTA2ZjY5ZWJhMWZmNmQwJTIxMnNMaWF1Y291cyUyNTJDJTI1MjAxMjcyMCUyNTIwTW9zdHUlMjVDMyUyNUE5am91bHMlMjE1ZTAlMjEzbTIlMjExc2ZyJTIxMnNmciUyMTR2MTc0MjIwMjc4NTUxMSUyMTVtMiUyMTFzZnIlMjEyc2ZyJTIyJTIwd2lkdGglM0QlMjI2MDAlMjIlMjBoZWlnaHQlM0QlMjI0NTAlMjIlMjBzdHlsZSUzRCUyMmJvcmRlciUzQTAlM0IlMjIlMjBhbGxvd2Z1bGxzY3JlZW4lM0QlMjIlMjIlMjBsb2FkaW5nJTNEJTIybGF6eSUyMiUyMHJlZmVycmVycG9saWN5JTNEJTIybm8tcmVmZXJyZXItd2hlbi1kb3duZ3JhZGUlMjIlM0UlM0MlMkZpZnJhbWUlM0U=\u00a0\u00bb][\/vc_column][\/vc_row][\/vc_section]<\/p>\n","protected":false},"excerpt":{"rendered":"<p>[vc_section css=\u00a0\u00bb.vc_custom_1523927157108{padding-bottom: 0px !important;}\u00a0\u00bb el_name=\u00a0\u00bbPadding Bottom 0px\u00a0\u00bb][vc_row][vc_column width=\u00a0\u00bb1\/2&Prime; effect=\u00a0\u00bbnone\u00a0\u00bb][\/vc_column][vc_column width=\u00a0\u00bb1\/2&Prime;][\/vc_column][\/vc_row][vc_row full_width=\u00a0\u00bbstretch_row_content_no_spaces\u00a0\u00bb el_name=\u00a0\u00bbMargin Bottom 0px\u00a0\u00bb][vc_column][vc_gmaps link=\u00a0\u00bb#E-8_JTNDaWZyYW1lJTIwc3JjJTNEJTIyaHR0cHMlM0ElMkYlMkZ3d3cuZ29vZ2xlLmNvbSUyRm1hcHMlMkZlbWJlZCUzRnBiJTNEJTIxMW0xOCUyMTFtMTIlMjExbTMlMjExZDI3MjEwLjc3MjMzMjkxMjIyNyUyMTJkMy4xNzEyNTU2MjQzNjA0ODMyJTIxM2Q0NC4yMDMzNTU0NTMxNzYxMyUyMTJtMyUyMTFmMCUyMTJmMCUyMTNmMCUyMTNtMiUyMTFpMTAyNCUyMTJpNzY4JTIxNGYxMy4xJTIxM20zJTIxMW0yJTIxMXMweDEyYjNiMWUxZTU3OGU5YWIlMjUzQTB4YTA2ZjY5ZWJhMWZmNmQwJTIxMnNMaWF1Y291cyUyNTJDJTI1MjAxMjcyMCUyNTIwTW9zdHUlMjVDMyUyNUE5am91bHMlMjE1ZTAlMjEzbTIlMjExc2ZyJTIxMnNmciUyMTR2MTc0MjIwMjc4NTUxMSUyMTVtMiUyMTFzZnIlMjEyc2ZyJTIyJTIwd2lkdGglM0QlMjI2MDAlMjIlMjBoZWlnaHQlM0QlMjI0NTAlMjIlMjBzdHlsZSUzRCUyMmJvcmRlciUzQTAlM0IlMjIlMjBhbGxvd2Z1bGxzY3JlZW4lM0QlMjIlMjIlMjBsb2FkaW5nJTNEJTIybGF6eSUyMiUyMHJlZmVycmVycG9saWN5JTNEJTIybm8tcmVmZXJyZXItd2hlbi1kb3duZ3JhZGUlMjIlM0UlM0MlMkZpZnJhbWUlM0U=\u00a0\u00bb][\/vc_column][\/vc_row][\/vc_section]<\/p>\n","protected":false},"author":1,"featured_media":0,"parent":0,"menu_order":0,"comment_status":"closed","ping_status":"closed","template":"","meta":{"footnotes":""},"_links":{"self":[{"href":"https:\/\/maison-des-accompagnateurs.fr\/index.php?rest_route=\/wp\/v2\/pages\/3418"}],"collection":[{"href":"https:\/\/maison-des-accompagnateurs.fr\/index.php?rest_route=\/wp\/v2\/pages"}],"about":[{"href":"https:\/\/maison-des-accompagnateurs.fr\/index.php?rest_route=\/wp\/v2\/types\/page"}],"author":[{"embeddable":true,"href":"https:\/\/maison-des-accompagnateurs.fr\/index.php?rest_route=\/wp\/v2\/users\/1"}],"replies":[{"embeddable":true,"href":"https:\/\/maison-des-accompagnateurs.fr\/index.php?rest_route=%2Fwp%2Fv2%2Fcomments&post=3418"}],"version-history":[{"count":8,"href":"https:\/\/maison-des-accompagnateurs.fr\/index.php?rest_route=\/wp\/v2\/pages\/3418\/revisions"}],"predecessor-version":[{"id":4578,"href":"https:\/\/maison-des-accompagnateurs.fr\/index.php?rest_route=\/wp\/v2\/pages\/3418\/revisions\/4578"}],"wp:attachment":[{"href":"https:\/\/maison-des-accompagnateurs.fr\/index.php?rest_route=%2Fwp%2Fv2%2Fmedia&parent=3418"}],"curies":[{"name":"wp","href":"https:\/\/api.w.org\/{rel}","templated":true}]}}