{"id":3956,"date":"2025-02-07T10:13:30","date_gmt":"2025-02-07T09:13:30","guid":{"rendered":"https:\/\/maison-des-accompagnateurs.fr\/?page_id=3956"},"modified":"2025-03-16T20:02:01","modified_gmt":"2025-03-16T19:02:01","slug":"galerie","status":"publish","type":"page","link":"https:\/\/maison-des-accompagnateurs.fr\/?page_id=3956","title":{"rendered":"Tarifs"},"content":{"rendered":"<p>[vc_section][vc_row][vc_column width=\u00a0\u00bb1\/2&Prime;][vc_column_text]Randonn\u00e9e groupe (25 pers. maxi.)<br \/>\n&gt; \u00e0 la journ\u00e9e .. . . . . . . . . . . . . . . . . . . . . . . . . . . . . . . . . . . . . . . . . . . . . . . . . . . . . . . \u00e0 partir de 230 \u20ac<br \/>\n&gt; \u00e0 la demi- journ\u00e9e.. . . . . . . . . . . . . . . . . . . . . . . . . . . . . . . . . . . . . . . . . .\u00e0 partir de 170 \u20ac[\/vc_column_text][vc_column_text]Rando exp\u00e9rience (\u00e0 partir de 10 pers.)<br \/>\n&gt; enfant -12 ans &#8230;&#8230;&#8230;&#8230;&#8230;&#8230;&#8230;&#8230;&#8230;&#8230;&#8230;&#8230;&#8230;&#8230;&#8230;&#8230;&#8230;. \u00e0 partir de 13 \u20ac<br \/>\n&gt; adulte &#8230;&#8230;&#8230;&#8230;&#8230;&#8230;&#8230;&#8230;&#8230;&#8230;&#8230;&#8230;&#8230;&#8230;&#8230;&#8230;&#8230;&#8230;&#8230;&#8230;&#8230;&#8230;&#8230;\u00e0 partir de 19 \u20ac<br \/>\n&gt; famille &#8230;&#8230;&#8230;&#8230;&#8230;&#8230;&#8230;&#8230;&#8230;&#8230;&#8230;&#8230;&#8230;&#8230;&#8230;&#8230;&#8230;&#8230;&#8230;&#8230;&#8230;&#8230;. \u00e0 partir de 55 \u20ac[\/vc_column_text][vc_column_text]Randonn\u00e9e \u00e0 la carte<br \/>\nObservation animali\u00e8re<br \/>\nTrail<br \/>\n(\u00e0 partir de 6 pers)<br \/>\n&gt; \u00e0 la journ\u00e9e .. . . . . . . . . . . . . . . . . . . . . . . . . . . . . . . . . . . . . . . . . . . . . . . . . . . . . . . . . . . .\u00e0 partir de 35 \u20ac<br \/>\n&gt; \u00e0 la demi- journ\u00e9e.. . . . . . . . . . . . . . . . . . . . . . . . . . . . . . . . . . . . . . . . . . . . .\u00e0 partir de 25 \u20ac[\/vc_column_text][\/vc_column][vc_column width=\u00a0\u00bb1\/2&Prime;][vc_column_text]Voyages accompagn\u00e9s<br \/>\nVachement Rando&#8230;&#8230;&#8230;&#8230;&#8230;&#8230;&#8230;.. \u00e0 partir de 569 \u20ac<br \/>\nBrame du Cerf&#8230;&#8230;&#8230;&#8230;&#8230;&#8230;&#8230;&#8230;&#8230;&#8230;&#8230;&#8230;.\u00e0 partir de 459 \u20ac<br \/>\nVallon de Marcillac&#8230;&#8230;&#8230;&#8230;&#8230;&#8230;&#8230;.. \u00e0 partir de 530 \u20ac<br \/>\nEtoile des Grands Causses.\u00e0 partir de 840 \u20ac<br \/>\nEtoile de l&rsquo;Aubrac&#8230;&#8230;&#8230;&#8230;&#8230;&#8230;&#8230;&#8230;.. \u00e0 partir de 840 \u20ac[\/vc_column_text][vc_column_text]S\u00e9jours Familles<br \/>\nC\u00e9vennes Aventure&#8230;&#8230;&#8230;&#8230;&#8230;&#8230;.. \u00e0 partir de 695 \u20ac<br \/>\nGorges du Tarn Aventure&#8230; \u00e0 partir de 840 \u20ac[\/vc_column_text][vc_column_text]V\u00e9hicule 9 places<br \/>\nconduit par le guide &#8230;&#8230;&#8230;&#8230;&#8230;&#8230;&#8230;&#8230;\u00e0 partir de 80 \u20ac \/ jours[\/vc_column_text][\/vc_column][\/vc_row][vc_row][vc_column]<div class=\"wpb_content_element \"><style type=\"text\/css\">#ut_header_69ebb30fb69e2 h2.section-title { font-size:26px !important;letter-spacing:0.04em; }@media (min-width: 1025px) and (max-width: 1679px) {#ut_header_69ebb30fb69e2 h2.section-title { letter-spacing:0.04em; }}@media (min-width: 768px) and (max-width: 1024px) {#ut_header_69ebb30fb69e2 h2.section-title { letter-spacing:0.04em; }}@media (max-width: 767px) {#ut_header_69ebb30fb69e2 h2.section-title { letter-spacing:0.04em; }}<\/style><header id=\"ut_header_69ebb30fb69e2\" class=\"section-header  ut-no-title-linebreak-mobile ut-no-lead-linebreak-mobile pt-style-7 header-center header-tablet-center header-mobile-center\"><h2 data-title=\"Nos partenaires\"  data-responsive-font=\"section_title\" data-responsive-font-settings=\"{&quot;base-font-size&quot;:&quot;26&quot;,&quot;font-size&quot;:{&quot;desktop_large&quot;:&quot;26&quot;},&quot;base-line-height&quot;:&quot;global&quot;,&quot;base-letter-spacing&quot;:&quot;0.04&quot;,&quot;letter-spacing&quot;:{&quot;desktop_large&quot;:&quot;0.04&quot;}}\" class=\"section-title  \"><span>Nos partenaires<\/span><\/h2><\/header><\/div><div  class=\"wpb_content_element   clearfix\"><style type=\"text\/css\">#ut_am_69ebb30fb8ba5 { opacity: 1; }#ut_am_wrap_69ebb30fb8ba6 .ut-image-gallery-item-caption-title h3 { letter-spacing: 0em; }#ut_am_wrap_69ebb30fb8ba6 .ut-gallery-slider-caption { font-weight: bold; }#ut_am_wrap_69ebb30fb8ba6 { text-align: left; }@media (min-width: 768px) and (max-width: 1024px) { #ut_am_wrap_69ebb30fb8ba6 { text-align: left !important; } }@media (max-width: 767px) { #ut_am_wrap_69ebb30fb8ba6 { text-align: center !important; } }<\/style><div id=\"ut_am_wrap_69ebb30fb8ba6\" class=\"ut-image-gallery-image \"><div id=\"ut_reveal_69ebb30fb8ba7\"  data-appear-top-offset=\"auto\" class=\"ut-animated-image-item ut-image-gallery-item ut-animation-done \"><a class=\"ut-deactivated-link\" href=\"#\"><div class=\"ut-animated-image-zoom\"><img loading=\"lazy\" decoding=\"async\" class=\"ut-lazy skip-lazy ut-animated-image \"  id=\"ut_am_69ebb30fb8ba5\" src=\"data:image\/svg+xml;charset=utf-8,%3Csvg xmlns%3D'http%3A%2F%2Fwww.w3.org%2F2000%2Fsvg' viewBox%3D'0 0 1283 650'%2F%3E\" data-src=\"https:\/\/maison-des-accompagnateurs.fr\/wp-content\/uploads\/2025\/03\/partenaire.jpg\" width=\"1283\" height=\"650\" alt=\"\"\/><\/div><\/a><\/div><\/div><\/div>[\/vc_column][\/vc_row][\/vc_section][vc_section][\/vc_section][vc_section][\/vc_section][vc_section][\/vc_section]<\/p>\n","protected":false},"excerpt":{"rendered":"<p>[vc_section][vc_row][vc_column width=\u00a0\u00bb1\/2&Prime;][vc_column_text]Randonn\u00e9e groupe (25 pers. maxi.) &gt; \u00e0 la journ\u00e9e .. . . . . . . . . . . . . . . . . . . . . . . . . . . . . . . . . . . . . . . . . . . . . [&hellip;]<\/p>\n","protected":false},"author":1,"featured_media":0,"parent":0,"menu_order":0,"comment_status":"closed","ping_status":"closed","template":"","meta":{"footnotes":""},"_links":{"self":[{"href":"https:\/\/maison-des-accompagnateurs.fr\/index.php?rest_route=\/wp\/v2\/pages\/3956"}],"collection":[{"href":"https:\/\/maison-des-accompagnateurs.fr\/index.php?rest_route=\/wp\/v2\/pages"}],"about":[{"href":"https:\/\/maison-des-accompagnateurs.fr\/index.php?rest_route=\/wp\/v2\/types\/page"}],"author":[{"embeddable":true,"href":"https:\/\/maison-des-accompagnateurs.fr\/index.php?rest_route=\/wp\/v2\/users\/1"}],"replies":[{"embeddable":true,"href":"https:\/\/maison-des-accompagnateurs.fr\/index.php?rest_route=%2Fwp%2Fv2%2Fcomments&post=3956"}],"version-history":[{"count":7,"href":"https:\/\/maison-des-accompagnateurs.fr\/index.php?rest_route=\/wp\/v2\/pages\/3956\/revisions"}],"predecessor-version":[{"id":4453,"href":"https:\/\/maison-des-accompagnateurs.fr\/index.php?rest_route=\/wp\/v2\/pages\/3956\/revisions\/4453"}],"wp:attachment":[{"href":"https:\/\/maison-des-accompagnateurs.fr\/index.php?rest_route=%2Fwp%2Fv2%2Fmedia&parent=3956"}],"curies":[{"name":"wp","href":"https:\/\/api.w.org\/{rel}","templated":true}]}}