{"id":3962,"date":"2025-02-07T13:33:47","date_gmt":"2025-02-07T12:33:47","guid":{"rendered":"https:\/\/maison-des-accompagnateurs.fr\/?page_id=3962"},"modified":"2025-02-10T22:55:12","modified_gmt":"2025-02-10T21:55:12","slug":"chantier","status":"publish","type":"page","link":"https:\/\/maison-des-accompagnateurs.fr\/?page_id=3962","title":{"rendered":"Entretien de sentiers"},"content":{"rendered":"<p>[vc_section][vc_row][vc_column]<div class=\"wpb_content_element \"><style type=\"text\/css\">#ut_header_69ebaeaa89d90 h1.page-title { font-size:43px !important; }<\/style><header id=\"ut_header_69ebaeaa89d90\" class=\"page-header page-title-module  ut-no-title-linebreak-mobile ut-no-lead-linebreak-mobile pt-style-2 header-center header-tablet-center header-mobile-center\"><h1 data-title=\"Entretien de sentiers\"  data-responsive-font=\"page_title\" data-responsive-font-settings=\"{&quot;base-font-size&quot;:&quot;43&quot;,&quot;font-size&quot;:{&quot;desktop_large&quot;:&quot;43&quot;},&quot;base-line-height&quot;:&quot;global&quot;,&quot;base-letter-spacing&quot;:&quot;global&quot;}\" class=\"page-title  \"><span>Entretien de sentiers<\/span><\/h1><div data-delay=\"0\" class=\"lead \"><p>Travaux et entretien de sentiers de randonn\u00e9e<\/p>\n<\/div><\/header><\/div>[\/vc_column][\/vc_row][\/vc_section][vc_section hide_on_tablet=\u00a0\u00bbtrue\u00a0\u00bb hide_on_mobile=\u00a0\u00bbtrue\u00a0\u00bb][vc_row full_width=\u00a0\u00bbstretch_row_content_no_spaces\u00a0\u00bb equal_height=\u00a0\u00bbyes\u00a0\u00bb content_placement=\u00a0\u00bbmiddle\u00a0\u00bb][vc_column width=\u00a0\u00bb1\/2&Prime; cursor_skin=\u00a0\u00bbglobal\u00a0\u00bb css=\u00a0\u00bb.vc_custom_1738933569090{padding-top: 40px !important;padding-right: 40px !important;padding-bottom: 40px !important;padding-left: 40px !important;background-image: url(https:\/\/maison-des-accompagnateurs.fr\/wp-content\/uploads\/2025\/02\/20240516_17055822.jpg?id=3974) !important;background-position: center !important;background-repeat: no-repeat !important;background-size: cover !important;}\u00a0\u00bb offset=\u00a0\u00bbvc_col-lg-6 vc_col-md-12 vc_col-sm-12 vc_col-xs-12&Prime;][\/vc_column][vc_column width=\u00a0\u00bb1\/2&Prime; css=\u00a0\u00bb.vc_custom_1719649840618{padding-top: 120px !important;padding-right: 120px !important;padding-bottom: 80px !important;padding-left: 120px !important;background-color: rgba(255, 254, 253, 0.09) !important;*background-color: rgba(255,254, 253, 0.09) !important;}\u00a0\u00bb offset=\u00a0\u00bbvc_col-lg-6 vc_col-md-12 vc_col-sm-12 vc_col-xs-12&Prime;]<div class=\"wpb_content_element \"><style type=\"text\/css\">#ut_header_69ebaeaa8be28 h2.section-title{ font-family: \"Andika New Basic\";font-weight:400;font-style:normal; }#ut_header_69ebaeaa8be28 h2.section-title { font-size:25px !important;letter-spacing:0.04em; }@media (min-width: 1025px) and (max-width: 1679px) {#ut_header_69ebaeaa8be28 h2.section-title { letter-spacing:0.04em; }}@media (min-width: 768px) and (max-width: 1024px) {#ut_header_69ebaeaa8be28 h2.section-title { letter-spacing:0.04em; }}@media (max-width: 767px) {#ut_header_69ebaeaa8be28 h2.section-title { letter-spacing:0.04em; }}#ut_header_69ebaeaa8be28 h2.section-title { margin-bottom:27px; }<\/style><header id=\"ut_header_69ebaeaa8be28\" class=\"section-header  ut-no-lead-linebreak-mobile pt-style-7 header-left header-tablet-left header-mobile-center\"><h2 data-title=\"Notre \u00e9tat d'esprit notre philosophie\"  data-responsive-font=\"section_title\" data-responsive-font-settings=\"{&quot;base-font-size&quot;:&quot;25&quot;,&quot;font-size-unit&quot;:&quot;px&quot;,&quot;font-size&quot;:{&quot;desktop_large&quot;:&quot;25&quot;},&quot;base-line-height&quot;:&quot;global&quot;,&quot;base-letter-spacing&quot;:&quot;0.04&quot;,&quot;letter-spacing&quot;:{&quot;desktop_large&quot;:&quot;0.04&quot;}}\" class=\"section-title  \"><span>Notre \u00e9tat d'esprit notre philosophie<\/span><\/h2><div data-delay=\"0\" class=\"lead \"><p>Accompagnateurs en Montagne nous arpentons quotidiennement les sentiers de randonn\u00e9es du territoire. En 2024 nous avons r\u00e9alis\u00e9 plus de cinq cents journ\u00e9es d\u2019accompagnement en randonn\u00e9e, de l\u2019Aubrac au Larzac et des Monts de Lacaune au Mont Aigoual. Forte de 30 ans d\u2019existence, la Maison des Accompagnateurs s\u2019implique aujourd\u2019hui davantage dans le d\u00e9veloppement du territoire en proposant des prestations de cr\u00e9ation, d\u2019entretien et de s\u00e9curisation des sentiers. Notre r\u00e9gion est nationalement reconnue riche et unique pour sa biodiversit\u00e9, son patrimoine et son caract\u00e8re. Le tourisme estival y est florissant gr\u00e2ce \u00e0 un climat favorable et \u00e0 l\u2019engouement du public pour les activit\u00e9s de pleine nature dont la randonn\u00e9e, le VTT ou le trail. Dans une optique de s\u00e9curit\u00e9 et de qualit\u00e9, il est n\u00e9cessaire de s\u00e9curiser les sentiers et de les baliser. Pr\u00e9venir le risque d\u2019accidents, de chutes ou d\u2019\u00e9garement est notre priorit\u00e9. Utilisateurs professionnels permanents de ces chemins, nos guides ont une certaine expertise sur la qualit\u00e9 de ceux-ci ainsi que sur le comportement des usagers.<\/p>\n<\/div><\/header><\/div>[\/vc_column][\/vc_row][vc_row full_width=\u00a0\u00bbstretch_row_content_no_spaces\u00a0\u00bb equal_height=\u00a0\u00bbyes\u00a0\u00bb content_placement=\u00a0\u00bbmiddle\u00a0\u00bb css=\u00a0\u00bb.vc_custom_1523889723682{margin-top: 0px !important;}\u00a0\u00bb el_name=\u00a0\u00bbMargin Top 0px\u00a0\u00bb][vc_column width=\u00a0\u00bb1\/2&Prime; css=\u00a0\u00bb.vc_custom_1523830750568{padding-top: 120px !important;padding-right: 120px !important;padding-bottom: 80px !important;padding-left: 120px !important;}\u00a0\u00bb offset=\u00a0\u00bbvc_col-lg-6 vc_col-md-12 vc_col-sm-12 vc_col-xs-12&Prime;]<div class=\"wpb_content_element \"><style type=\"text\/css\">#ut_header_69ebaeaa8c3d1 h2.section-title{ font-family: \"Andika\";font-weight:400;font-style:normal; }#ut_header_69ebaeaa8c3d1 h2.section-title { font-size:25px !important;letter-spacing:0.13em; }@media (min-width: 1025px) and (max-width: 1679px) {#ut_header_69ebaeaa8c3d1 h2.section-title { letter-spacing:0.13em; }}@media (min-width: 768px) and (max-width: 1024px) {#ut_header_69ebaeaa8c3d1 h2.section-title { letter-spacing:0.13em; }}@media (max-width: 767px) {#ut_header_69ebaeaa8c3d1 h2.section-title { letter-spacing:0.13em; }}<\/style><header id=\"ut_header_69ebaeaa8c3d1\" class=\"section-header  ut-no-title-linebreak-mobile ut-no-lead-linebreak-mobile pt-style-7 header-left header-tablet-left header-mobile-center\"><h2 data-title=\"S\u00e9curiser, valoriser, transmettre\"  data-responsive-font=\"section_title\" data-responsive-font-settings=\"{&quot;base-font-size&quot;:&quot;25&quot;,&quot;font-size-unit&quot;:&quot;px&quot;,&quot;font-size&quot;:{&quot;desktop_large&quot;:&quot;25&quot;},&quot;base-line-height&quot;:&quot;global&quot;,&quot;base-letter-spacing&quot;:&quot;0.13&quot;,&quot;letter-spacing&quot;:{&quot;desktop_large&quot;:&quot;0.13&quot;}}\" class=\"section-title  \"><span>S\u00e9curiser, valoriser, transmettre<\/span><\/h2><div data-delay=\"0\" class=\"lead \"><p>Nos comp\u00e9tences et notre dipl\u00f4me d\u2019Accompagnateurs en Montagne nous permettent d\u2019assurer l\u2019entretien des sentiers. \u00c0 cela s\u2019ajoute l\u2019expertise personnelle de chaque membre de l\u2019\u00e9quipe qui enrichit ces nouveaux services. Thibault Bascoul, responsable, a d\u00e9but\u00e9 sa formation par un Bac technologique \u00ab Am\u00e9nagement du Territoire \u00bb, suivi d\u2019un BTS \u201c Gestion et Protection de la Nature \u201d, d\u2019une licence \u201c Gestion des Risques \u201d, et d\u2019un Master 2 en Ing\u00e9nierie S\u00e9curit\u00e9. D\u2019autres membres de l\u2019\u00e9quipe sont cordistes, architectes, pompiers ou agriculteurs. Ces parcours compl\u00e9mentaires nous permettent de proposer des prestations adapt\u00e9es et de grande qualit\u00e9.<\/p>\n<p>\n<\/div><\/header><\/div>[\/vc_column][vc_column width=\u00a0\u00bb1\/2&Prime; css=\u00a0\u00bb.vc_custom_1738934904486{padding-top: 240px !important;padding-right: 240px !important;padding-bottom: 240px !important;padding-left: 240px !important;background-image: url(https:\/\/maison-des-accompagnateurs.fr\/wp-content\/uploads\/2025\/02\/20240704_170648-1-rotated.jpg?id=3975) !important;background-position: center !important;background-repeat: no-repeat !important;background-size: cover !important;}\u00a0\u00bb offset=\u00a0\u00bbvc_col-lg-6 vc_col-md-12 vc_col-sm-12 vc_col-xs-12&Prime;][\/vc_column][\/vc_row][vc_row full_width=\u00a0\u00bbstretch_row_content_no_spaces\u00a0\u00bb equal_height=\u00a0\u00bbyes\u00a0\u00bb content_placement=\u00a0\u00bbmiddle\u00a0\u00bb css=\u00a0\u00bb.vc_custom_1523889741012{margin-top: 0px !important;margin-bottom: 0px !important;}\u00a0\u00bb el_name=\u00a0\u00bbMargin Top and Bottom 0px\u00a0\u00bb][vc_column width=\u00a0\u00bb1\/2&Prime; css=\u00a0\u00bb.vc_custom_1738934930141{padding-top: 240px !important;padding-right: 240px !important;padding-bottom: 240px !important;padding-left: 240px !important;background-image: url(https:\/\/maison-des-accompagnateurs.fr\/wp-content\/uploads\/2025\/02\/20240516_174538.jpg?id=3969) !important;background-position: center !important;background-repeat: no-repeat !important;background-size: cover !important;}\u00a0\u00bb offset=\u00a0\u00bbvc_col-lg-6 vc_col-md-12 vc_col-sm-12 vc_col-xs-12&Prime;][\/vc_column][vc_column width=\u00a0\u00bb1\/2&Prime; css=\u00a0\u00bb.vc_custom_1719651444375{padding-top: 120px !important;padding-right: 120px !important;padding-bottom: 80px !important;padding-left: 120px !important;background-color: #ffffff !important;}\u00a0\u00bb offset=\u00a0\u00bbvc_col-lg-6 vc_col-md-12 vc_col-sm-12 vc_col-xs-12&Prime;]<div class=\"wpb_content_element \"><style type=\"text\/css\">#ut_header_69ebaeaa8c8d9 h2.section-title{ font-family: \"Andika\";font-weight:400;font-style:normal; }#ut_header_69ebaeaa8c8d9 h2.section-title { font-size:25px !important;letter-spacing:0.14em; }@media (min-width: 1025px) and (max-width: 1679px) {#ut_header_69ebaeaa8c8d9 h2.section-title { letter-spacing:0.14em; }}@media (min-width: 768px) and (max-width: 1024px) {#ut_header_69ebaeaa8c8d9 h2.section-title { letter-spacing:0.14em; }}@media (max-width: 767px) {#ut_header_69ebaeaa8c8d9 h2.section-title { letter-spacing:0.14em; }}<\/style><header id=\"ut_header_69ebaeaa8c8d9\" class=\"section-header  ut-no-title-linebreak-mobile ut-no-lead-linebreak-mobile pt-style-7 header-left header-tablet-left header-mobile-center\"><h2 data-title=\"Nos comp\u00e9tences et qualications\"  data-responsive-font=\"section_title\" data-responsive-font-settings=\"{&quot;base-font-size&quot;:&quot;25&quot;,&quot;font-size&quot;:{&quot;desktop_large&quot;:&quot;25&quot;},&quot;base-line-height&quot;:&quot;global&quot;,&quot;base-letter-spacing&quot;:&quot;0.14&quot;,&quot;letter-spacing&quot;:{&quot;desktop_large&quot;:&quot;0.14&quot;}}\" class=\"section-title  \"><span>Nos comp\u00e9tences et qualications<\/span><\/h2><div data-delay=\"0\" class=\"lead \"><p>Nos comp\u00e9tences et notre dipl\u00f4me d\u2019Accompagnateurs en Montagne nous permettent d\u2019assurer l\u2019entretien des sentiers. \u00c0 cela s\u2019ajoute l\u2019expertise personnelle de chaque membre de l\u2019\u00e9quipe qui enrichit ces nouveaux services. Thibault Bascoul, responsable, a d\u00e9but\u00e9 sa formation par un Bac technologique \u00ab Am\u00e9nagement du Territoire \u00bb, suivi d\u2019un BTS \u201c Gestion et Protection de la Nature \u201d, d\u2019une licence \u201c Gestion des Risques \u201d, et d\u2019un Master 2 en Ing\u00e9nierie S\u00e9curit\u00e9. D\u2019autres membres de l\u2019\u00e9quipe sont cordistes, architectes, pompiers ou agriculteurs. Ces parcours compl\u00e9mentaires nous permettent de proposer des prestations adapt\u00e9es et de grande qualit\u00e9.<\/p>\n<p>\n<\/div><\/header><\/div>[\/vc_column][\/vc_row][vc_row][vc_column]<div class=\"wpb_content_element \"><style type=\"text\/css\">#ut_header_69ebaeaa8cdbf h2.section-title{ font-family: \"Andika\";font-weight:400;font-style:normal; }#ut_header_69ebaeaa8cdbf h2.section-title { font-size:25px !important;letter-spacing:0.14em; }@media (min-width: 1025px) and (max-width: 1679px) {#ut_header_69ebaeaa8cdbf h2.section-title { letter-spacing:0.14em; }}@media (min-width: 768px) and (max-width: 1024px) {#ut_header_69ebaeaa8cdbf h2.section-title { letter-spacing:0.14em; }}@media (max-width: 767px) {#ut_header_69ebaeaa8cdbf h2.section-title { letter-spacing:0.14em; }}<\/style><header id=\"ut_header_69ebaeaa8cdbf\" class=\"section-header  ut-no-title-linebreak-mobile ut-no-lead-linebreak-mobile pt-style-7 header-left header-tablet-left header-mobile-center\"><h2 data-title=\"NOS SERVICES en ENTRETIEN ET en R\u00c9NOVATION\"  data-responsive-font=\"section_title\" data-responsive-font-settings=\"{&quot;base-font-size&quot;:&quot;25&quot;,&quot;font-size-unit&quot;:&quot;px&quot;,&quot;font-size&quot;:{&quot;desktop_large&quot;:&quot;25&quot;},&quot;base-line-height&quot;:&quot;global&quot;,&quot;base-letter-spacing&quot;:&quot;0.14&quot;,&quot;letter-spacing&quot;:{&quot;desktop_large&quot;:&quot;0.14&quot;}}\" class=\"section-title  \"><span>NOS SERVICES en ENTRETIEN ET en R\u00c9NOVATION<\/span><\/h2><div data-delay=\"0\" class=\"lead \"><p>La Maison des Accompagnateurs propose la ma\u00eetrise d\u2019\u0153uvre dans ces prestations cl\u00e9s en main :<\/p>\n<p>DIAGNOSTIC DES SENTIERS : Evaluation de l\u2019\u00e9tat des chemins, \u00e9quipements et balisages.<br \/>\nVEILLE DES SENTIERS : Surveillance et localisation des anomalies constat\u00e9es.<br \/>\nTRAVAUX D\u2019ENTRETIEN COURANT : Fauchage, \u00e9lagage, d\u00e9broussaillage, abattage, nettoyage, r\u00e9fection l\u00e9g\u00e8re, gestion des eaux.<br \/>\nCR\u00c9ATION DE SENTIERS : Ouverture de chemins et implantation de nouvelles pistes.<br \/>\nENTRETIEN DES \u00c9QUIPEMENTS : Contr\u00f4le, r\u00e9paration, pose et d\u00e9pose de structures (passages, main courante, passerelles).<br \/>\nSIGNAL\u00c9TIQUE : Nettoyage, contr\u00f4le, remise en \u00e9tat, pose de panneaux p\u00e9dagogiques ou saisonniers.<br \/>\nCOORDINATION DE TRAVAUX SP\u00c9CIFIQUES : Gestion de prestataires ext\u00e9rieurs, h\u00e9licopt\u00e8re ou artisans ferronniers, et contr\u00f4le de l\u2019impact environnemental.<br \/>\nTOPOGUIDES ET CARTOGRAPHIE : Cr\u00e9ation de topoguides, sentiers p\u00e9dagogiques ou parcours d\u2019orientation<\/p>\n<p>UN PARTENAIRE DE CONFIANCE POUR tous VOS PROJETS<\/p>\n<p>N\u2019h\u00e9sitez pas \u00e0 nous contacter, nous \u00e9tudierons vos projets et adapterons nos comp\u00e9tences \u00e0 vos besoins.<\/p>\n<\/div><\/header><\/div>[vc_column_text]T\u00e9l\u00e9charger notre brochure en cliquant sur le logo[\/vc_column_text]<div  class=\"wpb_content_element   clearfix\"><style type=\"text\/css\">#ut_am_69ebaeaa8d59d { opacity: 1; }#ut_am_wrap_69ebaeaa8d59e .ut-image-gallery-item-caption-title h3 { letter-spacing: 0em; }#ut_am_wrap_69ebaeaa8d59e .ut-gallery-slider-caption { font-weight: bold; }#ut_am_wrap_69ebaeaa8d59e { text-align: left; }@media (min-width: 768px) and (max-width: 1024px) { #ut_am_wrap_69ebaeaa8d59e { text-align: left !important; } }@media (max-width: 767px) { #ut_am_wrap_69ebaeaa8d59e { text-align: center !important; } }<\/style><div id=\"ut_am_wrap_69ebaeaa8d59e\" class=\"ut-image-gallery-image \"><div id=\"ut_reveal_69ebaeaa8d59f\"  data-appear-top-offset=\"auto\" class=\"ut-animated-image-item ut-image-gallery-item ut-animation-done \"><a target=\"_self\" href=\"http:\/\/maison-des-accompagnateurs.fr\/wp-content\/uploads\/2025\/02\/Mda-Fascicule-Sentiers-1.pdf\" ><div class=\"ut-animated-image-zoom\"><img loading=\"lazy\" decoding=\"async\" class=\"ut-lazy skip-lazy ut-animated-image \"  id=\"ut_am_69ebaeaa8d59d\" src=\"data:image\/svg+xml;charset=utf-8,%3Csvg xmlns%3D'http%3A%2F%2Fwww.w3.org%2F2000%2Fsvg' viewBox%3D'0 0 325 217'%2F%3E\" data-src=\"https:\/\/maison-des-accompagnateurs.fr\/wp-content\/uploads\/2025\/02\/LOGO-PETIT-MAISON-DES.jpg\" width=\"325\" height=\"217\" alt=\"\"\/><\/div><\/a><\/div><\/div><\/div>[\/vc_column][\/vc_row][\/vc_section]<\/p>\n","protected":false},"excerpt":{"rendered":"<p>[vc_section][vc_row][vc_column][\/vc_column][\/vc_row][\/vc_section][vc_section hide_on_tablet=\u00a0\u00bbtrue\u00a0\u00bb hide_on_mobile=\u00a0\u00bbtrue\u00a0\u00bb][vc_row full_width=\u00a0\u00bbstretch_row_content_no_spaces\u00a0\u00bb equal_height=\u00a0\u00bbyes\u00a0\u00bb content_placement=\u00a0\u00bbmiddle\u00a0\u00bb][vc_column width=\u00a0\u00bb1\/2&Prime; cursor_skin=\u00a0\u00bbglobal\u00a0\u00bb css=\u00a0\u00bb.vc_custom_1738933569090{padding-top: 40px !important;padding-right: 40px !important;padding-bottom: 40px !important;padding-left: 40px !important;background-image: url(https:\/\/maison-des-accompagnateurs.fr\/wp-content\/uploads\/2025\/02\/20240516_17055822.jpg?id=3974) !important;background-position: center !important;background-repeat: no-repeat !important;background-size: cover !important;}\u00a0\u00bb offset=\u00a0\u00bbvc_col-lg-6 vc_col-md-12 vc_col-sm-12 vc_col-xs-12&Prime;][\/vc_column][vc_column width=\u00a0\u00bb1\/2&Prime; css=\u00a0\u00bb.vc_custom_1719649840618{padding-top: 120px !important;padding-right: 120px !important;padding-bottom: 80px !important;padding-left: 120px !important;background-color: rgba(255, 254, 253, 0.09) !important;*background-color: rgba(255,254, 253, 0.09) !important;}\u00a0\u00bb offset=\u00a0\u00bbvc_col-lg-6 vc_col-md-12 vc_col-sm-12 vc_col-xs-12&Prime;][\/vc_column][\/vc_row][vc_row full_width=\u00a0\u00bbstretch_row_content_no_spaces\u00a0\u00bb equal_height=\u00a0\u00bbyes\u00a0\u00bb content_placement=\u00a0\u00bbmiddle\u00a0\u00bb [&hellip;]<\/p>\n","protected":false},"author":1,"featured_media":0,"parent":0,"menu_order":0,"comment_status":"closed","ping_status":"open","template":"","meta":{"footnotes":""},"_links":{"self":[{"href":"https:\/\/maison-des-accompagnateurs.fr\/index.php?rest_route=\/wp\/v2\/pages\/3962"}],"collection":[{"href":"https:\/\/maison-des-accompagnateurs.fr\/index.php?rest_route=\/wp\/v2\/pages"}],"about":[{"href":"https:\/\/maison-des-accompagnateurs.fr\/index.php?rest_route=\/wp\/v2\/types\/page"}],"author":[{"embeddable":true,"href":"https:\/\/maison-des-accompagnateurs.fr\/index.php?rest_route=\/wp\/v2\/users\/1"}],"replies":[{"embeddable":true,"href":"https:\/\/maison-des-accompagnateurs.fr\/index.php?rest_route=%2Fwp%2Fv2%2Fcomments&post=3962"}],"version-history":[{"count":38,"href":"https:\/\/maison-des-accompagnateurs.fr\/index.php?rest_route=\/wp\/v2\/pages\/3962\/revisions"}],"predecessor-version":[{"id":4068,"href":"https:\/\/maison-des-accompagnateurs.fr\/index.php?rest_route=\/wp\/v2\/pages\/3962\/revisions\/4068"}],"wp:attachment":[{"href":"https:\/\/maison-des-accompagnateurs.fr\/index.php?rest_route=%2Fwp%2Fv2%2Fmedia&parent=3962"}],"curies":[{"name":"wp","href":"https:\/\/api.w.org\/{rel}","templated":true}]}}