{"id":4,"date":"2023-02-28T12:39:59","date_gmt":"2023-02-28T11:39:59","guid":{"rendered":"https:\/\/maison-des-accompagnateurs.fr\/?page_id=4"},"modified":"2025-03-17T22:04:17","modified_gmt":"2025-03-17T21:04:17","slug":"sejour-groupe","status":"publish","type":"page","link":"https:\/\/maison-des-accompagnateurs.fr\/?page_id=4","title":{"rendered":"S\u00e9jour groupe"},"content":{"rendered":"<p>[vc_section bklyn_section_anchor_id=\u00a0\u00bbAbout\u00a0\u00bb el_name=\u00a0\u00bbAbout Section\u00a0\u00bb][vc_row][vc_column]<div class=\"wpb_content_element \"><style type=\"text\/css\">#ut_header_69ebac2bf2e66 h1.page-title { font-size:30px !important; }<\/style><header id=\"ut_header_69ebac2bf2e66\" class=\"page-header page-title-module  ut-no-title-linebreak-mobile ut-no-lead-linebreak-mobile pt-style-2 header-center header-tablet-center header-mobile-center\"><h1 data-title=\"S\u00e9jour groupe\"  data-responsive-font=\"page_title\" data-responsive-font-settings=\"{&quot;base-font-size&quot;:&quot;global&quot;,&quot;font-size&quot;:{&quot;desktop_large&quot;:&quot;30&quot;},&quot;base-line-height&quot;:&quot;global&quot;,&quot;base-letter-spacing&quot;:&quot;global&quot;}\" class=\"page-title  \"><span>S\u00e9jour groupe<\/span><\/h1><\/header><\/div>[vc_column_text]Nous vous proposons de choisir parmi une s\u00e9lection de journ\u00e9es pr\u00e9sentant chacune des int\u00e9r\u00eats diff\u00e9rents en mati\u00e8re de paysage, points de vue, visite de villages class\u00e9s, patrimoine, terroir, gastronomie, histoire locale, faune, flore\u2026<br \/>\nL\u2019objectif du s\u00e9jour vise \u00e0 vous faire d\u00e9couvrir notre r\u00e9gion, la richesse de sa nature, de son agriculture, de son terroir et de son histoire.<br \/>\nLa prestation d\u2019accompagnement par un guide professionnel pr\u00e9sente de nombreux avantages\u00a0:<br \/>\nLe responsable de la Maison des Accompagnateurs vous contactera pour affiner le programme par rapport \u00e0 vos attentes.<br \/>\nLe guide assure la s\u00e9curit\u00e9 du groupe et adapte le format des randonn\u00e9es (difficult\u00e9 technique, d\u00e9nivel\u00e9 et longueur) en fonction des diff\u00e9rents membres du groupe constitu\u00e9.<br \/>\nAu cours des randonn\u00e9es, le guide partage avec vous ses connaissances sur la faune, la flore, le patrimoine b\u00e2ti, les traditions\u2026 il vous fait d\u00e9couvrir les incontournables de notre r\u00e9gion\u00a0!<br \/>\nEn cas de m\u00e9t\u00e9o capricieuse, il saura proposer une alternative au programme initial.<br \/>\nVous pouvez r\u00e9server directement \u00e0 la Maison des Accompagnateurs ou passer par l\u2019un de nos h\u00e9bergeurs partenaires.[\/vc_column_text][\/vc_column][\/vc_row][vc_row][vc_column width=\u00a0\u00bb1\/3&Prime;]<style type=\"text\/css\">#ut_fancy_image_69ebac2c00a83 .ut-fancy-image figcaption h3 { color: #ffffff; }<\/style><div id=\"ut_fancy_image_69ebac2c00a83\" class=\"ut-fancy-image-wrap \"><a target=\"_self\" href=\"https:\/\/maison-des-accompagnateurs.fr\/?page_id=4346\" ><figure class=\"ut-fancy-image\">\r\n        <img loading=\"lazy\" decoding=\"async\" data-adaptive-images=\"{&quot;300&quot;:&quot;https:\\\/\\\/maison-des-accompagnateurs.fr\\\/wp-content\\\/uploads\\\/2025\\\/03\\\/IMG-20230829-WA0000-1-300x300.jpg&quot;,&quot;500&quot;:&quot;https:\\\/\\\/maison-des-accompagnateurs.fr\\\/wp-content\\\/uploads\\\/2025\\\/03\\\/IMG-20230829-WA0000-1-500x500.jpg&quot;,&quot;750&quot;:&quot;https:\\\/\\\/maison-des-accompagnateurs.fr\\\/wp-content\\\/uploads\\\/2025\\\/03\\\/IMG-20230829-WA0000-1-750x750.jpg&quot;,&quot;1000&quot;:&quot;https:\\\/\\\/maison-des-accompagnateurs.fr\\\/wp-content\\\/uploads\\\/2025\\\/03\\\/IMG-20230829-WA0000-1-1000x1000.jpg&quot;,&quot;1500&quot;:&quot;https:\\\/\\\/maison-des-accompagnateurs.fr\\\/wp-content\\\/uploads\\\/2025\\\/03\\\/IMG-20230829-WA0000-1-1500x1500.jpg&quot;,&quot;2500&quot;:&quot;https:\\\/\\\/maison-des-accompagnateurs.fr\\\/wp-content\\\/uploads\\\/2025\\\/03\\\/IMG-20230829-WA0000-1-2500x2500.jpg&quot;}\" src=\"data:image\/svg+xml;charset=utf-8,%3Csvg xmlns%3D'http%3A%2F%2Fwww.w3.org%2F2000%2Fsvg' viewBox%3D'0 0 1500 1500'%2F%3E\" width=\"1500\" height=\"1500\" data-src=\"https:\/\/maison-des-accompagnateurs.fr\/wp-content\/uploads\/2025\/03\/IMG-20230829-WA0000-1-1500x1500.jpg\" data-image-id=\"4446\" class=\"ut-adaptive-image wp-post-image skip-lazy \">\r\n\r\n        <figcaption><h3>Destination Aubrac<\/h3><\/figcaption><\/figure><\/a><\/div>[\/vc_column][vc_column width=\u00a0\u00bb1\/3&Prime;]<style type=\"text\/css\">#ut_fancy_image_69ebac2c0841f .ut-fancy-image figcaption h3 { color: #ffffff; }<\/style><div id=\"ut_fancy_image_69ebac2c0841f\" class=\"ut-fancy-image-wrap \"><a target=\"_self\" href=\"https:\/\/maison-des-accompagnateurs.fr\/?page_id=4374\" ><figure class=\"ut-fancy-image\">\r\n        <img loading=\"lazy\" decoding=\"async\" data-adaptive-images=\"{&quot;300&quot;:&quot;https:\\\/\\\/maison-des-accompagnateurs.fr\\\/wp-content\\\/uploads\\\/2025\\\/03\\\/causse-j-1-1-300x300.jpg&quot;,&quot;500&quot;:&quot;https:\\\/\\\/maison-des-accompagnateurs.fr\\\/wp-content\\\/uploads\\\/2025\\\/03\\\/causse-j-1-1-500x500.jpg&quot;,&quot;750&quot;:&quot;https:\\\/\\\/maison-des-accompagnateurs.fr\\\/wp-content\\\/uploads\\\/2025\\\/03\\\/causse-j-1-1-750x750.jpg&quot;,&quot;1000&quot;:&quot;https:\\\/\\\/maison-des-accompagnateurs.fr\\\/wp-content\\\/uploads\\\/2025\\\/03\\\/causse-j-1-1-1000x1000.jpg&quot;,&quot;1500&quot;:&quot;https:\\\/\\\/maison-des-accompagnateurs.fr\\\/wp-content\\\/uploads\\\/2025\\\/03\\\/causse-j-1-1-1500x1500.jpg&quot;,&quot;2500&quot;:&quot;https:\\\/\\\/maison-des-accompagnateurs.fr\\\/wp-content\\\/uploads\\\/2025\\\/03\\\/causse-j-1-1-2500x2500.jpg&quot;}\" src=\"data:image\/svg+xml;charset=utf-8,%3Csvg xmlns%3D'http%3A%2F%2Fwww.w3.org%2F2000%2Fsvg' viewBox%3D'0 0 1500 1500'%2F%3E\" width=\"1500\" height=\"1500\" data-src=\"https:\/\/maison-des-accompagnateurs.fr\/wp-content\/uploads\/2025\/03\/causse-j-1-1-1500x1500.jpg\" data-image-id=\"4445\" class=\"ut-adaptive-image wp-post-image skip-lazy \">\r\n\r\n        <figcaption><h3>Grands Causses<\/h3><\/figcaption><\/figure><\/a><\/div>[\/vc_column][vc_column width=\u00a0\u00bb1\/3&Prime;]<style type=\"text\/css\">#ut_fancy_image_69ebac2c0fcb6 .ut-fancy-image figcaption h3 { color: #ffffff; }<\/style><div id=\"ut_fancy_image_69ebac2c0fcb6\" class=\"ut-fancy-image-wrap \"><a target=\"_self\" href=\"https:\/\/maison-des-accompagnateurs.fr\/?page_id=4386\" ><figure class=\"ut-fancy-image\">\r\n        <img loading=\"lazy\" decoding=\"async\" data-adaptive-images=\"{&quot;300&quot;:&quot;https:\\\/\\\/maison-des-accompagnateurs.fr\\\/wp-content\\\/uploads\\\/2025\\\/03\\\/cevennes-1-300x300.jpg&quot;,&quot;500&quot;:&quot;https:\\\/\\\/maison-des-accompagnateurs.fr\\\/wp-content\\\/uploads\\\/2025\\\/03\\\/cevennes-1-500x500.jpg&quot;,&quot;750&quot;:&quot;https:\\\/\\\/maison-des-accompagnateurs.fr\\\/wp-content\\\/uploads\\\/2025\\\/03\\\/cevennes-1-750x750.jpg&quot;,&quot;1000&quot;:&quot;https:\\\/\\\/maison-des-accompagnateurs.fr\\\/wp-content\\\/uploads\\\/2025\\\/03\\\/cevennes-1-1000x1000.jpg&quot;,&quot;1500&quot;:&quot;https:\\\/\\\/maison-des-accompagnateurs.fr\\\/wp-content\\\/uploads\\\/2025\\\/03\\\/cevennes-1-1500x1500.jpg&quot;,&quot;2500&quot;:&quot;https:\\\/\\\/maison-des-accompagnateurs.fr\\\/wp-content\\\/uploads\\\/2025\\\/03\\\/cevennes-1-2500x2500.jpg&quot;}\" src=\"data:image\/svg+xml;charset=utf-8,%3Csvg xmlns%3D'http%3A%2F%2Fwww.w3.org%2F2000%2Fsvg' viewBox%3D'0 0 1500 1500'%2F%3E\" width=\"1500\" height=\"1500\" data-src=\"https:\/\/maison-des-accompagnateurs.fr\/wp-content\/uploads\/2025\/03\/cevennes-1-1500x1500.jpg\" data-image-id=\"4449\" class=\"ut-adaptive-image wp-post-image skip-lazy \">\r\n\r\n        <figcaption><h3>Destination c\u00e9vennes<\/h3><\/figcaption><\/figure><\/a><\/div>[\/vc_column][\/vc_row][vc_row][vc_column width=\u00a0\u00bb1\/2&Prime;]<style type=\"text\/css\">#ut_fancy_image_69ebac2c170c5 .ut-fancy-image figcaption h3 { color: #ffffff; }<\/style><div id=\"ut_fancy_image_69ebac2c170c5\" class=\"ut-fancy-image-wrap \"><a target=\"_self\" href=\"https:\/\/maison-des-accompagnateurs.fr\/?page_id=3834\" ><figure class=\"ut-fancy-image\">\r\n        <img loading=\"lazy\" decoding=\"async\" data-adaptive-images=\"{&quot;300&quot;:&quot;https:\\\/\\\/maison-des-accompagnateurs.fr\\\/wp-content\\\/uploads\\\/2025\\\/03\\\/marcillac-2-300x300.jpg&quot;,&quot;500&quot;:&quot;https:\\\/\\\/maison-des-accompagnateurs.fr\\\/wp-content\\\/uploads\\\/2025\\\/03\\\/marcillac-2-500x500.jpg&quot;,&quot;750&quot;:&quot;https:\\\/\\\/maison-des-accompagnateurs.fr\\\/wp-content\\\/uploads\\\/2025\\\/03\\\/marcillac-2-750x750.jpg&quot;,&quot;1000&quot;:&quot;https:\\\/\\\/maison-des-accompagnateurs.fr\\\/wp-content\\\/uploads\\\/2025\\\/03\\\/marcillac-2-1000x1000.jpg&quot;,&quot;1500&quot;:&quot;https:\\\/\\\/maison-des-accompagnateurs.fr\\\/wp-content\\\/uploads\\\/2025\\\/03\\\/marcillac-2-1500x1500.jpg&quot;,&quot;2500&quot;:&quot;https:\\\/\\\/maison-des-accompagnateurs.fr\\\/wp-content\\\/uploads\\\/2025\\\/03\\\/marcillac-2-2500x2500.jpg&quot;}\" src=\"data:image\/svg+xml;charset=utf-8,%3Csvg xmlns%3D'http%3A%2F%2Fwww.w3.org%2F2000%2Fsvg' viewBox%3D'0 0 1500 1500'%2F%3E\" width=\"1500\" height=\"1500\" data-src=\"https:\/\/maison-des-accompagnateurs.fr\/wp-content\/uploads\/2025\/03\/marcillac-2-1500x1500.jpg\" data-image-id=\"4443\" class=\"ut-adaptive-image wp-post-image skip-lazy \">\r\n\r\n        <figcaption><h3>Destination Marcillac<\/h3><\/figcaption><\/figure><\/a><\/div>[\/vc_column][vc_column width=\u00a0\u00bb1\/2&Prime;]<style type=\"text\/css\">#ut_fancy_image_69ebac2c1e81d .ut-fancy-image figcaption h3 { color: #ffffff; }<\/style><div id=\"ut_fancy_image_69ebac2c1e81d\" class=\"ut-fancy-image-wrap \"><a target=\"_blank\" href=\"#\" ><figure class=\"ut-fancy-image\">\r\n        <img loading=\"lazy\" decoding=\"async\" data-adaptive-images=\"{&quot;300&quot;:&quot;https:\\\/\\\/maison-des-accompagnateurs.fr\\\/wp-content\\\/uploads\\\/2025\\\/03\\\/caroux-2-300x300.jpg&quot;,&quot;500&quot;:&quot;https:\\\/\\\/maison-des-accompagnateurs.fr\\\/wp-content\\\/uploads\\\/2025\\\/03\\\/caroux-2-500x500.jpg&quot;,&quot;750&quot;:&quot;https:\\\/\\\/maison-des-accompagnateurs.fr\\\/wp-content\\\/uploads\\\/2025\\\/03\\\/caroux-2-750x750.jpg&quot;,&quot;1000&quot;:&quot;https:\\\/\\\/maison-des-accompagnateurs.fr\\\/wp-content\\\/uploads\\\/2025\\\/03\\\/caroux-2-1000x1000.jpg&quot;,&quot;1500&quot;:&quot;https:\\\/\\\/maison-des-accompagnateurs.fr\\\/wp-content\\\/uploads\\\/2025\\\/03\\\/caroux-2-1500x1500.jpg&quot;,&quot;2500&quot;:&quot;https:\\\/\\\/maison-des-accompagnateurs.fr\\\/wp-content\\\/uploads\\\/2025\\\/03\\\/caroux-2-2500x2500.jpg&quot;}\" src=\"data:image\/svg+xml;charset=utf-8,%3Csvg xmlns%3D'http%3A%2F%2Fwww.w3.org%2F2000%2Fsvg' viewBox%3D'0 0 1500 1500'%2F%3E\" width=\"1500\" height=\"1500\" data-src=\"https:\/\/maison-des-accompagnateurs.fr\/wp-content\/uploads\/2025\/03\/caroux-2-1500x1500.jpg\" data-image-id=\"4444\" class=\"ut-adaptive-image wp-post-image skip-lazy \">\r\n\r\n        <figcaption><h3>Destination Carroux<\/h3><\/figcaption><\/figure><\/a><\/div>[\/vc_column][\/vc_row][vc_row][vc_column width=\u00a0\u00bb1\/3&Prime;][\/vc_column][vc_column width=\u00a0\u00bb1\/3&Prime;][vc_column_text]Cliquer sur le logo pour t\u00e9l\u00e9charger la brochure[\/vc_column_text]<div  class=\"wpb_content_element   clearfix\"><style type=\"text\/css\">#ut_am_69ebac2c262e0 { opacity: 1; }#ut_am_wrap_69ebac2c262e1 .ut-image-gallery-item-caption-title h3 { letter-spacing: 0em; }#ut_am_wrap_69ebac2c262e1 .ut-gallery-slider-caption { font-weight: bold; }#ut_am_wrap_69ebac2c262e1 { text-align: left; }@media (min-width: 768px) and (max-width: 1024px) { #ut_am_wrap_69ebac2c262e1 { text-align: left !important; } }@media (max-width: 767px) { #ut_am_wrap_69ebac2c262e1 { text-align: center !important; } }<\/style><div id=\"ut_am_wrap_69ebac2c262e1\" class=\"ut-image-gallery-image \"><div id=\"ut_reveal_69ebac2c262e2\"  data-appear-top-offset=\"auto\" class=\"ut-animated-image-item ut-image-gallery-item ut-animation-done \"><a target=\" _blank\" href=\"http:\/\/maison-des-accompagnateurs.fr\/wp-content\/uploads\/2025\/03\/MdA-Plaquette-9.pdf\" ><div class=\"ut-animated-image-zoom\"><img loading=\"lazy\" decoding=\"async\" class=\"ut-lazy skip-lazy ut-animated-image \"  id=\"ut_am_69ebac2c262e0\" src=\"data:image\/svg+xml;charset=utf-8,%3Csvg xmlns%3D'http%3A%2F%2Fwww.w3.org%2F2000%2Fsvg' viewBox%3D'0 0 325 217'%2F%3E\" data-src=\"https:\/\/maison-des-accompagnateurs.fr\/wp-content\/uploads\/2025\/02\/LOGO-PETIT-MAISON-DES.jpg\" width=\"325\" height=\"217\" alt=\"\"\/><\/div><\/a><\/div><\/div><\/div>[\/vc_column][\/vc_row][\/vc_section]<\/p>\n","protected":false},"excerpt":{"rendered":"<p>[vc_section bklyn_section_anchor_id=\u00a0\u00bbAbout\u00a0\u00bb el_name=\u00a0\u00bbAbout Section\u00a0\u00bb][vc_row][vc_column][vc_column_text]Nous vous proposons de choisir parmi une s\u00e9lection de journ\u00e9es pr\u00e9sentant chacune des int\u00e9r\u00eats diff\u00e9rents en mati\u00e8re de paysage, points de vue, visite de villages class\u00e9s, patrimoine, terroir, gastronomie, histoire locale, faune, flore\u2026 L\u2019objectif du s\u00e9jour vise \u00e0 vous faire d\u00e9couvrir notre r\u00e9gion, la richesse de sa nature, de son agriculture, de [&hellip;]<\/p>\n","protected":false},"author":1,"featured_media":0,"parent":0,"menu_order":0,"comment_status":"closed","ping_status":"closed","template":"","meta":{"footnotes":""},"_links":{"self":[{"href":"https:\/\/maison-des-accompagnateurs.fr\/index.php?rest_route=\/wp\/v2\/pages\/4"}],"collection":[{"href":"https:\/\/maison-des-accompagnateurs.fr\/index.php?rest_route=\/wp\/v2\/pages"}],"about":[{"href":"https:\/\/maison-des-accompagnateurs.fr\/index.php?rest_route=\/wp\/v2\/types\/page"}],"author":[{"embeddable":true,"href":"https:\/\/maison-des-accompagnateurs.fr\/index.php?rest_route=\/wp\/v2\/users\/1"}],"replies":[{"embeddable":true,"href":"https:\/\/maison-des-accompagnateurs.fr\/index.php?rest_route=%2Fwp%2Fv2%2Fcomments&post=4"}],"version-history":[{"count":32,"href":"https:\/\/maison-des-accompagnateurs.fr\/index.php?rest_route=\/wp\/v2\/pages\/4\/revisions"}],"predecessor-version":[{"id":4692,"href":"https:\/\/maison-des-accompagnateurs.fr\/index.php?rest_route=\/wp\/v2\/pages\/4\/revisions\/4692"}],"wp:attachment":[{"href":"https:\/\/maison-des-accompagnateurs.fr\/index.php?rest_route=%2Fwp%2Fv2%2Fmedia&parent=4"}],"curies":[{"name":"wp","href":"https:\/\/api.w.org\/{rel}","templated":true}]}}