{"id":4141,"date":"2025-02-11T20:58:15","date_gmt":"2025-02-11T19:58:15","guid":{"rendered":"https:\/\/maison-des-accompagnateurs.fr\/?page_id=4141"},"modified":"2025-03-16T23:04:13","modified_gmt":"2025-03-16T22:04:13","slug":"seminaires","status":"publish","type":"page","link":"https:\/\/maison-des-accompagnateurs.fr\/?page_id=4141","title":{"rendered":"S\u00e9minaires"},"content":{"rendered":"<p>[vc_section][vc_row][vc_column]<div class=\"wpb_content_element \"><style type=\"text\/css\">#ut_header_6a045a345c5aa h1.page-title { font-size:30px !important; }<\/style><header id=\"ut_header_6a045a345c5aa\" class=\"page-header page-title-module  ut-no-title-linebreak-mobile ut-no-lead-linebreak-mobile pt-style-2 header-center header-tablet-center header-mobile-center\"><h1 data-title=\"S\u00e9minaires\"  data-responsive-font=\"page_title\" data-responsive-font-settings=\"{&quot;base-font-size&quot;:&quot;global&quot;,&quot;font-size&quot;:{&quot;desktop_large&quot;:&quot;30&quot;},&quot;base-line-height&quot;:&quot;global&quot;,&quot;base-letter-spacing&quot;:&quot;global&quot;}\" class=\"page-title  \"><span>S\u00e9minaires<\/span><\/h1><div data-delay=\"0\" class=\"lead \"><p>Des prestations sur-mesure pour vos s\u00e9minaires, CE, sorties scolaires ou sorties privatives<\/p>\n<\/div><\/header><\/div><div id=\"ut_oms_6a045a345e6c0\" class=\"wpb_content_element \"><style type=\"text\/css\"><\/style><div class=\"ut-owl-gallery-slider-wrap ut-owl-gallery-slider-style-two\"><div id=\"ut_ms_6a045a345e6bf\" class=\"ut-owl-gallery-slider owl-carousel owl-theme  ut-owl-carousel\" data-settings=\"{&quot;items&quot;:1,&quot;lazyLoad&quot;:true,&quot;smartSpeed&quot;:600,&quot;animateIn&quot;:false,&quot;animateOut&quot;:false,&quot;autoplay&quot;:false,&quot;autoplayHoverPause&quot;:true,&quot;autoplayTimeout&quot;:5000,&quot;loop&quot;:true,&quot;nav&quot;:false,&quot;dots&quot;:false,&quot;responsiveClass&quot;:true,&quot;responsive&quot;:{&quot;0&quot;:{&quot;items&quot;:1},&quot;768&quot;:{&quot;items&quot;:1},&quot;1025&quot;:{&quot;items&quot;:1}},&quot;lightbox&quot;:&quot;no&quot;}\"><div><figure class=\"ut-gallery-slider-caption-wrap\"><img class=\"item owl-lazy\"  data-src=\"https:\/\/maison-des-accompagnateurs.fr\/wp-content\/uploads\/2025\/02\/NBrightThumb-1-325x217.jpg\" \/><\/figure><\/div><div><figure class=\"ut-gallery-slider-caption-wrap\"><img class=\"item owl-lazy\"  data-src=\"https:\/\/maison-des-accompagnateurs.fr\/wp-content\/uploads\/2025\/02\/220222090841FdcfQj3E-325x217.jpg\" \/><\/figure><\/div><div><figure class=\"ut-gallery-slider-caption-wrap\"><img class=\"item owl-lazy\"  data-src=\"https:\/\/maison-des-accompagnateurs.fr\/wp-content\/uploads\/2025\/02\/20240616_133708-325x217.jpg\" \/><\/figure><\/div><div><figure class=\"ut-gallery-slider-caption-wrap\"><img class=\"item owl-lazy\"  data-src=\"https:\/\/maison-des-accompagnateurs.fr\/wp-content\/uploads\/2025\/02\/005A9239-copie-325x217.jpg\" \/><\/figure><\/div><div><figure data-caption=\"DCIMPANORAMA100_0438PAN\" class=\"ut-gallery-slider-caption-wrap\"><img alt=\"DCIMPANORAMA100_0438PAN\" class=\"item owl-lazy\" data-src=\"https:\/\/maison-des-accompagnateurs.fr\/wp-content\/uploads\/2025\/02\/causse-j-3-325x217.jpg\" \/><\/figure><div id=\"ut-image-caption-4169\" class=\"ut-vc-images-lightbox-caption\">DCIMPANORAMA100_0438PAN<\/div><\/div><div><figure class=\"ut-gallery-slider-caption-wrap\"><img class=\"item owl-lazy\"  data-src=\"https:\/\/maison-des-accompagnateurs.fr\/wp-content\/uploads\/2025\/02\/220222090839HKLWANTt-325x217.jpg\" \/><\/figure><\/div><\/div><a href=\"#\" data-for=\"ut_ms_6a045a345e6bf\" class=\"ut-prev-gallery-slide \"><i class=\"Bklyn-Core-Left-2\"><\/i><\/a><a href=\"#\" data-for=\"ut_ms_6a045a345e6bf\" class=\"ut-next-gallery-slide \"><i class=\"Bklyn-Core-Right-2\"><\/i><\/a><\/div><\/div>[\/vc_column][\/vc_row][vc_row][vc_column width=\u00a0\u00bb1\/2&Prime;][vc_column_text]S\u00e9minaires<br \/>\nQue vous soyez un comit\u00e9 d\u2019entreprise, un groupe scolaire, un s\u00e9minaire, une association, une bande de copains, une grande famille, ou m\u00eame un individuel, peu importe la taille de votre groupe, les formules engagements sont l\u00e0 pour vous.<br \/>\nSorties classiques, s\u00e9jours, itin\u00e9rances, courses d\u2019orientation, contactez-nous pour une proposition personnalis\u00e9e\u2026 Tout est possible ![\/vc_column_text][\/vc_column][vc_column width=\u00a0\u00bb1\/2&Prime;][vc_column_text]Course d\u2019orientation et quizz<br \/>\nRandonn\u00e9e nocturne avec repas en auberge<br \/>\nRandonn\u00e9e journ\u00e9e, demi-journ\u00e9e, nocturne<br \/>\nRandonn\u00e9e bivouac<br \/>\nRando trottinettes \u00e9lectriques<br \/>\nRando cano\u00eb<br \/>\nRando parapente<br \/>\nVTT \u00c9lectrique<br \/>\nRando viaduc (visite du viaduc de millau)<br \/>\nVino-rando (d\u00e9gustation en cave)[\/vc_column_text][\/vc_column][\/vc_row][\/vc_section]<\/p>\n","protected":false},"excerpt":{"rendered":"<p>[vc_section][vc_row][vc_column][\/vc_column][\/vc_row][vc_row][vc_column width=\u00a0\u00bb1\/2&Prime;][vc_column_text]S\u00e9minaires Que vous soyez un comit\u00e9 d\u2019entreprise, un groupe scolaire, un s\u00e9minaire, une association, une bande de copains, une grande famille, ou m\u00eame un individuel, peu importe la taille de votre groupe, les formules engagements sont l\u00e0 pour vous. Sorties classiques, s\u00e9jours, itin\u00e9rances, courses d\u2019orientation, contactez-nous pour une proposition personnalis\u00e9e\u2026 Tout est possible ![\/vc_column_text][\/vc_column][vc_column [&hellip;]<\/p>\n","protected":false},"author":1,"featured_media":0,"parent":0,"menu_order":0,"comment_status":"closed","ping_status":"open","template":"","meta":{"footnotes":""},"_links":{"self":[{"href":"https:\/\/maison-des-accompagnateurs.fr\/index.php?rest_route=\/wp\/v2\/pages\/4141"}],"collection":[{"href":"https:\/\/maison-des-accompagnateurs.fr\/index.php?rest_route=\/wp\/v2\/pages"}],"about":[{"href":"https:\/\/maison-des-accompagnateurs.fr\/index.php?rest_route=\/wp\/v2\/types\/page"}],"author":[{"embeddable":true,"href":"https:\/\/maison-des-accompagnateurs.fr\/index.php?rest_route=\/wp\/v2\/users\/1"}],"replies":[{"embeddable":true,"href":"https:\/\/maison-des-accompagnateurs.fr\/index.php?rest_route=%2Fwp%2Fv2%2Fcomments&post=4141"}],"version-history":[{"count":13,"href":"https:\/\/maison-des-accompagnateurs.fr\/index.php?rest_route=\/wp\/v2\/pages\/4141\/revisions"}],"predecessor-version":[{"id":4550,"href":"https:\/\/maison-des-accompagnateurs.fr\/index.php?rest_route=\/wp\/v2\/pages\/4141\/revisions\/4550"}],"wp:attachment":[{"href":"https:\/\/maison-des-accompagnateurs.fr\/index.php?rest_route=%2Fwp%2Fv2%2Fmedia&parent=4141"}],"curies":[{"name":"wp","href":"https:\/\/api.w.org\/{rel}","templated":true}]}}