{"id":4209,"date":"2025-02-12T13:30:41","date_gmt":"2025-02-12T12:30:41","guid":{"rendered":"https:\/\/maison-des-accompagnateurs.fr\/?page_id=4209"},"modified":"2025-03-17T22:43:11","modified_gmt":"2025-03-17T21:43:11","slug":"laventure-dans-les-gorges-du-tarn-copy","status":"publish","type":"page","link":"https:\/\/maison-des-accompagnateurs.fr\/?page_id=4209","title":{"rendered":"Aubrac"},"content":{"rendered":"<p>[vc_section][vc_row][vc_column]<div class=\"wpb_content_element \"><style type=\"text\/css\">#ut_header_6a045acac417f h1.page-title{ font-family: \"Andika\";font-weight:400;font-style:normal; }#ut_header_6a045acac417f h1.page-title { font-size:30px !important; }<\/style><header id=\"ut_header_6a045acac417f\" class=\"page-header page-title-module  ut-no-title-linebreak-mobile ut-no-lead-linebreak-mobile pt-style-2 header-center header-tablet-center header-mobile-center\"><h1 data-title=\"Aubrac\"  data-responsive-font=\"page_title\" data-responsive-font-settings=\"{&quot;base-font-size&quot;:&quot;global&quot;,&quot;font-size&quot;:{&quot;desktop_large&quot;:&quot;30&quot;},&quot;base-line-height&quot;:&quot;global&quot;,&quot;base-letter-spacing&quot;:&quot;global&quot;}\" class=\"page-title  \"><span>Aubrac<\/span><\/h1><div data-delay=\"0\" class=\"lead \"><p>L&rsquo;\u00e9toile de l&rsquo;Aubrac<\/p>\n<\/div><\/header><\/div>[\/vc_column][\/vc_row][vc_row][vc_column]<div id=\"ut_oms_6a045acac6040\" class=\"wpb_content_element \"><style type=\"text\/css\"> #ut_oms_6a045acac6040 .ut-gallery-slider-caption-wrap::before { content: \"\"; }<\/style><div class=\"ut-owl-gallery-slider-wrap ut-owl-gallery-slider-style-two\"><div id=\"ut_ms_6a045acac603f\" class=\"ut-owl-gallery-slider owl-carousel owl-theme \" data-settings=\"{&quot;items&quot;:&quot;1&quot;,&quot;lazyLoad&quot;:true,&quot;smartSpeed&quot;:600,&quot;animateIn&quot;:false,&quot;animateOut&quot;:false,&quot;autoplay&quot;:true,&quot;autoplayHoverPause&quot;:true,&quot;autoplayTimeout&quot;:&quot;3&quot;,&quot;loop&quot;:true,&quot;nav&quot;:false,&quot;dots&quot;:false,&quot;lightbox&quot;:&quot;yes&quot;}\"><div><figure class=\"ut-gallery-slider-caption-wrap\"><a data-title=\"IMG-20230911-WA0002\" data-caption=\"\" data-caption-color=\"\" data-caption-background=\"\" data-trigger-id=\"ut-lightbox-trigger-4218\" data-exthumbimage=\"https:\/\/maison-des-accompagnateurs.fr\/wp-content\/uploads\/2025\/02\/IMG-20230911-WA0002-200x200.jpg\" href=\"https:\/\/maison-des-accompagnateurs.fr\/wp-content\/uploads\/2025\/02\/IMG-20230911-WA0002.jpg\" class=\"for-lightbox ut-slider-maximize\"><i class=\"Bklyn-Core-Maximize-3\"><\/i><\/a><img class=\"item owl-lazy\"  data-src=\"https:\/\/maison-des-accompagnateurs.fr\/wp-content\/uploads\/2025\/02\/IMG-20230911-WA0002-650x433.jpg\" \/><\/figure><\/div><div><figure class=\"ut-gallery-slider-caption-wrap\"><a data-title=\"IMG-20230829-WA0082\" data-caption=\"\" data-caption-color=\"\" data-caption-background=\"\" data-trigger-id=\"ut-lightbox-trigger-4219\" data-exthumbimage=\"https:\/\/maison-des-accompagnateurs.fr\/wp-content\/uploads\/2025\/02\/IMG-20230829-WA0082-200x200.jpg\" href=\"https:\/\/maison-des-accompagnateurs.fr\/wp-content\/uploads\/2025\/02\/IMG-20230829-WA0082.jpg\" class=\"for-lightbox ut-slider-maximize\"><i class=\"Bklyn-Core-Maximize-3\"><\/i><\/a><img class=\"item owl-lazy\"  data-src=\"https:\/\/maison-des-accompagnateurs.fr\/wp-content\/uploads\/2025\/02\/IMG-20230829-WA0082-650x433.jpg\" \/><\/figure><\/div><div><figure class=\"ut-gallery-slider-caption-wrap\"><a data-title=\"IMG-20230829-WA0013\" data-caption=\"\" data-caption-color=\"\" data-caption-background=\"\" data-trigger-id=\"ut-lightbox-trigger-4220\" data-exthumbimage=\"https:\/\/maison-des-accompagnateurs.fr\/wp-content\/uploads\/2025\/02\/IMG-20230829-WA0013-200x200.jpg\" href=\"https:\/\/maison-des-accompagnateurs.fr\/wp-content\/uploads\/2025\/02\/IMG-20230829-WA0013.jpg\" class=\"for-lightbox ut-slider-maximize\"><i class=\"Bklyn-Core-Maximize-3\"><\/i><\/a><img class=\"item owl-lazy\"  data-src=\"https:\/\/maison-des-accompagnateurs.fr\/wp-content\/uploads\/2025\/02\/IMG-20230829-WA0013-650x433.jpg\" \/><\/figure><\/div><div><figure class=\"ut-gallery-slider-caption-wrap\"><a data-title=\"IMG-20230829-WA0011\" data-caption=\"\" data-caption-color=\"\" data-caption-background=\"\" data-trigger-id=\"ut-lightbox-trigger-4221\" data-exthumbimage=\"https:\/\/maison-des-accompagnateurs.fr\/wp-content\/uploads\/2025\/02\/IMG-20230829-WA0011-200x200.jpg\" href=\"https:\/\/maison-des-accompagnateurs.fr\/wp-content\/uploads\/2025\/02\/IMG-20230829-WA0011.jpg\" class=\"for-lightbox ut-slider-maximize\"><i class=\"Bklyn-Core-Maximize-3\"><\/i><\/a><img class=\"item owl-lazy\"  data-src=\"https:\/\/maison-des-accompagnateurs.fr\/wp-content\/uploads\/2025\/02\/IMG-20230829-WA0011-650x433.jpg\" \/><\/figure><\/div><div><figure data-caption=\"OLYMPUS DIGITAL CAMERA\" class=\"ut-gallery-slider-caption-wrap\"><a data-title=\"OLYMPUS DIGITAL CAMERA\" data-caption=\"OLYMPUS DIGITAL CAMERA\" data-caption-color=\"\" data-caption-background=\"\" data-sub-html=\"#ut-image-caption-4215\" data-exthumbimage=\"https:\/\/maison-des-accompagnateurs.fr\/wp-content\/uploads\/2025\/02\/infos-pratiques-200x200.jpg\" href=\"https:\/\/maison-des-accompagnateurs.fr\/wp-content\/uploads\/2025\/02\/infos-pratiques.jpg\" class=\"for-lightbox ut-slider-maximize\"><i class=\"Bklyn-Core-Maximize-3\"><\/i><\/a><img alt=\"OLYMPUS DIGITAL CAMERA\" class=\"item owl-lazy\" data-src=\"https:\/\/maison-des-accompagnateurs.fr\/wp-content\/uploads\/2025\/02\/infos-pratiques-650x433.jpg\" \/><\/figure><div id=\"ut-image-caption-4215\" class=\"ut-vc-images-lightbox-caption\">OLYMPUS DIGITAL CAMERA<\/div><\/div><div><figure class=\"ut-gallery-slider-caption-wrap\"><a data-title=\"aubrac j 6\" data-caption=\"\" data-caption-color=\"\" data-caption-background=\"\" data-trigger-id=\"ut-lightbox-trigger-4216\" data-exthumbimage=\"https:\/\/maison-des-accompagnateurs.fr\/wp-content\/uploads\/2025\/02\/aubrac-j-6-200x200.jpg\" href=\"https:\/\/maison-des-accompagnateurs.fr\/wp-content\/uploads\/2025\/02\/aubrac-j-6.jpg\" class=\"for-lightbox ut-slider-maximize\"><i class=\"Bklyn-Core-Maximize-3\"><\/i><\/a><img class=\"item owl-lazy\"  data-src=\"https:\/\/maison-des-accompagnateurs.fr\/wp-content\/uploads\/2025\/02\/aubrac-j-6-650x433.jpg\" \/><\/figure><\/div><div><figure class=\"ut-gallery-slider-caption-wrap\"><a data-title=\"IMG-20230829-WA0000\" data-caption=\"\" data-caption-color=\"\" data-caption-background=\"\" data-trigger-id=\"ut-lightbox-trigger-4217\" data-exthumbimage=\"https:\/\/maison-des-accompagnateurs.fr\/wp-content\/uploads\/2025\/02\/IMG-20230829-WA0000-200x200.jpg\" href=\"https:\/\/maison-des-accompagnateurs.fr\/wp-content\/uploads\/2025\/02\/IMG-20230829-WA0000.jpg\" class=\"for-lightbox ut-slider-maximize\"><i class=\"Bklyn-Core-Maximize-3\"><\/i><\/a><img class=\"item owl-lazy\"  data-src=\"https:\/\/maison-des-accompagnateurs.fr\/wp-content\/uploads\/2025\/02\/IMG-20230829-WA0000-650x433.jpg\" \/><\/figure><\/div><\/div><a href=\"#\" data-for=\"ut_ms_6a045acac603f\" class=\"ut-prev-gallery-slide ut-single-slider-control\"><i class=\"Bklyn-Core-Left-2\"><\/i><\/a><a href=\"#\" data-for=\"ut_ms_6a045acac603f\" class=\"ut-next-gallery-slide ut-single-slider-control\"><i class=\"Bklyn-Core-Right-2\"><\/i><\/a><\/div><\/div>[vc_column_text]<\/p>\n<header id=\"banner\" class=\"banner\" role=\"banner\"><\/header>\n<article id=\"travel-trip\" class=\"travel-trip is-xlarge\">\n<div class=\"intro\">\n<div class=\"travel-trip-summary\">\n<div class=\"summary rt\">\n<div>\n<div>\n<p><strong>S\u00e9jour en \u00e9toile<\/strong><\/p>\n<p>Depuis l\u2019H\u00f4tel Restaurant l&rsquo;AUBRAC nich\u00e9e au c\u0153ur du village de Laguiole, nous vous amenons d\u00e9couvrir nos\u00a0<strong>randonn\u00e9es\u00a0<\/strong>\u00ab coups de c\u0153ur \u00bb. Depuis plus de 10 ans, c\u2019est le pays d\u2019adoption de Thibault, notre accompagnateur en montagne. L&rsquo;AUBRAC est depuis plusieurs ann\u00e9es le bureau de Thibault. Lors de ce s\u00e9jour il aura \u00e0 c\u0153ur de vous faire d\u00e9couvrir ses coins secrets, ses beaux paysages, hors des sentier touristiques mais sans oublier les incontournables !<\/p>\n<\/div>\n<\/div>\n<\/div>\n<\/div>\n<\/div>\n<\/article>\n<p>[\/vc_column_text][vc_row_inner][vc_column_inner width=\u00a0\u00bb1\/2&Prime;][vc_gmaps link=\u00a0\u00bb#E-8_JTNDaWZyYW1lJTIwc3JjJTNEJTIyaHR0cHMlM0ElMkYlMkZ3d3cuZ29vZ2xlLmNvbSUyRm1hcHMlMkZlbWJlZCUzRnBiJTNEJTIxMW0xOCUyMTFtMTIlMjExbTMlMjExZDkwNzYwLjU1MzEwODQ5NDQlMjEyZDIuNzg1NTM1MjcxMzEyNzI1JTIxM2Q0NC42OTM3NDE3MTExNzQxMzQlMjEybTMlMjExZjAlMjEyZjAlMjEzZjAlMjEzbTIlMjExaTEwMjQlMjEyaTc2OCUyMTRmMTMuMSUyMTNtMyUyMTFtMiUyMTFzMHgxMmIyYzE5MzI2YmEwNjg3JTI1M0EweDE0YmZhYjYzOWEzYmNmZjAlMjEyczEyMjEwJTI1MjBMYWd1aW9sZSUyMTVlMCUyMTNtMiUyMTFzZnIlMjEyc2ZyJTIxNHYxNzM5MzYzNDA5MjA1JTIxNW0yJTIxMXNmciUyMTJzZnIlMjIlMjB3aWR0aCUzRCUyMjYwMCUyMiUyMGhlaWdodCUzRCUyMjQ1MCUyMiUyMHN0eWxlJTNEJTIyYm9yZGVyJTNBMCUzQiUyMiUyMGFsbG93ZnVsbHNjcmVlbiUzRCUyMiUyMiUyMGxvYWRpbmclM0QlMjJsYXp5JTIyJTIwcmVmZXJyZXJwb2xpY3klM0QlMjJuby1yZWZlcnJlci13aGVuLWRvd25ncmFkZSUyMiUzRSUzQyUyRmlmcmFtZSUzRQ==\u00a0\u00bb title=\u00a0\u00bbLaguiole\u00a0\u00bb][\/vc_column_inner][vc_column_inner width=\u00a0\u00bb1\/2&Prime;][vc_column_text]<\/p>\n<div class=\"heading\">Points forts<\/div>\n<p>[\/vc_column_text][\/vc_column_inner][\/vc_row_inner][\/vc_column][\/vc_row][vc_row][vc_column][vc_column_text]JOUR 1 :<\/p>\n<h2>\u00c0 MONTPELLIER, RANDONN\u00c9E<\/h2>\n<p><em>2h00 de marche, 5 km, 200m D+ Transfert : 2h30<\/em>Accueil \u00e0 13h en gare SNCF de Montpellier St Roch, ou \u00e0 16h00 \u00e0 votre h\u00e9bergement dans Laguiole. Pr\u00e9sentation du s\u00e9jour, suivie d\u2019une petite balade au d\u00e9part de l\u2019H\u00f4tel. Nous allons de suite prendre de la hauteur dans le village et mesurer l\u2019ambiance qui y r\u00e8gne. Cet \u00e9chauffement nous emm\u00e8ne \u00e0 travers les ruelles, a la recherche des places des foirails (march\u00e9 aux bestiaux) mais aussi \u00e0 la d\u00e9couverte d&rsquo;une belle cascade et d&rsquo;un point de vue \u00e0 360\u00b0 sur le massif central et l&rsquo;AUBRAC.<\/p>\n<p>D\u00eener et nuit \u00e0 l\u2019H\u00f4tel Restaurant l&rsquo;AUBRAC<\/p>\n<p>JOUR 2<\/p>\n<h2>LES PAYSAGES DE L&rsquo;AUBRAC<\/h2>\n<p><em>6h de marche, 14 km, 400m D+ (environ) transfert 30min<\/em>Aujourd\u2019hui nous partons \u00e0 la d\u00e9couverte, des villages aux fermes, des fermes aux p\u00e2tures, des p\u00e2tures aux clairi\u00e8res, des clairi\u00e8res aux tourbi\u00e8res pour finir en foret entour\u00e9 d&rsquo;une \u00e9paisse h\u00e9traie. Un beau parcours entre l&rsquo;\u00e9levage et la nature sauvage ! Sur le parcours le travail de l&rsquo;homme sera omnipr\u00e9sent avec ce qui repr\u00e9sente Laguiole ! Sa station de ski que nous traverserons et ses couteliers ou nous cl\u00f4turerons la journ\u00e9e.Visite de la Coutellerie Honor\u00e9 Durant 0\u20ac\/personne \u00e0 inclure dans le s\u00e9jour.D\u00eener et nuit \u00e0 l\u2019H\u00f4tel Restaurant L&rsquo;AUBRAC<\/p>\n<p>JOUR 3<\/p>\n<h2>LA VALLEE DU LOT ET SES PLUS BEAUX VILLAGES DE FRANCE<\/h2>\n<p><em>5h00 h de marche, 13 km, 400m D+ (environ) transfert 30min<\/em><\/p>\n<p>Ce matin nous partons de l&rsquo;h\u00f4tel en v\u00e9hicule pour d\u00e9couvrir la barri\u00e8re naturelle de l&rsquo;AUBRAC : la Vall\u00e9e du Lot. Nous allons d\u00e9couvrir le village d&rsquo;Estaing autant par sa beaut\u00e9 que ses petites histoire croustillante ! Une randonn\u00e9e entre histoire et patrimoine pour d\u00e9couvrir la rudesse de la vie d\u2019antan et surtout l&rsquo;activit\u00e9 locale d&rsquo;autrefois, l&rsquo;exploitation viticole ! Le midi un pique-nique sur les berges du lot ou dans le chai de la cave coop\u00e9rative sera bienvenu ! Nous irons ensuite d\u00e9couvrir Saint C\u00f4me d&rsquo;Olt un autre village class\u00e9 avant d&rsquo;aller s&rsquo;enfoncer dans une vall\u00e9e recul\u00e9e et perdu \u00e0 la rencontre de s\u0153urs cisterciennes qui fabrique du chocolat.<\/p>\n<p>Visite et d\u00e9gustation \u00e0 la coop\u00e9rative viticole et \u00e0 l&rsquo;abbaye de Bonneval 0 \u20ac \u00e0 inclure dans le s\u00e9jour.<\/p>\n<p>D\u00eener et nuit \u00e0 l\u2019H\u00f4tel Restaurant L&rsquo;AUBRAC<\/p>\n<p>JOUR 4<\/p>\n<h2>LES MONTAGNES DE L&rsquo;AUBRAC<\/h2>\n<p><em>5h00 de marche, 14 km 300m D+ (environ) transfert 30min<\/em><\/p>\n<p>Aujourd\u2019hui nous d\u00e9couvrons le haut plateau de l&rsquo;AUBRAC, le rude, rustique et aust\u00e8re ! Nous irons nous perdre dans l\u2019immensit\u00e9 du plateau sous un \u00e9pais brouillard ou un grand soleil. A partir d&rsquo;AUBRAC notre p\u00e8lerinage nous fera traverser les montagnes (ailleurs appel\u00e9s alpage) pour arriver au buron de Camejane. Au Buron nous n&rsquo;irons pas traire les vaches, mais bien chaleureusement gouter au terroir et saveur locales avec un ALIGOT exceptionnel.<\/p>\n<p>Repas au buron 33 \u20ac ttc \/personne \u00e0 inclure dans le s\u00e9jour. a confirm\u00e9 devis demand\u00e9 !!<\/p>\n<p>D\u00eener et nuit \u00e0 l\u2019H\u00f4tel Restaurant L&rsquo;AUBRAC<\/p>\n<p>JOUR 5<\/p>\n<h2>LE \u201cBAS\u201d AUBRAC<\/h2>\n<p><em>4h30 de marche, 10 km, 500m D+ (environ)transfert 30min<\/em>Ce jour ci, nous commen\u00e7ons la journ\u00e9e par la visite de la fromagerie locale ! Une journ\u00e9e \u00e0 la d\u00e9couverte de l&rsquo;agriculture avec la visite de la fromagerie le matin et l&rsquo;apr\u00e8s-midi, le passage dans une ferme de vaches \u00e0 viande de race Aubrac. Apres avoir d\u00e9gust\u00e9 les fromages votre guide vous emm\u00e8ne faire une belle rando, surprenante m\u00eame autour du hameau de Bes-B\u00e9dene ! L&rsquo;apr\u00e8s-midi nous irons donc faire une balade \u00e0 la ferme et au bord du lac de maury<\/p>\n<p>Visite fromagerie 0\u20ac\/personnes \u00e0 int\u00e9grer dans le s\u00e9jour.<\/p>\n<p>Visite ferme 0\u20ac\/personnes (amis) \u00e0 int\u00e9grer dans le s\u00e9jour. Possibilit\u00e9 de lui demander de faire un g\u00e2teau \u00e0 la broche et de le d\u00e9guster ensuite ! Authentique !!<\/p>\n<p>D\u00eener et nuit \u00e0 l\u2019H\u00f4tel Restaurant L&rsquo;AUBRAC<\/p>\n<p>JOUR 6<\/p>\n<h2>DERNI\u00c8RE RANDONN\u00c9ES, RETOUR \u00c0 MONTPELLIER,<\/h2>\n<p>DISPERSION \u00c0 14H30 EN GARE SNCF.<em>2h de marche, 5 km, 100m D+ (environ) Transfert : 2h00<\/em>Apr\u00e8s avoir pris notre petit d\u00e9jeuner, vous partez pour une derni\u00e8re balade afin de dire au revoir \u00e0 ce paysage magnifique autant attirant qu&rsquo;aust\u00e8re ! Et rien de plus beau que d\u2019aller d\u00e9couvrir la Cascade du D\u00e9roc \u00e0 Nasbinals sur le chemin de Compostelle.<\/p>\n<p>Transfert jusqu&rsquo;\u00e0 Montpellier. Dispersion \u00e0 14h30 en gare SNCF de Montpellier St Roch.<\/p>\n<p>Dispersion \u00e0 Nasbinals apr\u00e8s le pique-nique pour les personnes venant avec leur propre v\u00e9hicule.<\/p>\n<h2><em><strong>Avertissement<\/strong><\/em><\/h2>\n<p><em>Les randonn\u00e9es peuvent \u00eatre modifi\u00e9s en fonction des conditions climatiques du moment, des crit\u00e8res techniques ou de la condition physique des participants. Le guide reste seul juge du programme qu\u2019il peut adapter en raison d\u2019imp\u00e9ratifs de s\u00e9curit\u00e9.<\/em><\/p>\n<h2>PRIX<\/h2>\n<p>Nombre de participants : 4 \u00e0 15<\/p>\n<p>Nous organisons \u00e9galement les randonn\u00e9es sur demande pour les groupes constitu\u00e9s.<\/p>\n<p>NOTRE PRIX COMPREND :<\/p>\n<p>&#8211; L&rsquo;encadrement par un Accompagnateur en Montagne local pour tout le s\u00e9jour<\/p>\n<p>&#8211; 5 nuits en H\u00f4tel Restaurant<\/p>\n<p>&#8211; Les transports \u00e0 partir de la gare SNCF de Montpellier<\/p>\n<p>&#8211; La pension compl\u00e8te du d\u00eener du Jour 1 au pique nique du Jour 6<\/p>\n<p>&#8211; Les visites mentionn\u00e9es au programme<\/p>\n<p>NOTRE PRIX NE COMPREND PAS:<\/p>\n<p>&#8211; Acheminement jusqu&rsquo;\u00e0 Montpellier<\/p>\n<p>&#8211; Les d\u00e9penses personnelles, les boissons<\/p>\n<p>&#8211;\u00a0<a href=\"http:\/\/natureoccitane.fr\/media\/assurances\/contrat-europassistance-snam-2021.pdf\" target=\"_blank\" rel=\"noopener\" data-saferedirecturl=\"https:\/\/www.google.com\/url?q=http:\/\/natureoccitane.fr\/media\/assurances\/contrat-europassistance-snam-2021.pdf&amp;source=gmail&amp;ust=1739448645024000&amp;usg=AOvVaw02USt061DEA5qUJilmtMKi\">Notre assurance Europassistance annulation \/ interruption \/ assistance &amp; rapatriement<\/a><\/p>\n<p>(6% du prix de votre s\u00e9jour,\u00a0<u><a href=\"http:\/\/natureoccitane.fr\/media\/assurances\/couverture-covid-tableau-re-capitulatif.pdf\" target=\"_blank\" rel=\"noopener\" data-saferedirecturl=\"https:\/\/www.google.com\/url?q=http:\/\/natureoccitane.fr\/media\/assurances\/couverture-covid-tableau-re-capitulatif.pdf&amp;source=gmail&amp;ust=1739448645024000&amp;usg=AOvVaw0QHUueZS-95iMiMDvLJ1aS\">incluant la COVID 19<\/a><\/u>\u00a0et \u00e0 souscrire lors de votre inscription)<\/p>\n<p>OPTION :<\/p>\n<p>&#8211; Suppl\u00e9ment chambre simple : 350\u20ac \/ personne<\/p>\n<p><em>Sous r\u00e9serve de disponibilit\u00e9 au moment de l&rsquo;inscription.<\/em><\/p>\n<p><em>Pour cette option, vous serez h\u00e9berg\u00e9 dans un chalet voisin disposant de 2 chambres simples avec SDB et WC sur le pallier communs aux deux chambres.<\/em><\/p>\n<p>REDUCTION :<\/p>\n<p>&#8211; R\u00e9duction pour les personnes venant avec leur propre v\u00e9hicule : -50\u20ac \/ personne<\/p>\n<p><em>NB: ces personnes devront utiliser leur voiture pour se rendre au d\u00e9part des randonn\u00e9es.<\/em><\/p>\n<h2>HEBERGEMENT<\/h2>\n<p>La famille Brouze Favier vous accueillent pour 5 nuits dans leur petit coin de paradis, au c\u0153ur du village de Laguiole .<\/p>\n<p><u><strong>Chambres simple en option : 350\u20ac\/personne<\/strong><\/u><\/p>\n<h2>NIVEAU ET NATURE DU TERRAIN<\/h2>\n<p>Moyenne, accessible \u00e0 toute personne en bonne condition physique.. 2h30 et 5h de marche \u00e0 pied cons\u00e9cutives. Entre 200 et 600 m\u00e8tre de d\u00e9nivel\u00e9 positif par jour.<\/p>\n<p>Pratiquez une activit\u00e9 d\u2019endurance (randonn\u00e9e, marche \u00e0 pied ou v\u00e9lo) une fois par semaine 2 mois avant le d\u00e9part.<\/p>\n<h2>PORTAGE PENDANT LA RANDONN\u00c9E:<\/h2>\n<p>Aucun portage, vous ne portez que votre sac pour la journ\u00e9e.<\/p>\n<h2>LES TEMPS DE MARCHE :<\/h2>\n<p>Ils sont donn\u00e9s \u00e0 titre indicatif et tiennent compte de la qualit\u00e9 du terrain de la randonn\u00e9e. Ce sont des horaires moyens qui ne prennent en compte que la dur\u00e9e de la marche effective sans comptabiliser les temps de pause. Ils sont calcul\u00e9s sur une base de 300m de d\u00e9nivel\u00e9e par heure \u00e0 la mont\u00e9e et de 450 m par heure \u00e0 la descente.<\/p>\n<h2>EAU PENDANT LA RANDONN\u00c9E :<\/h2>\n<p>L\u2019usage d\u2019un \u00ab camel bak \u00bb (poche d\u2019eau \u00e9quip\u00e9e d\u2019un tuyau flexible sortant du sac \u00e0 dos) est conseill\u00e9. Vous pouvez aussi apporter un thermos pour votre boisson chaude durant les randonn\u00e9es.<\/p>\n<h2>LES ITIN\u00c9RAIRES DE RANDONN\u00c9E :<\/h2>\n<p>Ils peuvent \u00eatre modifi\u00e9s en fonction des conditions climatiques du moment, des crit\u00e8res techniques ou de la condition physique des participants. En dernier ressort, le guide reste seul juge du programme de la randonn\u00e9e qu\u2019il peut adapter en raison d\u2019imp\u00e9ratifs de s\u00e9curit\u00e9.<\/p>\n<h2>RENDEZ-VOUS :<\/h2>\n<p>RDV le jour 1, soit :<\/p>\n<p>&#8211; 13h le jour 1 en gare SNCF de Montpellier St Roch<\/p>\n<p>&#8211; 16h00 le Jour 1 \u00e0 votre h\u00e9bergement<\/p>\n<p>Point de RDV \u00e0 la gare SNCF de Montpellier :<\/p>\n<p>Devant le bureau de location de voitures, situ\u00e9 au niveau 1, juste devant la sortie \u00ab\u00a0Pont de S\u00e8te\u00a0\u00bb.<\/p>\n<p>FIN DE LA RANDONN\u00c9E :<\/p>\n<p>DISPERSION le jour 6, soit :<\/p>\n<p>&#8211; 14h30 le jour 6 en gare SNCF de Montpellier St Roch<\/p>\n<p>&#8211; apr\u00e8s votre pique nique<\/p>\n<p>TRANSFERTS INCLUS DEPUIS LA GARE SNCF DE MONTPELLIER<\/p>\n<p>V\u00e9hicule 5 ou 9 places conduit par votre accompagnateur<\/p>\n<p>ENCADREMENT : Cette randonn\u00e9e est accompagn\u00e9e par Thibault , Accompagnateur en Montagne local. Possibilit\u00e9 d\u2019encadrement par un autre accompagnateur en Montagne de la r\u00e9gion \u00e0 certaines dates de d\u00e9part.<\/p>\n<p>COMMENT S&rsquo;Y RENDRE :Afin de limiter vos \u00e9missions de CO2, nous vous encourageons \u00e0 utiliser les transports en commun.<\/p>\n<p>SI VOUS VENEZ EN TRAIN<\/p>\n<p>Gare SNCF de Montpellier.<\/p>\n<p>SI VOUS VENEZ EN VOITURE<\/p>\n<p>Adresse de l&rsquo;h\u00e9bergement fournie dans votre dossier de d\u00e9part<\/p>\n<p>SI VOUS VENEZ EN AVION A\u00e9roport de Montpellier m\u00e9diterran\u00e9e<\/p>\n<p>&nbsp;<\/p>\n<h2>\u00c9QUIPEMENT POUR LE S\u00c9JOUR<\/h2>\n<h3>LE SAC A DOS<\/h3>\n<p>Il doit pouvoir contenir vos affaires personnelles pour la journ\u00e9e, soit environ 30 litres. Pr\u00e9f\u00e9rez le avec ceinture ventrale (permettant de faire reposer le poids sur le bassin), des bretelles matelass\u00e9es et une sangle de poitrine. Vous devez toujours garder un v\u00eatement chaud, un v\u00eatement de pluie, une gourde, une trousse de secours et vos objets personnels sans oublier une partie du pique-nique. En plus du couvre-sac, un sac poubelle et deux poches cong\u00e9lation sont indispensables pour prot\u00e9ger efficacement vos affaires en cas de pluie.<\/p>\n<h3>LE BAGAGE<\/h3>\n<p>Il reste \u00e0 l&rsquo;h\u00e9bergement pendant toute cette randonn\u00e9e dans les C\u00e9vennes.<\/p>\n<p>&nbsp;<\/p>\n<h3>LES CHAUSSURES DE RANDONN\u00c9E<\/h3>\n<p>Choisir des chaussures de randonn\u00e9e avec une bonne tenue de cheville et des semelles crant\u00e9es, mais souples. Les chaussures sont l&rsquo;un des \u00e9l\u00e9ments les plus importants de votre randonn\u00e9e. Elles doivent \u00eatre avant tout confortables, l\u00e9g\u00e8res, imperm\u00e9ables et respirantes. Un bon maintien de la cheville est indispensable. Ne partez pas avec des chaussures neuves. Utilisez-les au moins deux ou trois fois avant lors de randonn\u00e9es.<\/p>\n<h3>LES V\u00caTEMENTS<\/h3>\n<p>Une veste coupe-vent imperm\u00e9able de type GORE TEX (les k-way de type \u201cponchos\u201d sont proscrits)<\/p>\n<p>Une veste polaire<\/p>\n<p>Un pantalon de randonn\u00e9e, un short, des tee-shirts (\u00e9viter le coton et privil\u00e9giez les mati\u00e8res respirantes).<\/p>\n<p>V\u00eatements de rechange et linge personnelUn maillot de bain et une serviette<\/p>\n<p>Doudoune, gants et bonnet (le sommet du Mt Aigoual peut \u00eatre froid \u00e0 certaines dates)<\/p>\n<p>Maillot de bain<\/p>\n<h3>PETIT MAT\u00c9RIEL<\/h3>\n<p>Gourde ou \u201cCamel Bak\u201d (2 litre minimum par personne).<\/p>\n<p>Une paire de b\u00e2tons t\u00e9lescopiques de randonn\u00e9e (selon vos habitudes)<\/p>\n<p>Une gamelle\/assiette en plastic et des couverts (pour les pique-niques)<\/p>\n<p>Lunettes et cr\u00e8me solaire<\/p>\n<p>Chapeau ou casquette<\/p>\n<p>Une petite trousse de toilette, avec servietteUne paire de tennis, ou de sandalettes (pour le soir)<\/p>\n<p>Papier hygi\u00e9nique<\/p>\n<p>Un appareil photo<\/p>\n<p>Petite pharmacie personnelle (aspirine, sparadrap, \u00e9lastoplast, compeed&#8230;)[\/vc_column_text][\/vc_column][\/vc_row][\/vc_section]<\/p>\n","protected":false},"excerpt":{"rendered":"<p>[vc_section][vc_row][vc_column][\/vc_column][\/vc_row][vc_row][vc_column][vc_column_text] S\u00e9jour en \u00e9toile Depuis l\u2019H\u00f4tel Restaurant l&rsquo;AUBRAC nich\u00e9e au c\u0153ur du village de Laguiole, nous vous amenons d\u00e9couvrir nos\u00a0randonn\u00e9es\u00a0\u00ab coups de c\u0153ur \u00bb. Depuis plus de 10 ans, c\u2019est le pays d\u2019adoption de Thibault, notre accompagnateur en montagne. L&rsquo;AUBRAC est depuis plusieurs ann\u00e9es le bureau de Thibault. Lors de ce s\u00e9jour il aura \u00e0 [&hellip;]<\/p>\n","protected":false},"author":1,"featured_media":0,"parent":0,"menu_order":0,"comment_status":"closed","ping_status":"closed","template":"","meta":{"footnotes":""},"_links":{"self":[{"href":"https:\/\/maison-des-accompagnateurs.fr\/index.php?rest_route=\/wp\/v2\/pages\/4209"}],"collection":[{"href":"https:\/\/maison-des-accompagnateurs.fr\/index.php?rest_route=\/wp\/v2\/pages"}],"about":[{"href":"https:\/\/maison-des-accompagnateurs.fr\/index.php?rest_route=\/wp\/v2\/types\/page"}],"author":[{"embeddable":true,"href":"https:\/\/maison-des-accompagnateurs.fr\/index.php?rest_route=\/wp\/v2\/users\/1"}],"replies":[{"embeddable":true,"href":"https:\/\/maison-des-accompagnateurs.fr\/index.php?rest_route=%2Fwp%2Fv2%2Fcomments&post=4209"}],"version-history":[{"count":8,"href":"https:\/\/maison-des-accompagnateurs.fr\/index.php?rest_route=\/wp\/v2\/pages\/4209\/revisions"}],"predecessor-version":[{"id":4705,"href":"https:\/\/maison-des-accompagnateurs.fr\/index.php?rest_route=\/wp\/v2\/pages\/4209\/revisions\/4705"}],"wp:attachment":[{"href":"https:\/\/maison-des-accompagnateurs.fr\/index.php?rest_route=%2Fwp%2Fv2%2Fmedia&parent=4209"}],"curies":[{"name":"wp","href":"https:\/\/api.w.org\/{rel}","templated":true}]}}