{"id":4224,"date":"2025-02-12T20:50:30","date_gmt":"2025-02-12T19:50:30","guid":{"rendered":"https:\/\/maison-des-accompagnateurs.fr\/?page_id=4224"},"modified":"2025-03-17T22:37:25","modified_gmt":"2025-03-17T21:37:25","slug":"grand-causse-ind","status":"publish","type":"page","link":"https:\/\/maison-des-accompagnateurs.fr\/?page_id=4224","title":{"rendered":"Grand causse"},"content":{"rendered":"<p>[vc_section][vc_row][vc_column]<div class=\"wpb_content_element \"><style type=\"text\/css\">#ut_header_69ebc1435e6d4 h1.page-title { font-size:30px !important; }<\/style><header id=\"ut_header_69ebc1435e6d4\" class=\"page-header page-title-module  ut-no-title-linebreak-mobile ut-no-lead-linebreak-mobile pt-style-2 header-center header-tablet-center header-mobile-center\"><h1 data-title=\"Grand causse\"  data-responsive-font=\"page_title\" data-responsive-font-settings=\"{&quot;base-font-size&quot;:&quot;global&quot;,&quot;font-size&quot;:{&quot;desktop_large&quot;:&quot;30&quot;},&quot;base-line-height&quot;:&quot;global&quot;,&quot;base-letter-spacing&quot;:&quot;global&quot;}\" class=\"page-title  \"><span>Grand causse<\/span><\/h1><div data-delay=\"0\" class=\"lead \"><p>L&rsquo;\u00c9TOILE DES GRANDS CAUSSES (S\u00c9JOUR EN H\u00d4TEL AVEC PISCINE)<\/p>\n<\/div><\/header><\/div>[\/vc_column][\/vc_row][vc_row][vc_column]<div id=\"ut_oms_69ebc14361e7b\" class=\"wpb_content_element \"><style type=\"text\/css\"> #ut_oms_69ebc14361e7b .ut-gallery-slider-caption-wrap::before { content: \"\"; }<\/style><div class=\"ut-owl-gallery-slider-wrap ut-owl-gallery-slider-style-two\"><div id=\"ut_ms_69ebc14361e7a\" class=\"ut-owl-gallery-slider owl-carousel owl-theme \" data-settings=\"{&quot;items&quot;:&quot;1&quot;,&quot;lazyLoad&quot;:true,&quot;smartSpeed&quot;:600,&quot;animateIn&quot;:false,&quot;animateOut&quot;:false,&quot;autoplay&quot;:true,&quot;autoplayHoverPause&quot;:true,&quot;autoplayTimeout&quot;:&quot;10&quot;,&quot;loop&quot;:true,&quot;nav&quot;:false,&quot;dots&quot;:false,&quot;lightbox&quot;:&quot;yes&quot;}\"><div><figure class=\"ut-gallery-slider-caption-wrap\"><a data-title=\"phot1074\" data-caption=\"\" data-caption-color=\"\" data-caption-background=\"\" data-trigger-id=\"ut-lightbox-trigger-4228\" data-exthumbimage=\"https:\/\/maison-des-accompagnateurs.fr\/wp-content\/uploads\/2025\/02\/phot1074-200x200.jpg\" href=\"https:\/\/maison-des-accompagnateurs.fr\/wp-content\/uploads\/2025\/02\/phot1074.bmp\" class=\"for-lightbox ut-slider-maximize\"><i class=\"Bklyn-Core-Maximize-3\"><\/i><\/a><img class=\"item owl-lazy\"  data-src=\"https:\/\/maison-des-accompagnateurs.fr\/wp-content\/uploads\/2025\/02\/phot1074.bmp\" \/><\/figure><\/div><div><figure class=\"ut-gallery-slider-caption-wrap\"><a data-title=\"randonnee-causse-mejean-gorges-de-la-jonte\" data-caption=\"\" data-caption-color=\"\" data-caption-background=\"\" data-trigger-id=\"ut-lightbox-trigger-4229\" data-exthumbimage=\"https:\/\/maison-des-accompagnateurs.fr\/wp-content\/uploads\/2025\/02\/randonnee-causse-mejean-gorges-de-la-jonte-200x200.jpg\" href=\"https:\/\/maison-des-accompagnateurs.fr\/wp-content\/uploads\/2025\/02\/randonnee-causse-mejean-gorges-de-la-jonte.jpg\" class=\"for-lightbox ut-slider-maximize\"><i class=\"Bklyn-Core-Maximize-3\"><\/i><\/a><img class=\"item owl-lazy\"  data-src=\"https:\/\/maison-des-accompagnateurs.fr\/wp-content\/uploads\/2025\/02\/randonnee-causse-mejean-gorges-de-la-jonte-650x433.jpg\" \/><\/figure><\/div><div><figure class=\"ut-gallery-slider-caption-wrap\"><a data-title=\"causses j 9\" data-caption=\"\" data-caption-color=\"\" data-caption-background=\"\" data-trigger-id=\"ut-lightbox-trigger-4230\" data-exthumbimage=\"https:\/\/maison-des-accompagnateurs.fr\/wp-content\/uploads\/2025\/02\/causses-j-9-200x200.jpg\" href=\"https:\/\/maison-des-accompagnateurs.fr\/wp-content\/uploads\/2025\/02\/causses-j-9.jpg\" class=\"for-lightbox ut-slider-maximize\"><i class=\"Bklyn-Core-Maximize-3\"><\/i><\/a><img class=\"item owl-lazy\"  data-src=\"https:\/\/maison-des-accompagnateurs.fr\/wp-content\/uploads\/2025\/02\/causses-j-9-650x433.jpg\" \/><\/figure><\/div><div><figure class=\"ut-gallery-slider-caption-wrap\"><a data-title=\"organisation (1)\" data-caption=\"\" data-caption-color=\"\" data-caption-background=\"\" data-trigger-id=\"ut-lightbox-trigger-4231\" data-exthumbimage=\"https:\/\/maison-des-accompagnateurs.fr\/wp-content\/uploads\/2025\/02\/organisation-1-200x200.jpg\" href=\"https:\/\/maison-des-accompagnateurs.fr\/wp-content\/uploads\/2025\/02\/organisation-1.jpg\" class=\"for-lightbox ut-slider-maximize\"><i class=\"Bklyn-Core-Maximize-3\"><\/i><\/a><img class=\"item owl-lazy\"  data-src=\"https:\/\/maison-des-accompagnateurs.fr\/wp-content\/uploads\/2025\/02\/organisation-1-650x433.jpg\" \/><\/figure><\/div><div><figure class=\"ut-gallery-slider-caption-wrap\"><a data-title=\"jonte tarn \u00a9P_Geniez- (2)\" data-caption=\"\" data-caption-color=\"\" data-caption-background=\"\" data-trigger-id=\"ut-lightbox-trigger-4232\" data-exthumbimage=\"https:\/\/maison-des-accompagnateurs.fr\/wp-content\/uploads\/2025\/02\/jonte-tarn-\u00a9P_Geniez-2-200x200.jpg\" href=\"https:\/\/maison-des-accompagnateurs.fr\/wp-content\/uploads\/2025\/02\/jonte-tarn-\u00a9P_Geniez-2.jpg\" class=\"for-lightbox ut-slider-maximize\"><i class=\"Bklyn-Core-Maximize-3\"><\/i><\/a><img class=\"item owl-lazy\"  data-src=\"https:\/\/maison-des-accompagnateurs.fr\/wp-content\/uploads\/2025\/02\/jonte-tarn-\u00a9P_Geniez-2-650x433.jpg\" \/><\/figure><\/div><div><figure class=\"ut-gallery-slider-caption-wrap\"><a data-title=\"IMG-20240919-WA0056\" data-caption=\"\" data-caption-color=\"\" data-caption-background=\"\" data-trigger-id=\"ut-lightbox-trigger-4233\" data-exthumbimage=\"https:\/\/maison-des-accompagnateurs.fr\/wp-content\/uploads\/2025\/02\/IMG-20240919-WA0056-200x200.jpg\" href=\"https:\/\/maison-des-accompagnateurs.fr\/wp-content\/uploads\/2025\/02\/IMG-20240919-WA0056.jpg\" class=\"for-lightbox ut-slider-maximize\"><i class=\"Bklyn-Core-Maximize-3\"><\/i><\/a><img class=\"item owl-lazy\"  data-src=\"https:\/\/maison-des-accompagnateurs.fr\/wp-content\/uploads\/2025\/02\/IMG-20240919-WA0056-650x433.jpg\" \/><\/figure><\/div><div><figure class=\"ut-gallery-slider-caption-wrap\"><a data-title=\"20170712_150556_Original (1)\" data-caption=\"\" data-caption-color=\"\" data-caption-background=\"\" data-trigger-id=\"ut-lightbox-trigger-4234\" data-exthumbimage=\"https:\/\/maison-des-accompagnateurs.fr\/wp-content\/uploads\/2025\/02\/20170712_150556_Original-1-200x200.jpg\" href=\"https:\/\/maison-des-accompagnateurs.fr\/wp-content\/uploads\/2025\/02\/20170712_150556_Original-1.jpg\" class=\"for-lightbox ut-slider-maximize\"><i class=\"Bklyn-Core-Maximize-3\"><\/i><\/a><img class=\"item owl-lazy\"  data-src=\"https:\/\/maison-des-accompagnateurs.fr\/wp-content\/uploads\/2025\/02\/20170712_150556_Original-1-650x433.jpg\" \/><\/figure><\/div><div><figure class=\"ut-gallery-slider-caption-wrap\"><a data-title=\"1 - Vautour 2017\" data-caption=\"\" data-caption-color=\"\" data-caption-background=\"\" data-trigger-id=\"ut-lightbox-trigger-4235\" data-exthumbimage=\"https:\/\/maison-des-accompagnateurs.fr\/wp-content\/uploads\/2025\/02\/1-Vautour-2017-200x200.jpg\" href=\"https:\/\/maison-des-accompagnateurs.fr\/wp-content\/uploads\/2025\/02\/1-Vautour-2017.jpg\" class=\"for-lightbox ut-slider-maximize\"><i class=\"Bklyn-Core-Maximize-3\"><\/i><\/a><img class=\"item owl-lazy\"  data-src=\"https:\/\/maison-des-accompagnateurs.fr\/wp-content\/uploads\/2025\/02\/1-Vautour-2017-650x433.jpg\" \/><\/figure><\/div><\/div><a href=\"#\" data-for=\"ut_ms_69ebc14361e7a\" class=\"ut-prev-gallery-slide ut-single-slider-control\"><i class=\"Bklyn-Core-Left-2\"><\/i><\/a><a href=\"#\" data-for=\"ut_ms_69ebc14361e7a\" class=\"ut-next-gallery-slide ut-single-slider-control\"><i class=\"Bklyn-Core-Right-2\"><\/i><\/a><\/div><\/div>[vc_column_text]<strong>S\u00e9jour en \u00e9toile<\/strong><\/p>\n<p>Depuis l\u2019H\u00f4tel Restaurant des Douzes nich\u00e9e au c\u0153ur des Gorges de la Jonte, nous vous amenons d\u00e9couvrir nos\u00a0<strong>randonn\u00e9es\u00a0<\/strong>\u00ab coups de c\u0153ur \u00bb. Depuis plus de 10 ans, c\u2019est le pays d\u2019adoption de Thibault, notre accompagnateur en montagne. Les Grands Causses sont depuis plusieurs ann\u00e9es les diff\u00e9rents bureaux de Thibault. Lors de ce s\u00e9jour il aura \u00e0 c\u0153ur de vous faire d\u00e9couvrir ses coins secrets, ses beaux paysages, hors des sentier touristiques mais sans oublier les incontournables ![\/vc_column_text][\/vc_column][\/vc_row][vc_row][vc_column width=\u00a0\u00bb1\/2&Prime;][vc_gmaps link=\u00a0\u00bb#E-8_JTNDaWZyYW1lJTIwc3JjJTNEJTIyaHR0cHMlM0ElMkYlMkZ3d3cuZ29vZ2xlLmNvbSUyRm1hcHMlMkZlbWJlZCUzRnBiJTNEJTIxMW0xOCUyMTFtMTIlMjExbTMlMjExZDIyODc5LjgwNjE4MTgzODQ0NSUyMTJkMy4yNzM5MTAzMzc5MTQ3MDElMjEzZDQ0LjIwNzU2NTM2MjEwNzYxJTIxMm0zJTIxMWYwJTIxMmYwJTIxM2YwJTIxM20yJTIxMWkxMDI0JTIxMmk3NjglMjE0ZjEzLjElMjEzbTMlMjExbTIlMjExczB4MTJiM2E1MjkyNzMyNTA5NyUyNTNBMHgxMzQ0ZTEwNmVhYjA4YmYwJTIxMnNMZXMlMjUyMERvdXplcyUyNTJDJTI1MjA0ODE1MCUyNTIwSHVyZXMtbGEtUGFyYWRlJTIxNWUwJTIxM20yJTIxMXNmciUyMTJzZnIlMjE0djE3MzkzOTA2NzM4MTclMjE1bTIlMjExc2ZyJTIxMnNmciUyMiUyMHdpZHRoJTNEJTIyNjAwJTIyJTIwaGVpZ2h0JTNEJTIyNDUwJTIyJTIwc3R5bGUlM0QlMjJib3JkZXIlM0EwJTNCJTIyJTIwYWxsb3dmdWxsc2NyZWVuJTNEJTIyJTIyJTIwbG9hZGluZyUzRCUyMmxhenklMjIlMjByZWZlcnJlcnBvbGljeSUzRCUyMm5vLXJlZmVycmVyLXdoZW4tZG93bmdyYWRlJTIyJTNFJTNDJTJGaWZyYW1lJTNF\u00a0\u00bb title=\u00a0\u00bbLes Douzes\u00a0\u00bb][\/vc_column][vc_column width=\u00a0\u00bb1\/2&Prime;][vc_column_text]<\/p>\n<section class=\"travel-trip-strengths\">\n<div class=\"heading\">Points forts<\/div>\n<ul>\n<li><\/li>\n<\/ul>\n<\/section>\n<p>&nbsp;<\/p>\n<section class=\"travel-trip-map\"><\/section>\n<p>[\/vc_column_text][\/vc_column][\/vc_row][vc_row][vc_column][vc_column_text]<\/p>\n<h2>JOUR 1 : ARRIV\u00c9E \u00c0 MONTPELLIER, RANDONN\u00c9<\/h2>\n<p>1h00<em> de marche, 2 km, 200m D+ Transfert : 2h00<\/em>Accueil \u00e0 13h en gare SNCF de Montpellier St Roch, ou \u00e0 15h30 \u00e0 votre h\u00e9bergement dans les Gorges de la Jonte. Pr\u00e9sentation du s\u00e9jour, suivie d\u2019une petite balade au d\u00e9part de l\u2019H\u00f4tel. Nous allons de suite prendre de la hauteur et mesurer l\u2019ambiance qui r\u00e8gne dans ces gorges class\u00e9es au patrimoine mondial de l\u2019UNESCO. Cet \u00e9chauffement nous emm\u00e8ne 200 m\u00e8tres au dessus de l\u2019ancien village, \u00e0 la rencontre de son pass\u00e9e et de sa chapelle !D\u00eener et nuit \u00e0 l\u2019H\u00f4tel Restaurant Les Douzes<\/p>\n<h2>JOUR 2 : LES CORNICHES DU CAUSSE MEJEAN<\/h2>\n<p><em>5h de marche, 10 km, 580m D+ (environ) transfert 30min<\/em>Aujourd\u2019hui nous partons pour l\u2019incontournable, entre les gorges du Tarn et de la Jonte, \u00e0 l\u2019extr\u00e9mit\u00e9 du Causse M\u00e9jean, un parcours grandiose sous les ailes des vautours ! Des falaises de la Jonte au balcon du vertige, en passant au pied des mythiques Vases de S\u00e8vre et de Chine. Si vous deviez n\u2019en faire qu\u2019une seule, \u00e7a serait celle-ci ! Sur le parcours des vautours viendrons \u00e0 notre rencontre, c\u00e9l\u00e8bre charognard ils repr\u00e9sentent la vie dans les gorges apr\u00e8s leur r\u00e9introduction ! Pour tous savoir sur leur vie et leur vols majestueux nous finirons la Journ\u00e9e \u00e0 la Maison des Vautours.Visite de la Maison des Vautours 5\u20ac\/personne \u00e0 confirmerD\u00eener et nuit \u00e0 l\u2019H\u00f4tel Restaurant Les Douzes<\/p>\n<h2>JOUR 3 : LE CAUSSE DE SAUVETERRE ET SES VILLAGES TROGLODYTES<\/h2>\n<p><em>5h30 h de marche, 14 km, 600m D+ (environ) transfert 30min<\/em><\/p>\n<p>Ce matin nous partons chez Thibault notre guide, d\u00e9couvrir son environnement. Nous allons gravir les pentes du Causse de Sauveterre allant de villages class\u00e9s en villages troglodytiques ! Une randonn\u00e9e entre histoire et patrimoine pour d\u00e9couvrir la rudesse de la vie d\u2019antan ! En traversant le causse de Sauveterre, nous d\u00e9couvrirons avec stupeur les ravages d\u2019un incendie r\u00e9cent mais aussi et surtout nous remarquerons le travail de la nature pour reconqu\u00e9rir son massif. Nous redescendrons du plateau \u00e0 travers les truffi\u00e8res et les vignes, avant d\u2019aller d\u00e9couvrir le vin local bio au Domaine du Vieux Noyer.<\/p>\n<p>Visite et d\u00e9gustation au domaine du Vieux Noyer 5 \u20ac par personne \u00e0 confirmer<\/p>\n<p>D\u00eener et nuit \u00e0 l\u2019H\u00f4tel Restaurant Les Douzes<\/p>\n<h2>JOUR 4 : LES CORNICHES DU CAUSSE NOIR<\/h2>\n<p><em>4h30 de marche, 10 km 500m D+ (environ) transfert 30min<\/em><\/p>\n<p>Aujourd\u2019hui nous d\u00e9couvrons le 3eme Grand Causses que nous observons depuis le d\u00e9but du s\u00e9jour, le Causse Noir. Nous irons nous perdre dans l\u2019immensit\u00e9 de se plateau calcaire bois\u00e9, \u00e0 la recherche d\u2019aven, de mas perdus, de points de vue \u00e0 couper le souffle ! Quelques \u00e9chelles permettrons m\u00eame aux plus valeureux d\u2019entre nous d\u2019acc\u00e9der aux ruines de l\u2019ermitage saint Michel (ascension facultative).Enfin nos yeux sur le parcours auront pour mission de rep\u00e9rer les nids bien rares de quelques vautour moine de 2m95 d\u2019envergure.<\/p>\n<p>D\u00eener et nuit \u00e0 l\u2019H\u00f4tel Restaurant Les Douzes<\/p>\n<h2>JOUR 5 : RANDONN\u00c9E SUR LE CAUSSE MEJEAN<\/h2>\n<p><em>4h30 de marche, 10 km, 500m D+ (environ)<\/em>Ce jour ci, nous partons \u00e0 pied de l\u2019h\u00e9bergement donc pas besoin de transfert ! Une chance, nous partons \u00e0 l\u2019ascension du Causse M\u00e9jean, en direction de Hielzas ! Village c\u00e9l\u00e8bre pour son savoir faire ou une grande famille c\u2019est former pour nous pr\u00e9parer des bon produits locaux. Comme toujours sur les Causses la brebis est au centre, et ses produits transform\u00e9s nous ravirons les papilles, Nous irons dans une ferme de brebis laiti\u00e8re qui \u00e0 su d\u00e9velopper son activit\u00e9 gr\u00e2ce aux glaces artisanales, mais aussi nous d\u00e9couvrirons les fermes caussenarde d\u2019autrefois !<\/p>\n<p>Visite ferme caussenarde, boutique du f\u00e9dou, glace et visite chez armand et marie, 6 \u20ac le tout<\/p>\n<p>D\u00eener et nuit \u00e0 l\u2019H\u00f4tel Restaurant Les Douzes<\/p>\n<h2>JOUR 6 : DERNI\u00c8RE RANDONN\u00c9ES, RETOUR \u00c0 MONTPELLIER,<\/h2>\n<p>DISPERSION \u00c0 14H30 EN GARE SNCF.<em>2h de marche, 5 km, 100m D+ (environ) Transfert : 2h00<\/em>Apr\u00e8s avoir pris notre petit d\u00e9jeuner, vous partez pour une derni\u00e8re balade afin de dire au revoir \u00e0 ses plateau calcaires si impressionnant. Et rien de plus impressionnant que d\u2019aller d\u00e9couvrir un chef d\u2019\u0153uvre de modernit\u00e9 devenue l\u2019embl\u00e8me de la r\u00e9gion, le Viaduc de Millau !<\/p>\n<p>Visite Pille du Viaduc de Millau 6 \u20ac \u00e0 confirmer<\/p>\n<p>Transfert jusqu&rsquo;\u00e0 Montpellier. Dispersion \u00e0 14h30 en gare SNCF de Montpellier St Roch. Dispersion \u00e0 l\u2019aire du Viaduc apr\u00e8s le pique-nique pour les personnes venant avec leur propre v\u00e9hicule.<\/p>\n<h2><em><strong>Avertissement<\/strong><\/em><\/h2>\n<p><em>Les randonn\u00e9es peuvent \u00eatre modifi\u00e9s en fonction des conditions climatiques du moment, des crit\u00e8res techniques ou de la condition physique des participants. Le guide reste seul juge du programme qu\u2019il peut adapter en raison d\u2019imp\u00e9ratifs de s\u00e9curit\u00e9.<\/em><\/p>\n<h2>PRIX<\/h2>\n<p>Nombre de participants : 4 \u00e0 15<\/p>\n<p>Nous organisons \u00e9galement les randonn\u00e9es sur demande pour les groupes constitu\u00e9s.<\/p>\n<p>NOTRE PRIX COMPREND :<br \/>\n&#8211; L&rsquo;encadrement par un Accompagnateur en Montagne local pour tout le s\u00e9jour<br \/>\n&#8211; 5 nuits en H\u00f4tel Restaurant<br \/>\n&#8211; Les transports \u00e0 partir de la gare SNCF de Montpellier<br \/>\n&#8211; La pension compl\u00e8te du d\u00eener du Jour 1 au pique nique du Jour 6<br \/>\n&#8211; Les visites mentionn\u00e9es au programme<\/p>\n<p>NOTRE PRIX NE COMPREND PAS:<\/p>\n<p>&#8211; Acheminement jusqu&rsquo;\u00e0 Montpellier<br \/>\n&#8211; Les d\u00e9penses personnelles, les boissons<br \/>\n&#8211;\u00a0<a href=\"http:\/\/natureoccitane.fr\/media\/assurances\/contrat-europassistance-snam-2021.pdf\" target=\"_blank\" rel=\"noopener\" data-saferedirecturl=\"https:\/\/www.google.com\/url?q=http:\/\/natureoccitane.fr\/media\/assurances\/contrat-europassistance-snam-2021.pdf&amp;source=gmail&amp;ust=1739476129669000&amp;usg=AOvVaw315Rx_SNBL_hVek5vKV3rF\">Notre assurance Europassistance annulation \/ interruption \/ assistance &amp; rapatriement<\/a><\/p>\n<p>(6% du prix de votre s\u00e9jour,\u00a0<u><a href=\"http:\/\/natureoccitane.fr\/media\/assurances\/couverture-covid-tableau-re-capitulatif.pdf\" target=\"_blank\" rel=\"noopener\" data-saferedirecturl=\"https:\/\/www.google.com\/url?q=http:\/\/natureoccitane.fr\/media\/assurances\/couverture-covid-tableau-re-capitulatif.pdf&amp;source=gmail&amp;ust=1739476129669000&amp;usg=AOvVaw2RqUr9Eu8t6uXAnhqxZboT\">incluant la COVID 19<\/a><\/u>\u00a0et \u00e0 souscrire lors de votre inscription)<\/p>\n<p>OPTION :<\/p>\n<p>&#8211; Suppl\u00e9ment chambre simple : 350\u20ac \/ personne<br \/>\n<em>Sous r\u00e9serve de disponibilit\u00e9 au moment de l&rsquo;inscription.<\/em><br \/>\n<em>Pour cette option, vous serez h\u00e9berg\u00e9 dans un chalet voisin disposant de 2 chambres simples avec SDB et WC sur le pallier communs aux deux chambres.<\/em><\/p>\n<p>REDUCTION :<\/p>\n<p>&#8211; R\u00e9duction pour les personnes venant avec leur propre v\u00e9hicule : -50\u20ac \/ personne<br \/>\n<em>NB: ces personnes devront utiliser leur voiture pour se rendre au d\u00e9part des randonn\u00e9es.<\/em><\/p>\n<h2>HEBERGEMENT<\/h2>\n<p>La famille Vergely vous accueillent pour 5 nuits dans leur petit coin de paradis, au coeur de l\u2019ancien village des Douzes . Vous logerez en chambres de deux et pourrez profiter d&rsquo;une piscine au pied des falaises, et de la rivi\u00e8re \u00ab La Jonte \u00bb pour la baignade.<\/p>\n<p><u><strong>Chambres simple en option : 350\u20ac\/personne<\/strong><\/u><\/p>\n<p>&nbsp;<\/p>\n<h2>NIVEAU ET NATURE DU TERRAIN<\/h2>\n<p>Moyenne, accessible \u00e0 toute personne en bonne condition physique.. 2h30 et 5h de marche \u00e0 pied cons\u00e9cutives. Entre 200 et 600 m\u00e8tre de d\u00e9nivel\u00e9 positif par jour.<br \/>\nPratiquez une activit\u00e9 d\u2019endurance (randonn\u00e9e, marche \u00e0 pied ou v\u00e9lo) une fois par semaine 2 mois avant le d\u00e9part.<\/p>\n<p>&nbsp;<\/p>\n<h2>PORTAGE PENDANT LA RANDONN\u00c9E:<\/h2>\n<p>Aucun portage, vous ne portez que votre sac pour la journ\u00e9e.<\/p>\n<p>&nbsp;<\/p>\n<h2>LES TEMPS DE MARCHE :<\/h2>\n<p>Ils sont donn\u00e9s \u00e0 titre indicatif et tiennent compte de la qualit\u00e9 du terrain de la randonn\u00e9e. Ce sont des horaires moyens qui ne prennent en compte que la dur\u00e9e de la marche effective sans comptabiliser les temps de pause. Ils sont calcul\u00e9s sur une base de 300m de d\u00e9nivel\u00e9e par heure \u00e0 la mont\u00e9e et de 450 m par heure \u00e0 la descente.<\/p>\n<p>&nbsp;<\/p>\n<h2>EAU PENDANT LA RANDONN\u00c9E :<\/h2>\n<p>L\u2019usage d\u2019un \u00ab camel bak \u00bb (poche d\u2019eau \u00e9quip\u00e9e d\u2019un tuyau flexible sortant du sac \u00e0 dos) est conseill\u00e9. Vous pouvez aussi apporter un thermos pour votre boisson chaude durant les randonn\u00e9es.<\/p>\n<p>&nbsp;<\/p>\n<h2>LES ITIN\u00c9RAIRES DE RANDONN\u00c9E :<\/h2>\n<p>Ils peuvent \u00eatre modifi\u00e9s en fonction des conditions climatiques du moment, des crit\u00e8res techniques ou de la condition physique des participants. En dernier ressort, le guide reste seul juge du programme de la randonn\u00e9e qu\u2019il peut adapter en raison d\u2019imp\u00e9ratifs de s\u00e9curit\u00e9.<\/p>\n<p>&nbsp;<\/p>\n<h2>RENDEZ-VOUS :<\/h2>\n<p>RDV le jour 1, soit :<\/p>\n<p>&#8211; 13h le jour 1 en gare SNCF de Montpellier St Roch<br \/>\n&#8211; 15h30 le Jour 1 \u00e0 votre h\u00e9bergement<br \/>\nPoint de RDV \u00e0 la gare SNCF de Montpellier :<br \/>\nDevant le bureau de location de voitures, situ\u00e9 au niveau 1, juste devant la sortie \u00ab\u00a0Pont de S\u00e8te\u00a0\u00bb.<\/p>\n<p>FIN DE LA RANDONN\u00c9E :<\/p>\n<p>DISPERSION le jour 6, soit :<br \/>\n&#8211; 14h30 le jour 6 en gare SNCF de Montpellier St Roch<br \/>\n&#8211; apr\u00e8s votre pique nique<br \/>\nTRANSFERTS INCLUS DEPUIS LA GARE SNCF DE MONTPELLIER<br \/>\nV\u00e9hicule 5 ou 9 places conduit par votre accompagnateur<br \/>\nENCADREMENT : Cette randonn\u00e9e est accompagn\u00e9e par Thibault , Accompagnateur en Montagne local. Possibilit\u00e9 d\u2019encadrement par un autre accompagnateur en Montagne de la r\u00e9gion \u00e0 certaines dates de d\u00e9part.<\/p>\n<p>COMMENT S&rsquo;Y RENDRE :Afin de limiter vos \u00e9missions de CO2, nous vous encourageons \u00e0 utiliser les transports en commun.<br \/>\nSI VOUS VENEZ EN TRAIN<br \/>\nGare SNCF de Montpellier.<br \/>\nSI VOUS VENEZ EN VOITURE<br \/>\nAdresse de l&rsquo;h\u00e9bergement fournie dans votre dossier de d\u00e9part<br \/>\nSI VOUS VENEZ EN AVION A\u00e9roport de Montpellier m\u00e9diterran\u00e9e<\/p>\n<p>&nbsp;<\/p>\n<h2>\u00c9QUIPEMENT POUR LE S\u00c9JOUR<\/h2>\n<p>&nbsp;<\/p>\n<h3>LE SAC A DOS<\/h3>\n<p>Il doit pouvoir contenir vos affaires personnelles pour la journ\u00e9e, soit environ 30 litres. Pr\u00e9f\u00e9rez le avec ceinture ventrale (permettant de faire reposer le poids sur le bassin), des bretelles matelass\u00e9es et une sangle de poitrine. Vous devez toujours garder un v\u00eatement chaud, un v\u00eatement de pluie, une gourde, une trousse de secours et vos objets personnels sans oublier une partie du pique-nique. En plus du couvre-sac, un sac poubelle et deux poches cong\u00e9lation sont indispensables pour prot\u00e9ger efficacement vos affaires en cas de pluie.<\/p>\n<p>&nbsp;<\/p>\n<h3>LE BAGAGE<\/h3>\n<p>Il reste \u00e0 l&rsquo;h\u00e9bergement pendant toute cette randonn\u00e9e dans les C\u00e9vennes.<\/p>\n<p>&nbsp;<\/p>\n<h3>LES CHAUSSURES DE RANDONN\u00c9E<\/h3>\n<p>Choisir des chaussures de randonn\u00e9e avec une bonne tenue de cheville et des semelles crant\u00e9es, mais souples. Les chaussures sont l&rsquo;un des \u00e9l\u00e9ments les plus importants de votre randonn\u00e9e. Elles doivent \u00eatre avant tout confortables, l\u00e9g\u00e8res, imperm\u00e9ables et respirantes. Un bon maintien de la cheville est indispensable. Ne partez pas avec des chaussures neuves. Utilisez-les au moins deux ou trois fois avant lors de randonn\u00e9es.<\/p>\n<p>&nbsp;<\/p>\n<h3>LES V\u00caTEMENTS<\/h3>\n<p>Une veste coupe-vent imperm\u00e9able de type GORE TEX (les k-way de type \u201cponchos\u201d sont proscrits)<\/p>\n<p>Une veste polaire<\/p>\n<p>Un pantalon de randonn\u00e9e, un short, des tee-shirts (\u00e9viter le coton et privil\u00e9giez les mati\u00e8res respirantes).<\/p>\n<p>V\u00eatements de rechange et linge personnelUn maillot de bain et une serviette<\/p>\n<p>Doudoune, gants et bonnet (le sommet du Mt Aigoual peut \u00eatre froid \u00e0 certaines dates)<\/p>\n<p>Maillot de bain[\/vc_column_text][\/vc_column][\/vc_row][\/vc_section]<\/p>\n","protected":false},"excerpt":{"rendered":"<p>[vc_section][vc_row][vc_column][\/vc_column][\/vc_row][vc_row][vc_column][vc_column_text]S\u00e9jour en \u00e9toile Depuis l\u2019H\u00f4tel Restaurant des Douzes nich\u00e9e au c\u0153ur des Gorges de la Jonte, nous vous amenons d\u00e9couvrir nos\u00a0randonn\u00e9es\u00a0\u00ab coups de c\u0153ur \u00bb. Depuis plus de 10 ans, c\u2019est le pays d\u2019adoption de Thibault, notre accompagnateur en montagne. Les Grands Causses sont depuis plusieurs ann\u00e9es les diff\u00e9rents bureaux de Thibault. Lors de ce [&hellip;]<\/p>\n","protected":false},"author":1,"featured_media":0,"parent":0,"menu_order":0,"comment_status":"closed","ping_status":"closed","template":"","meta":{"footnotes":""},"_links":{"self":[{"href":"https:\/\/maison-des-accompagnateurs.fr\/index.php?rest_route=\/wp\/v2\/pages\/4224"}],"collection":[{"href":"https:\/\/maison-des-accompagnateurs.fr\/index.php?rest_route=\/wp\/v2\/pages"}],"about":[{"href":"https:\/\/maison-des-accompagnateurs.fr\/index.php?rest_route=\/wp\/v2\/types\/page"}],"author":[{"embeddable":true,"href":"https:\/\/maison-des-accompagnateurs.fr\/index.php?rest_route=\/wp\/v2\/users\/1"}],"replies":[{"embeddable":true,"href":"https:\/\/maison-des-accompagnateurs.fr\/index.php?rest_route=%2Fwp%2Fv2%2Fcomments&post=4224"}],"version-history":[{"count":8,"href":"https:\/\/maison-des-accompagnateurs.fr\/index.php?rest_route=\/wp\/v2\/pages\/4224\/revisions"}],"predecessor-version":[{"id":4703,"href":"https:\/\/maison-des-accompagnateurs.fr\/index.php?rest_route=\/wp\/v2\/pages\/4224\/revisions\/4703"}],"wp:attachment":[{"href":"https:\/\/maison-des-accompagnateurs.fr\/index.php?rest_route=%2Fwp%2Fv2%2Fmedia&parent=4224"}],"curies":[{"name":"wp","href":"https:\/\/api.w.org\/{rel}","templated":true}]}}