{"id":4241,"date":"2025-02-12T21:08:20","date_gmt":"2025-02-12T20:08:20","guid":{"rendered":"https:\/\/maison-des-accompagnateurs.fr\/?page_id=4241"},"modified":"2025-03-17T22:28:05","modified_gmt":"2025-03-17T21:28:05","slug":"vallon-de-marcillac","status":"publish","type":"page","link":"https:\/\/maison-des-accompagnateurs.fr\/?page_id=4241","title":{"rendered":"Vallon de Marcillac"},"content":{"rendered":"<p>[vc_section][vc_row][vc_column]<div class=\"wpb_content_element \"><style type=\"text\/css\">#ut_header_69ebae3863bb8 h1.page-title{ font-family: \"Andika\";font-weight:400;font-style:normal; }#ut_header_69ebae3863bb8 h1.page-title { font-size:30px !important; }<\/style><header id=\"ut_header_69ebae3863bb8\" class=\"page-header page-title-module  ut-no-title-linebreak-mobile ut-no-lead-linebreak-mobile pt-style-2 header-center header-tablet-center header-mobile-center\"><h1 data-title=\"Vallon de Marcillac\"  data-responsive-font=\"page_title\" data-responsive-font-settings=\"{&quot;base-font-size&quot;:&quot;global&quot;,&quot;font-size&quot;:{&quot;desktop_large&quot;:&quot;30&quot;},&quot;base-line-height&quot;:&quot;global&quot;,&quot;base-letter-spacing&quot;:&quot;global&quot;}\" class=\"page-title  \"><span>Vallon de Marcillac<\/span><\/h1><div data-delay=\"0\" class=\"lead \"><p>Le vallon de Marcillac<br \/>\nH\u00e9bergement avec piscine<\/p>\n<p>\n<\/div><\/header><\/div>[\/vc_column][\/vc_row][vc_row][vc_column]<div id=\"ut_oms_69ebae3865972\" class=\"wpb_content_element \"><style type=\"text\/css\"> #ut_oms_69ebae3865972 .ut-gallery-slider-caption-wrap::before { content: \"\"; }<\/style><div class=\"ut-owl-gallery-slider-wrap ut-owl-gallery-slider-style-two\"><div id=\"ut_ms_69ebae3865971\" class=\"ut-owl-gallery-slider owl-carousel owl-theme \" data-settings=\"{&quot;items&quot;:&quot;1&quot;,&quot;lazyLoad&quot;:true,&quot;smartSpeed&quot;:600,&quot;animateIn&quot;:false,&quot;animateOut&quot;:false,&quot;autoplay&quot;:true,&quot;autoplayHoverPause&quot;:true,&quot;autoplayTimeout&quot;:&quot;3&quot;,&quot;loop&quot;:true,&quot;nav&quot;:false,&quot;dots&quot;:false,&quot;lightbox&quot;:&quot;yes&quot;}\"><div><figure class=\"ut-gallery-slider-caption-wrap\"><a data-title=\"DSC_0246\" data-caption=\"\" data-caption-color=\"\" data-caption-background=\"\" data-trigger-id=\"ut-lightbox-trigger-4254\" data-exthumbimage=\"https:\/\/maison-des-accompagnateurs.fr\/wp-content\/uploads\/2025\/02\/DSC_0246-200x200.jpg\" href=\"https:\/\/maison-des-accompagnateurs.fr\/wp-content\/uploads\/2025\/02\/DSC_0246.jpg\" class=\"for-lightbox ut-slider-maximize\"><i class=\"Bklyn-Core-Maximize-3\"><\/i><\/a><img class=\"item owl-lazy\"  data-src=\"https:\/\/maison-des-accompagnateurs.fr\/wp-content\/uploads\/2025\/02\/DSC_0246-650x433.jpg\" \/><\/figure><\/div><div><figure class=\"ut-gallery-slider-caption-wrap\"><a data-title=\"005A9794\" data-caption=\"\" data-caption-color=\"\" data-caption-background=\"\" data-trigger-id=\"ut-lightbox-trigger-4255\" data-exthumbimage=\"https:\/\/maison-des-accompagnateurs.fr\/wp-content\/uploads\/2025\/02\/005A9794-200x200.jpg\" href=\"https:\/\/maison-des-accompagnateurs.fr\/wp-content\/uploads\/2025\/02\/005A9794.jpg\" class=\"for-lightbox ut-slider-maximize\"><i class=\"Bklyn-Core-Maximize-3\"><\/i><\/a><img class=\"item owl-lazy\"  data-src=\"https:\/\/maison-des-accompagnateurs.fr\/wp-content\/uploads\/2025\/02\/005A9794-650x433.jpg\" \/><\/figure><\/div><div><figure class=\"ut-gallery-slider-caption-wrap\"><a data-title=\"Randonneuses1\u00a9R.Combal-OTCM\" data-caption=\"\" data-caption-color=\"\" data-caption-background=\"\" data-trigger-id=\"ut-lightbox-trigger-4246\" data-exthumbimage=\"https:\/\/maison-des-accompagnateurs.fr\/wp-content\/uploads\/2025\/02\/Randonneuses1\u00a9R.Combal-OTCM-200x200.jpg\" href=\"https:\/\/maison-des-accompagnateurs.fr\/wp-content\/uploads\/2025\/02\/Randonneuses1\u00a9R.Combal-OTCM.jpg\" class=\"for-lightbox ut-slider-maximize\"><i class=\"Bklyn-Core-Maximize-3\"><\/i><\/a><img class=\"item owl-lazy\"  data-src=\"https:\/\/maison-des-accompagnateurs.fr\/wp-content\/uploads\/2025\/02\/Randonneuses1\u00a9R.Combal-OTCM-650x433.jpg\" \/><\/figure><\/div><div><figure class=\"ut-gallery-slider-caption-wrap\"><a data-title=\"P14_haut3 (1)\" data-caption=\"\" data-caption-color=\"\" data-caption-background=\"\" data-trigger-id=\"ut-lightbox-trigger-4247\" data-exthumbimage=\"https:\/\/maison-des-accompagnateurs.fr\/wp-content\/uploads\/2025\/02\/P14_haut3-1-200x200.jpg\" href=\"https:\/\/maison-des-accompagnateurs.fr\/wp-content\/uploads\/2025\/02\/P14_haut3-1.jpg\" class=\"for-lightbox ut-slider-maximize\"><i class=\"Bklyn-Core-Maximize-3\"><\/i><\/a><img class=\"item owl-lazy\"  data-src=\"https:\/\/maison-des-accompagnateurs.fr\/wp-content\/uploads\/2025\/02\/P14_haut3-1-650x433.jpg\" \/><\/figure><\/div><div><figure class=\"ut-gallery-slider-caption-wrap\"><a data-title=\"_DSC0038\" data-caption=\"\" data-caption-color=\"\" data-caption-background=\"\" data-trigger-id=\"ut-lightbox-trigger-4248\" data-exthumbimage=\"https:\/\/maison-des-accompagnateurs.fr\/wp-content\/uploads\/2025\/02\/DSC0038-200x200.jpg\" href=\"https:\/\/maison-des-accompagnateurs.fr\/wp-content\/uploads\/2025\/02\/DSC0038.jpg\" class=\"for-lightbox ut-slider-maximize\"><i class=\"Bklyn-Core-Maximize-3\"><\/i><\/a><img class=\"item owl-lazy\"  data-src=\"https:\/\/maison-des-accompagnateurs.fr\/wp-content\/uploads\/2025\/02\/DSC0038-650x433.jpg\" \/><\/figure><\/div><div><figure class=\"ut-gallery-slider-caption-wrap\"><a data-title=\"CONQUES_04\" data-caption=\"\" data-caption-color=\"\" data-caption-background=\"\" data-trigger-id=\"ut-lightbox-trigger-4249\" data-exthumbimage=\"https:\/\/maison-des-accompagnateurs.fr\/wp-content\/uploads\/2025\/02\/CONQUES_04-200x200.jpg\" href=\"https:\/\/maison-des-accompagnateurs.fr\/wp-content\/uploads\/2025\/02\/CONQUES_04.jpg\" class=\"for-lightbox ut-slider-maximize\"><i class=\"Bklyn-Core-Maximize-3\"><\/i><\/a><img class=\"item owl-lazy\"  data-src=\"https:\/\/maison-des-accompagnateurs.fr\/wp-content\/uploads\/2025\/02\/CONQUES_04-650x433.jpg\" \/><\/figure><\/div><\/div><a href=\"#\" data-for=\"ut_ms_69ebae3865971\" class=\"ut-prev-gallery-slide ut-single-slider-control\"><i class=\"Bklyn-Core-Left-2\"><\/i><\/a><a href=\"#\" data-for=\"ut_ms_69ebae3865971\" class=\"ut-next-gallery-slide ut-single-slider-control\"><i class=\"Bklyn-Core-Right-2\"><\/i><\/a><\/div><\/div>[vc_column_text]<\/p>\n<header id=\"banner\" class=\"banner\" role=\"banner\"><\/header>\n<article id=\"travel-trip\" class=\"travel-trip is-xlarge\">\n<div class=\"intro\">\n<div class=\"travel-trip-summary\">\n<div class=\"summary rt\">\n<div>\n<div>\n<p>D\u00e9couvrez l\u2019Aveyron, son terroir et ses paysages : Rougier de Marcillac, Causse Comtal, vall\u00e9e du Lot, trou de Bozouls, splendeur m\u00e9di\u00e9vale de villages class\u00e9s comme Conques ou Estaing\u2026<br \/>\nDes randonn\u00e9es faites \u00abmaison\u00bb au d\u00e9part de Pont-les-Bains : Causses, Vallons, Canyons, Gorges et Coteaux\u2026 de bonnes ascensions et de longues boucles paisibles \u00e0 la d\u00e9couverte de villages et ch\u00e2teaux typiques de l\u2019Aveyron !<\/p>\n<\/div>\n<\/div>\n<\/div>\n<\/div>\n<\/div>\n<\/article>\n<p>[\/vc_column_text][vc_row_inner][vc_column_inner width=\u00a0\u00bb1\/2&Prime;][vc_gmaps link=\u00a0\u00bb#E-8_JTNDaWZyYW1lJTIwc3JjJTNEJTIyaHR0cHMlM0ElMkYlMkZ3d3cuZ29vZ2xlLmNvbSUyRm1hcHMlMkZlbWJlZCUzRnBiJTNEJTIxMW0xOCUyMTFtMTIlMjExbTMlMjExZDE1MDU5LjY5NDQxNDIxMDklMjEyZDIuNDgyNDYxNDE2NTk5NjUyNCUyMTNkNDQuNDQ2NzIwOTY3MDAxNzklMjEybTMlMjExZjAlMjEyZjAlMjEzZjAlMjEzbTIlMjExaTEwMjQlMjEyaTc2OCUyMTRmMTMuMSUyMTNtMyUyMTFtMiUyMTFzMHgxMmIyODE4YTEzZGMwNTY1JTI1M0EweDgzMTk5ZGYyYjA5ZTdkZDMlMjEyc0wlMjYlMjMzOSUzQk9VU1RBTCUyMTVlMCUyMTNtMiUyMTFzZnIlMjEyc2ZyJTIxNHYxNzM5MzkxMDg3MDAyJTIxNW0yJTIxMXNmciUyMTJzZnIlMjIlMjB3aWR0aCUzRCUyMjYwMCUyMiUyMGhlaWdodCUzRCUyMjQ1MCUyMiUyMHN0eWxlJTNEJTIyYm9yZGVyJTNBMCUzQiUyMiUyMGFsbG93ZnVsbHNjcmVlbiUzRCUyMiUyMiUyMGxvYWRpbmclM0QlMjJsYXp5JTIyJTIwcmVmZXJyZXJwb2xpY3klM0QlMjJuby1yZWZlcnJlci13aGVuLWRvd25ncmFkZSUyMiUzRSUzQyUyRmlmcmFtZSUzRQ==\u00a0\u00bb title=\u00a0\u00bbL&rsquo;oustal\u00a0\u00bb][\/vc_column_inner][vc_column_inner width=\u00a0\u00bb1\/2&Prime;][vc_column_text]<\/p>\n<h2>CALENDRIER et TARIFS<\/h2>\n<h2><\/h2>\n<h2><\/h2>\n<p>8 jours \/ 7 nuits<\/p>\n<p>&#8211; Du 12 au 19 avril \u00e0 partir de 530\u20ac<\/p>\n<p>&#8211; Du 3 au 10 mai \u00e0 partir de 560\u20ac<\/p>\n<p>&#8211; Du 11 au 18 octobre \u00e0 partir de 560\u20ac<\/p>\n<p>Contact et r\u00e9servations :<\/p>\n<p>Maison des Accompagnateurs<\/p>\n<p>06 79 72 88 75<\/p>\n<p><a href=\"mailto:maisondesaccompagnateurs@gmail.com%C2%A0\" target=\"_blank\" rel=\"noopener\">maisondesaccompagnateurs@<wbr \/>gmail.com<\/a><\/p>\n<p>OUSTAL<br \/>\nT\u00e9l. : 05 64 13 60 29<br \/>\nMail :\u00a0<a href=\"mailto:reservations@oustal-pontlesbains.fr\" target=\"_blank\" rel=\"noopener\">reservations@oustal-<wbr \/>pontlesbains.fr<\/a><\/p>\n<p>[\/vc_column_text][\/vc_column_inner][\/vc_row_inner][\/vc_column][\/vc_row][vc_row][vc_column][vc_column_text]<\/p>\n<footer id=\"footer\" class=\"footer\">\n<div class=\"inner\">\n<nav class=\"footer-nav-menu\" role=\"navigation\">\n<ul>\n<li class=\"footer-nav-menu-item root-item\" style=\"list-style-type: none;\">\n<ul>\n<li class=\"footer-nav-menu-item sub-item\" style=\"list-style-type: none;\">JOUR 1<\/li>\n<li class=\"footer-nav-menu-item sub-item\" style=\"list-style-type: none;\">\n<h2>INSTALLATION \u00c0 VOTRE H\u00d4TEL \u00c0 PONT-LES-BAINS<\/h2>\n<\/li>\n<li class=\"footer-nav-menu-item sub-item\" style=\"list-style-type: none;\">JOUR 2<\/li>\n<li class=\"footer-nav-menu-item sub-item\" style=\"list-style-type: none;\">\n<h2>RANDONN\u00c9E AUTOUR DE SALLES-LA-SOURCE<\/h2>\n<\/li>\n<li class=\"footer-nav-menu-item sub-item\" style=\"list-style-type: none;\">Rencontre avec votre guide et d\u00e9part \u00e0 pied pour les cascades de Vanc (2 h, 5 km, 250 m D+), retour \u00e0 l\u2019 h\u00f4tel pour le d\u00e9jeuner.<br \/>\nL\u2019apr\u00e8s midi, d\u00e9part \u00e0 pieds pour randonner dans la Vall\u00e9e du Cr\u00e9neau (3 h, 10 km, 390 m D+).<\/li>\n<\/ul>\n<\/li>\n<li class=\"footer-nav-menu-item root-item\" style=\"list-style-type: none;\">\n<ul>\n<li class=\"footer-nav-menu-item sub-item\" style=\"list-style-type: none;\">JOUR 3<br \/>\n<h2>SAINT-JEAN-LE-FROID<\/h2>\n<p>Depuis Marcillac, randonn\u00e9e \u00e0 la journ\u00e9e \u00e0 travers les coteaux du vallon en direction de Saint-Jean-le-Froid (13 km, 320 m D+).<br \/>\nRepas chaud livr\u00e9 la Chapelle de Saint-Jean le Froid (panorama \u00e0 360\u00b0).<\/li>\n<li class=\"footer-nav-menu-item sub-item\" style=\"list-style-type: none;\">JOUR 4<br \/>\n<h2>GRADELS \/ PUECH DU CAYLA<\/h2>\n<p>Le matin, d\u00e9couvrez Gradels, install\u00e9 sur le Causse, son centre ancien et ses deux ch\u00e2teaux, t\u00e9moignage remarquable de l\u2019architecture (8,5 km, 130 m D+).<br \/>\nL\u2019apr\u00e8s midi, randonn\u00e9e sur Le Puech du Cayla, dominant le village de Saint-Christophe, d\u2019o\u00f9 vous d\u00e9couvrirez un beau panorama sur les puechs et les vallons environnants (10,5 km, 200 m D+).<\/li>\n<li class=\"footer-nav-menu-item sub-item\" style=\"list-style-type: none;\">JOUR 5<br \/>\n<h2>VALLON DE CLAIRVAUX<\/h2>\n<p>Partez d\u00e9couvrir le vin de Marcillac !<br \/>\nRandonn\u00e9e \u00e0 la journ\u00e9e o\u00f9 vous traverserez les vignes de Clairvaux ( 14 km, 200 m D+) et o\u00f9 vous irez, en fin d\u2019apr\u00e8s-midi, \u00e0 la rencontre de viticulteurs \u00e0 La Cave Laurens.<\/li>\n<li class=\"footer-nav-menu-item sub-item\" style=\"list-style-type: none;\">JOUR 6<br \/>\n<h2>BOZOULS \/ ESTAING<\/h2>\n<p>D\u00e9couvrez notre patrimoine exceptionnel et nos villages class\u00e9s, en commen\u00e7ant par le Trou de Bozouls ! Randonn\u00e9e \u00ab au fond du trou \u00bb le matin (7,5 km, 100 m D+).<br \/>\nL\u2019apr\u00e8s midi, allez d\u00e9couvrir les environs d\u2019Estaing et le village, class\u00e9 parmi les plus beaux villages de France (7 km, 200 m D+).<\/li>\n<li class=\"footer-nav-menu-item sub-item\" style=\"list-style-type: none;\">JOUR 7<br \/>\n<h2>VALL\u00c9E DU LOT \/ CONQUES<\/h2>\n<p>Partez sur les traces des p\u00e8lerins de Compostelle !<br \/>\nLe matin, randonn\u00e9e en direction du village de la Vinzelle sur les rives du Lot,(6 km, 290 m D+).<br \/>\nL\u2019apr\u00e8s-midi, visite guid\u00e9e de Conques, Abbatiale et Tympan du Jugement Dernier.<br \/>\nJOUR 8<\/li>\n<li class=\"footer-nav-menu-item sub-item\" style=\"list-style-type: none;\">\n<h2>FIN DU S\u00c9JOUR<\/h2>\n<p>S\u00e9jour accompagn\u00e9 par des accompagnateurs en montagne,<br \/>\nlocaux, dipl\u00f4m\u00e9s d\u2019\u00e9tat.<br \/>\nCe programme est modifiable en fonction des conditions<br \/>\nm\u00e9t\u00e9o ou tout autre \u00e9l\u00e9ment touchant \u00e0 la s\u00e9curit\u00e9 du<br \/>\ngroupe.<br \/>\nUn moyen de transport personnel est essentiel pour<br \/>\nparticiper \u00e0 notre aventure.<\/p>\n<h2>Contact et r\u00e9servations :<\/h2>\n<p>Maison des Accompagnateurs<br \/>\n06 79 72 88 75<br \/>\n<a href=\"mailto:maisondesaccompagnateurs@gmail.com\" target=\"_blank\" rel=\"noopener\">maisondesaccompagnateurs@<wbr \/>gmail.com\u00a0<\/a><\/p>\n<p>OUSTAL<br \/>\nT\u00e9l. : 05 64 13 60 29<br \/>\nMail :\u00a0<a href=\"mailto:reservations@oustal-pontlesbains.fr\" target=\"_blank\" rel=\"noopener\">reservations@oustal-<wbr \/>pontlesbains.fr<\/a><\/li>\n<\/ul>\n<\/li>\n<\/ul>\n<\/nav>\n<\/div>\n<\/footer>\n<p>[\/vc_column_text][\/vc_column][\/vc_row][\/vc_section]<\/p>\n","protected":false},"excerpt":{"rendered":"<p>[vc_section][vc_row][vc_column][\/vc_column][\/vc_row][vc_row][vc_column][vc_column_text] D\u00e9couvrez l\u2019Aveyron, son terroir et ses paysages : Rougier de Marcillac, Causse Comtal, vall\u00e9e du Lot, trou de Bozouls, splendeur m\u00e9di\u00e9vale de villages class\u00e9s comme Conques ou Estaing\u2026 Des randonn\u00e9es faites \u00abmaison\u00bb au d\u00e9part de Pont-les-Bains : Causses, Vallons, Canyons, Gorges et Coteaux\u2026 de bonnes ascensions et de longues boucles paisibles \u00e0 la d\u00e9couverte [&hellip;]<\/p>\n","protected":false},"author":1,"featured_media":0,"parent":0,"menu_order":0,"comment_status":"closed","ping_status":"closed","template":"","meta":{"footnotes":""},"_links":{"self":[{"href":"https:\/\/maison-des-accompagnateurs.fr\/index.php?rest_route=\/wp\/v2\/pages\/4241"}],"collection":[{"href":"https:\/\/maison-des-accompagnateurs.fr\/index.php?rest_route=\/wp\/v2\/pages"}],"about":[{"href":"https:\/\/maison-des-accompagnateurs.fr\/index.php?rest_route=\/wp\/v2\/types\/page"}],"author":[{"embeddable":true,"href":"https:\/\/maison-des-accompagnateurs.fr\/index.php?rest_route=\/wp\/v2\/users\/1"}],"replies":[{"embeddable":true,"href":"https:\/\/maison-des-accompagnateurs.fr\/index.php?rest_route=%2Fwp%2Fv2%2Fcomments&post=4241"}],"version-history":[{"count":14,"href":"https:\/\/maison-des-accompagnateurs.fr\/index.php?rest_route=\/wp\/v2\/pages\/4241\/revisions"}],"predecessor-version":[{"id":4701,"href":"https:\/\/maison-des-accompagnateurs.fr\/index.php?rest_route=\/wp\/v2\/pages\/4241\/revisions\/4701"}],"wp:attachment":[{"href":"https:\/\/maison-des-accompagnateurs.fr\/index.php?rest_route=%2Fwp%2Fv2%2Fmedia&parent=4241"}],"curies":[{"name":"wp","href":"https:\/\/api.w.org\/{rel}","templated":true}]}}