{"id":4257,"date":"2025-02-12T21:27:18","date_gmt":"2025-02-12T20:27:18","guid":{"rendered":"https:\/\/maison-des-accompagnateurs.fr\/?page_id=4257"},"modified":"2025-03-17T21:41:35","modified_gmt":"2025-03-17T20:41:35","slug":"vachement-rando","status":"publish","type":"page","link":"https:\/\/maison-des-accompagnateurs.fr\/?page_id=4257","title":{"rendered":"Vachement rando"},"content":{"rendered":"<p>[vc_section][vc_row][vc_column]<div class=\"wpb_content_element \"><style type=\"text\/css\">#ut_header_69ebc02e01170 h1.page-title{ font-family: \"Andika\";font-weight:400;font-style:normal; }#ut_header_69ebc02e01170 h1.page-title { font-size:30px !important; }<\/style><header id=\"ut_header_69ebc02e01170\" class=\"page-header page-title-module  ut-no-title-linebreak-mobile ut-no-lead-linebreak-mobile pt-style-2 header-center header-tablet-center header-mobile-center\"><h1 data-title=\"Vachement rando\"  data-responsive-font=\"page_title\" data-responsive-font-settings=\"{&quot;base-font-size&quot;:&quot;global&quot;,&quot;font-size&quot;:{&quot;desktop_large&quot;:&quot;30&quot;},&quot;base-line-height&quot;:&quot;global&quot;,&quot;base-letter-spacing&quot;:&quot;global&quot;}\" class=\"page-title  \"><span>Vachement rando<\/span><\/h1><div data-delay=\"0\" class=\"lead \"><p>Vachement rando<\/p>\n<\/div><\/header><\/div>[\/vc_column][\/vc_row][vc_row][vc_column]<div id=\"ut_oms_69ebc02e04796\" class=\"wpb_content_element \"><style type=\"text\/css\"> #ut_oms_69ebc02e04796 .ut-gallery-slider-caption-wrap::before { content: \"\"; }<\/style><div class=\"ut-owl-gallery-slider-wrap ut-owl-gallery-slider-style-two\"><div id=\"ut_ms_69ebc02e04794\" class=\"ut-owl-gallery-slider owl-carousel owl-theme \" data-settings=\"{&quot;items&quot;:&quot;1&quot;,&quot;lazyLoad&quot;:true,&quot;smartSpeed&quot;:600,&quot;animateIn&quot;:false,&quot;animateOut&quot;:false,&quot;autoplay&quot;:true,&quot;autoplayHoverPause&quot;:true,&quot;autoplayTimeout&quot;:&quot;3&quot;,&quot;loop&quot;:true,&quot;nav&quot;:false,&quot;dots&quot;:false,&quot;lightbox&quot;:&quot;yes&quot;}\"><div><figure class=\"ut-gallery-slider-caption-wrap\"><a data-title=\"20211009_164135_Original (3)\" data-caption=\"\" data-caption-color=\"\" data-caption-background=\"\" data-trigger-id=\"ut-lightbox-trigger-4512\" data-exthumbimage=\"https:\/\/maison-des-accompagnateurs.fr\/wp-content\/uploads\/2025\/03\/20211009_164135_Original-3-200x200.jpg\" href=\"https:\/\/maison-des-accompagnateurs.fr\/wp-content\/uploads\/2025\/03\/20211009_164135_Original-3.jpg\" class=\"for-lightbox ut-slider-maximize\"><i class=\"Bklyn-Core-Maximize-3\"><\/i><\/a><img class=\"item owl-lazy\"  data-src=\"https:\/\/maison-des-accompagnateurs.fr\/wp-content\/uploads\/2025\/03\/20211009_164135_Original-3-650x433.jpg\" \/><\/figure><\/div><div><figure class=\"ut-gallery-slider-caption-wrap\"><a data-title=\"IMG-20230829-WA0048 (2)\" data-caption=\"\" data-caption-color=\"\" data-caption-background=\"\" data-trigger-id=\"ut-lightbox-trigger-4513\" data-exthumbimage=\"https:\/\/maison-des-accompagnateurs.fr\/wp-content\/uploads\/2025\/03\/IMG-20230829-WA0048-2-200x200.jpg\" href=\"https:\/\/maison-des-accompagnateurs.fr\/wp-content\/uploads\/2025\/03\/IMG-20230829-WA0048-2.jpg\" class=\"for-lightbox ut-slider-maximize\"><i class=\"Bklyn-Core-Maximize-3\"><\/i><\/a><img class=\"item owl-lazy\"  data-src=\"https:\/\/maison-des-accompagnateurs.fr\/wp-content\/uploads\/2025\/03\/IMG-20230829-WA0048-2-650x433.jpg\" \/><\/figure><\/div><div><figure class=\"ut-gallery-slider-caption-wrap\"><a data-title=\"IMG-20230829-WA0083 (1)\" data-caption=\"\" data-caption-color=\"\" data-caption-background=\"\" data-trigger-id=\"ut-lightbox-trigger-4514\" data-exthumbimage=\"https:\/\/maison-des-accompagnateurs.fr\/wp-content\/uploads\/2025\/03\/IMG-20230829-WA0083-1-200x200.jpg\" href=\"https:\/\/maison-des-accompagnateurs.fr\/wp-content\/uploads\/2025\/03\/IMG-20230829-WA0083-1.jpg\" class=\"for-lightbox ut-slider-maximize\"><i class=\"Bklyn-Core-Maximize-3\"><\/i><\/a><img class=\"item owl-lazy\"  data-src=\"https:\/\/maison-des-accompagnateurs.fr\/wp-content\/uploads\/2025\/03\/IMG-20230829-WA0083-1-650x433.jpg\" \/><\/figure><\/div><div><figure class=\"ut-gallery-slider-caption-wrap\"><a data-title=\"IMG_20220604_120240\" data-caption=\"\" data-caption-color=\"\" data-caption-background=\"\" data-trigger-id=\"ut-lightbox-trigger-4508\" data-exthumbimage=\"https:\/\/maison-des-accompagnateurs.fr\/wp-content\/uploads\/2025\/03\/IMG_20220604_120240-200x200.jpg\" href=\"https:\/\/maison-des-accompagnateurs.fr\/wp-content\/uploads\/2025\/03\/IMG_20220604_120240.jpg\" class=\"for-lightbox ut-slider-maximize\"><i class=\"Bklyn-Core-Maximize-3\"><\/i><\/a><img class=\"item owl-lazy\"  data-src=\"https:\/\/maison-des-accompagnateurs.fr\/wp-content\/uploads\/2025\/03\/IMG_20220604_120240-650x433.jpg\" \/><\/figure><\/div><div><figure data-caption=\"OLYMPUS DIGITAL CAMERA\" class=\"ut-gallery-slider-caption-wrap\"><a data-title=\"OLYMPUS DIGITAL CAMERA\" data-caption=\"OLYMPUS DIGITAL CAMERA\" data-caption-color=\"\" data-caption-background=\"\" data-sub-html=\"#ut-image-caption-4509\" data-exthumbimage=\"https:\/\/maison-des-accompagnateurs.fr\/wp-content\/uploads\/2025\/03\/infos-pratiques-200x200.jpg\" href=\"https:\/\/maison-des-accompagnateurs.fr\/wp-content\/uploads\/2025\/03\/infos-pratiques.jpg\" class=\"for-lightbox ut-slider-maximize\"><i class=\"Bklyn-Core-Maximize-3\"><\/i><\/a><img alt=\"OLYMPUS DIGITAL CAMERA\" class=\"item owl-lazy\" data-src=\"https:\/\/maison-des-accompagnateurs.fr\/wp-content\/uploads\/2025\/03\/infos-pratiques-650x433.jpg\" \/><\/figure><div id=\"ut-image-caption-4509\" class=\"ut-vc-images-lightbox-caption\">OLYMPUS DIGITAL CAMERA<\/div><\/div><div><figure class=\"ut-gallery-slider-caption-wrap\"><a data-title=\"IMG-20230911-WA0002\" data-caption=\"\" data-caption-color=\"\" data-caption-background=\"\" data-trigger-id=\"ut-lightbox-trigger-4510\" data-exthumbimage=\"https:\/\/maison-des-accompagnateurs.fr\/wp-content\/uploads\/2025\/03\/IMG-20230911-WA0002-200x200.jpg\" href=\"https:\/\/maison-des-accompagnateurs.fr\/wp-content\/uploads\/2025\/03\/IMG-20230911-WA0002.jpg\" class=\"for-lightbox ut-slider-maximize\"><i class=\"Bklyn-Core-Maximize-3\"><\/i><\/a><img class=\"item owl-lazy\"  data-src=\"https:\/\/maison-des-accompagnateurs.fr\/wp-content\/uploads\/2025\/03\/IMG-20230911-WA0002-650x433.jpg\" \/><\/figure><\/div><div><figure class=\"ut-gallery-slider-caption-wrap\"><a data-title=\"IMG-20230829-WA0083\" data-caption=\"\" data-caption-color=\"\" data-caption-background=\"\" data-trigger-id=\"ut-lightbox-trigger-4511\" data-exthumbimage=\"https:\/\/maison-des-accompagnateurs.fr\/wp-content\/uploads\/2025\/03\/IMG-20230829-WA0083-200x200.jpg\" href=\"https:\/\/maison-des-accompagnateurs.fr\/wp-content\/uploads\/2025\/03\/IMG-20230829-WA0083.jpg\" class=\"for-lightbox ut-slider-maximize\"><i class=\"Bklyn-Core-Maximize-3\"><\/i><\/a><img class=\"item owl-lazy\"  data-src=\"https:\/\/maison-des-accompagnateurs.fr\/wp-content\/uploads\/2025\/03\/IMG-20230829-WA0083-650x433.jpg\" \/><\/figure><\/div><\/div><a href=\"#\" data-for=\"ut_ms_69ebc02e04794\" class=\"ut-prev-gallery-slide ut-single-slider-control\"><i class=\"Bklyn-Core-Left-2\"><\/i><\/a><a href=\"#\" data-for=\"ut_ms_69ebc02e04794\" class=\"ut-next-gallery-slide ut-single-slider-control\"><i class=\"Bklyn-Core-Right-2\"><\/i><\/a><\/div><\/div>[vc_column_text]<\/p>\n<h3>H\u00e9bergement avec piscine<\/h3>\n<p>A travers le Plateau de l\u2019Aubrac, ses beaux paysages, ses vieux villages, ainsi qu\u2019\u00e0 travers les villages fleuris de la vall\u00e9e du Lot travers\u00e9s par le Chemin de Saint-Jacques-de-Compostelle, d\u00e9gustez un \u00ab aligot-saucisse \u00bb dans un Buron authentique ! Bienvenue au pays du couteau, Laguiole, o\u00f9 l\u2019on valorise toujours et encore la gastronomie aveyronnaise ![\/vc_column_text][vc_row_inner][vc_column_inner width=\u00a0\u00bb1\/2&Prime;][vc_gmaps link=\u00a0\u00bb#E-8_JTNDaWZyYW1lJTIwc3JjJTNEJTIyaHR0cHMlM0ElMkYlMkZ3d3cuZ29vZ2xlLmNvbSUyRm1hcHMlMkZlbWJlZCUzRnBiJTNEJTIxMW0xOCUyMTFtMTIlMjExbTMlMjExZDE4MTUyMS44MjM2NzY3NDQ0JTIxMmQyLjU3MjU3NDYzOTc2MDUyNjIlMjEzZDQ0LjY5MzUxMjgxNTkwOTI2JTIxMm0zJTIxMWYwJTIxMmYwJTIxM2YwJTIxM20yJTIxMWkxMDI0JTIxMmk3NjglMjE0ZjEzLjElMjEzbTMlMjExbTIlMjExczB4MTJiMmMxOTMyNmJhMDY4NyUyNTNBMHgxNGJmYWI2MzlhM2JjZmYwJTIxMnMxMjIxMCUyNTIwTGFndWlvbGUlMjE1ZTAlMjEzbTIlMjExc2ZyJTIxMnNmciUyMTR2MTczOTM5MjA5NjUxNiUyMTVtMiUyMTFzZnIlMjEyc2ZyJTIyJTIwd2lkdGglM0QlMjI2MDAlMjIlMjBoZWlnaHQlM0QlMjI0NTAlMjIlMjBzdHlsZSUzRCUyMmJvcmRlciUzQTAlM0IlMjIlMjBhbGxvd2Z1bGxzY3JlZW4lM0QlMjIlMjIlMjBsb2FkaW5nJTNEJTIybGF6eSUyMiUyMHJlZmVycmVycG9saWN5JTNEJTIybm8tcmVmZXJyZXItd2hlbi1kb3duZ3JhZGUlMjIlM0UlM0MlMkZpZnJhbWUlM0U=\u00a0\u00bb title=\u00a0\u00bbLaguiole\u00a0\u00bb][\/vc_column_inner][vc_column_inner width=\u00a0\u00bb1\/2&Prime;][vc_column_text]<\/p>\n<div class=\"heading\">\n<article id=\"travel-trip\" class=\"travel-trip is-xlarge\">\n<div class=\"main\">\n<section id=\"travel-trip-tab-itinerary\" class=\"travel-trip-tab active\">\n<h2>Date<\/h2>\n<\/section>\n<\/div>\n<aside class=\"related travel-trip-related\"><\/aside>\n<\/article>\n<footer id=\"footer\" class=\"footer\">\n<div class=\"inner\">\n<nav class=\"footer-nav-menu\" role=\"navigation\">Du 5 au 12 juillet et du 16 au 22 aout<\/nav>\n<nav role=\"navigation\"><\/nav>\n<\/div>\n<\/footer>\n<p>&nbsp;<\/p>\n<\/div>\n<p>[\/vc_column_text][vc_column_text]<\/p>\n<footer id=\"footer\" class=\"footer\">\n<div class=\"inner\">\n<h2 class=\"footer-nav-menu\" role=\"navigation\"><span style=\"color: #222222;\">Contact et r\u00e9servations :<\/span><\/h2>\n<\/div>\n<\/footer>\n<p>Maison des Accompagnateurs<\/p>\n<p>Tel : 06 79 72 88 75<\/p>\n<p>Mail :\u00a0<a href=\"mailto:maisondesaccompagnateurs@gmail.com%C2%A0\" target=\"_blank\" rel=\"noopener\">maisondesaccompagnateurs@<wbr \/>gmail.com<\/a><\/p>\n<p>Soleil \u00e9vasion<br \/>\nT\u00e9l. :05.65.58.46.01<\/p>\n<p>Mail : contact@soleilevasion.fr[\/vc_column_text][\/vc_column_inner][\/vc_row_inner][\/vc_column][\/vc_row][vc_row][vc_column][vc_column_text]Jour 1 :<\/p>\n<h2>LAGUIOLE ET SES ENVIRONS :<\/h2>\n<p>Rencontre avec votre guide et d\u00e9part \u00e0 pieds pour les Abiouradous. &gt; Randonn\u00e9e \u00e0 la journ\u00e9e avec pique-nique (14 km, 250 m D+) qui vous am\u00e8nera jusqu\u2019aux p\u00e2turages d\u2019estive et qui vous fera d\u00e9couvrir de nombreux points de vue sur Laguiole et sur les monts du Cantal. &gt; Sur le chemin du retour, visite de la Coutellerie Durand.<\/p>\n<p>Jour 2 :<\/p>\n<h2>PAYSAGES DE L\u2019AUBRAC, ENTRE FOR\u00caT ET P\u00c2TURAGE :<\/h2>\n<p>Randonn\u00e9e La Croix du Pal (16 km \u2013 400 m D+) o\u00f9 vous admirerez des paysages \u00e0 couper le souffle avec de magnifiques points de vue au c\u0153ur de l\u2019Aubrac et de ses contreforts. &gt; Randonn\u00e9e sportive aux confins de la Loz\u00e8re et de l\u2019Aveyron, entre Puech, Dev\u00e8zes, Petits ruisseaux\u2026<\/p>\n<p>Jour 3 :<\/p>\n<h2>TRADITIONS EN AUBRAC :<\/h2>\n<p>Randonn\u00e9e sur l\u2019ancienne Voie Romaine (16 km \u2013 400 m de d\u00e9nivel\u00e9).<\/p>\n<p>Randonn\u00e9e de toute beaut\u00e9 avec la visite du Village Aubrac.<\/p>\n<p>Vous d\u00e9gusterez le c\u00e9l\u00e8bre aligot dans le Buron de Camejane.<\/p>\n<p>Jour 4 :<\/p>\n<h2>VALL\u00c9E DU LOT :<\/h2>\n<p>Commencez la journ\u00e9e par la visite d\u2019une fromagerie \u00e0 Laguiole, puis direction la vall\u00e9e du Lot, randonn\u00e9e sur les bords du Lot (5 km \u2013 200 m D+) avec D\u00e9couverte d\u2019Espalion et de Saint-C\u00f4me.<\/p>\n<p>L\u2019apr\u00e8s-midi, randonn\u00e9e la Chapelle de l\u2019Ouradou (8 km \u2013 200 m D+). D\u00e9couverte des cr\u00eates et des collines formant un \u00e9crin dans lequel se blottit la cit\u00e9 d\u2019Estaing, plus beau village de France.<\/p>\n<p>S\u00e9jour accompagn\u00e9 par des accompagnateurs en montagne, locaux, dipl\u00f4m\u00e9s d\u2019\u00e9tat. Ce programme est modifiable en fonction des conditions m\u00e9t\u00e9o ou tout autre \u00e9l\u00e9ment touchant \u00e0 la s\u00e9curit\u00e9 du groupe. Un moyen de transport personnel est essentiel pour participer \u00e0 notre aventure.[\/vc_column_text][\/vc_column][\/vc_row][\/vc_section]<\/p>\n","protected":false},"excerpt":{"rendered":"<p>[vc_section][vc_row][vc_column][\/vc_column][\/vc_row][vc_row][vc_column][vc_column_text] H\u00e9bergement avec piscine A travers le Plateau de l\u2019Aubrac, ses beaux paysages, ses vieux villages, ainsi qu\u2019\u00e0 travers les villages fleuris de la vall\u00e9e du Lot travers\u00e9s par le Chemin de Saint-Jacques-de-Compostelle, d\u00e9gustez un \u00ab aligot-saucisse \u00bb dans un Buron authentique ! Bienvenue au pays du couteau, Laguiole, o\u00f9 l\u2019on valorise toujours et encore [&hellip;]<\/p>\n","protected":false},"author":1,"featured_media":0,"parent":0,"menu_order":0,"comment_status":"closed","ping_status":"closed","template":"","meta":{"footnotes":""},"_links":{"self":[{"href":"https:\/\/maison-des-accompagnateurs.fr\/index.php?rest_route=\/wp\/v2\/pages\/4257"}],"collection":[{"href":"https:\/\/maison-des-accompagnateurs.fr\/index.php?rest_route=\/wp\/v2\/pages"}],"about":[{"href":"https:\/\/maison-des-accompagnateurs.fr\/index.php?rest_route=\/wp\/v2\/types\/page"}],"author":[{"embeddable":true,"href":"https:\/\/maison-des-accompagnateurs.fr\/index.php?rest_route=\/wp\/v2\/users\/1"}],"replies":[{"embeddable":true,"href":"https:\/\/maison-des-accompagnateurs.fr\/index.php?rest_route=%2Fwp%2Fv2%2Fcomments&post=4257"}],"version-history":[{"count":14,"href":"https:\/\/maison-des-accompagnateurs.fr\/index.php?rest_route=\/wp\/v2\/pages\/4257\/revisions"}],"predecessor-version":[{"id":4272,"href":"https:\/\/maison-des-accompagnateurs.fr\/index.php?rest_route=\/wp\/v2\/pages\/4257\/revisions\/4272"}],"wp:attachment":[{"href":"https:\/\/maison-des-accompagnateurs.fr\/index.php?rest_route=%2Fwp%2Fv2%2Fmedia&parent=4257"}],"curies":[{"name":"wp","href":"https:\/\/api.w.org\/{rel}","templated":true}]}}