{"id":4273,"date":"2025-02-12T21:37:28","date_gmt":"2025-02-12T20:37:28","guid":{"rendered":"https:\/\/maison-des-accompagnateurs.fr\/?page_id=4273"},"modified":"2025-03-17T22:39:11","modified_gmt":"2025-03-17T21:39:11","slug":"le-brame-du-cerf","status":"publish","type":"page","link":"https:\/\/maison-des-accompagnateurs.fr\/?page_id=4273","title":{"rendered":"Le Br\u00e2me du Cerf"},"content":{"rendered":"<p>[vc_section][vc_row][vc_column]<div class=\"wpb_content_element \"><style type=\"text\/css\">#ut_header_69ebc0ef557f0 h1.page-title{ font-family: \"Andika\";font-weight:400;font-style:normal; }#ut_header_69ebc0ef557f0 h1.page-title { font-size:30px !important; }<\/style><header id=\"ut_header_69ebc0ef557f0\" class=\"page-header page-title-module  ut-no-title-linebreak-mobile ut-no-lead-linebreak-mobile pt-style-2 header-center header-tablet-center header-mobile-center\"><h1 data-title=\"Le Br\u00e2me du Cerf\"  data-responsive-font=\"page_title\" data-responsive-font-settings=\"{&quot;base-font-size&quot;:&quot;global&quot;,&quot;font-size&quot;:{&quot;desktop_large&quot;:&quot;30&quot;},&quot;base-line-height&quot;:&quot;global&quot;,&quot;base-letter-spacing&quot;:&quot;global&quot;}\" class=\"page-title  \"><span>Le Br\u00e2me du Cerf<\/span><\/h1><div data-delay=\"0\" class=\"lead \"><p>Le Br\u00e2me du Cerf<\/p>\n<\/div><\/header><\/div>[\/vc_column][\/vc_row][vc_row][vc_column]<div id=\"ut_oms_69ebc0ef57714\" class=\"wpb_content_element \"><style type=\"text\/css\"> #ut_oms_69ebc0ef57714 .ut-gallery-slider-caption-wrap::before { content: \"\"; }<\/style><div class=\"ut-owl-gallery-slider-wrap ut-owl-gallery-slider-style-two\"><div id=\"ut_ms_69ebc0ef57713\" class=\"ut-owl-gallery-slider owl-carousel owl-theme \" data-settings=\"{&quot;items&quot;:&quot;1&quot;,&quot;lazyLoad&quot;:true,&quot;smartSpeed&quot;:600,&quot;animateIn&quot;:false,&quot;animateOut&quot;:false,&quot;autoplay&quot;:true,&quot;autoplayHoverPause&quot;:true,&quot;autoplayTimeout&quot;:&quot;3&quot;,&quot;loop&quot;:true,&quot;nav&quot;:false,&quot;dots&quot;:false,&quot;lightbox&quot;:&quot;yes&quot;}\"><div><figure class=\"ut-gallery-slider-caption-wrap\"><a data-title=\"Screenshot_20240930_082713_Photos\" data-caption=\"\" data-caption-color=\"\" data-caption-background=\"\" data-trigger-id=\"ut-lightbox-trigger-4302\" data-exthumbimage=\"https:\/\/maison-des-accompagnateurs.fr\/wp-content\/uploads\/2025\/02\/Screenshot_20240930_082713_Photos-200x200.jpg\" href=\"https:\/\/maison-des-accompagnateurs.fr\/wp-content\/uploads\/2025\/02\/Screenshot_20240930_082713_Photos.jpg\" class=\"for-lightbox ut-slider-maximize\"><i class=\"Bklyn-Core-Maximize-3\"><\/i><\/a><img class=\"item owl-lazy\"  data-src=\"https:\/\/maison-des-accompagnateurs.fr\/wp-content\/uploads\/2025\/02\/Screenshot_20240930_082713_Photos-650x433.jpg\" \/><\/figure><\/div><div><figure class=\"ut-gallery-slider-caption-wrap\"><a data-title=\"IMG_20220606_133443\" data-caption=\"\" data-caption-color=\"\" data-caption-background=\"\" data-trigger-id=\"ut-lightbox-trigger-4303\" data-exthumbimage=\"https:\/\/maison-des-accompagnateurs.fr\/wp-content\/uploads\/2025\/02\/IMG_20220606_133443-200x200.jpg\" href=\"https:\/\/maison-des-accompagnateurs.fr\/wp-content\/uploads\/2025\/02\/IMG_20220606_133443.jpg\" class=\"for-lightbox ut-slider-maximize\"><i class=\"Bklyn-Core-Maximize-3\"><\/i><\/a><img class=\"item owl-lazy\"  data-src=\"https:\/\/maison-des-accompagnateurs.fr\/wp-content\/uploads\/2025\/02\/IMG_20220606_133443-650x433.jpg\" \/><\/figure><\/div><div><figure class=\"ut-gallery-slider-caption-wrap\"><a data-title=\"IMG_20220605_150145\" data-caption=\"\" data-caption-color=\"\" data-caption-background=\"\" data-trigger-id=\"ut-lightbox-trigger-4304\" data-exthumbimage=\"https:\/\/maison-des-accompagnateurs.fr\/wp-content\/uploads\/2025\/02\/IMG_20220605_150145-200x200.jpg\" href=\"https:\/\/maison-des-accompagnateurs.fr\/wp-content\/uploads\/2025\/02\/IMG_20220605_150145.jpg\" class=\"for-lightbox ut-slider-maximize\"><i class=\"Bklyn-Core-Maximize-3\"><\/i><\/a><img class=\"item owl-lazy\"  data-src=\"https:\/\/maison-des-accompagnateurs.fr\/wp-content\/uploads\/2025\/02\/IMG_20220605_150145-650x433.jpg\" \/><\/figure><\/div><div><figure class=\"ut-gallery-slider-caption-wrap\"><a data-title=\"marcheversburon\" data-caption=\"\" data-caption-color=\"\" data-caption-background=\"\" data-trigger-id=\"ut-lightbox-trigger-4276\" data-exthumbimage=\"https:\/\/maison-des-accompagnateurs.fr\/wp-content\/uploads\/2025\/02\/marcheversburon-200x200.jpg\" href=\"https:\/\/maison-des-accompagnateurs.fr\/wp-content\/uploads\/2025\/02\/marcheversburon.jpg\" class=\"for-lightbox ut-slider-maximize\"><i class=\"Bklyn-Core-Maximize-3\"><\/i><\/a><img class=\"item owl-lazy\"  data-src=\"https:\/\/maison-des-accompagnateurs.fr\/wp-content\/uploads\/2025\/02\/marcheversburon-650x433.jpg\" \/><\/figure><\/div><div><figure class=\"ut-gallery-slider-caption-wrap\"><a data-title=\"IMG-20230829-WA0013\" data-caption=\"\" data-caption-color=\"\" data-caption-background=\"\" data-trigger-id=\"ut-lightbox-trigger-4277\" data-exthumbimage=\"https:\/\/maison-des-accompagnateurs.fr\/wp-content\/uploads\/2025\/02\/IMG-20230829-WA0013-1-200x200.jpg\" href=\"https:\/\/maison-des-accompagnateurs.fr\/wp-content\/uploads\/2025\/02\/IMG-20230829-WA0013-1.jpg\" class=\"for-lightbox ut-slider-maximize\"><i class=\"Bklyn-Core-Maximize-3\"><\/i><\/a><img class=\"item owl-lazy\"  data-src=\"https:\/\/maison-des-accompagnateurs.fr\/wp-content\/uploads\/2025\/02\/IMG-20230829-WA0013-1-650x433.jpg\" \/><\/figure><\/div><div><figure class=\"ut-gallery-slider-caption-wrap\"><a data-title=\"descente Mailhebiau\" data-caption=\"\" data-caption-color=\"\" data-caption-background=\"\" data-trigger-id=\"ut-lightbox-trigger-4278\" data-exthumbimage=\"https:\/\/maison-des-accompagnateurs.fr\/wp-content\/uploads\/2025\/02\/descente-Mailhebiau-200x200.jpg\" href=\"https:\/\/maison-des-accompagnateurs.fr\/wp-content\/uploads\/2025\/02\/descente-Mailhebiau.jpg\" class=\"for-lightbox ut-slider-maximize\"><i class=\"Bklyn-Core-Maximize-3\"><\/i><\/a><img class=\"item owl-lazy\"  data-src=\"https:\/\/maison-des-accompagnateurs.fr\/wp-content\/uploads\/2025\/02\/descente-Mailhebiau-650x433.jpg\" \/><\/figure><\/div><div><figure class=\"ut-gallery-slider-caption-wrap\"><a data-title=\"20211009_164135_Original (2)\" data-caption=\"\" data-caption-color=\"\" data-caption-background=\"\" data-trigger-id=\"ut-lightbox-trigger-4279\" data-exthumbimage=\"https:\/\/maison-des-accompagnateurs.fr\/wp-content\/uploads\/2025\/02\/20211009_164135_Original-2-200x200.jpg\" href=\"https:\/\/maison-des-accompagnateurs.fr\/wp-content\/uploads\/2025\/02\/20211009_164135_Original-2.jpg\" class=\"for-lightbox ut-slider-maximize\"><i class=\"Bklyn-Core-Maximize-3\"><\/i><\/a><img class=\"item owl-lazy\"  data-src=\"https:\/\/maison-des-accompagnateurs.fr\/wp-content\/uploads\/2025\/02\/20211009_164135_Original-2-650x433.jpg\" \/><\/figure><\/div><div><figure data-caption=\"Early morning during the red deer rutting season in Klampenborg Dyrehave, the former Royal hunting grounds  just north of Copenhagen, Denmark. 4K footage shot at 60 fps, so it can be slowed down to slow motion. With audio.\" class=\"ut-gallery-slider-caption-wrap\"><a data-title=\"istockphoto-1178366362-640x640\" data-caption=\"Early morning during the red deer rutting season in Klampenborg Dyrehave, the former Royal hunting grounds  just north of Copenhagen, Denmark. 4K footage shot at 60 fps, so it can be slowed down to slow motion. With audio.\" data-caption-color=\"\" data-caption-background=\"\" data-sub-html=\"#ut-image-caption-4280\" data-exthumbimage=\"https:\/\/maison-des-accompagnateurs.fr\/wp-content\/uploads\/2025\/02\/istockphoto-1178366362-640x640-1-200x200.jpg\" href=\"https:\/\/maison-des-accompagnateurs.fr\/wp-content\/uploads\/2025\/02\/istockphoto-1178366362-640x640-1.jpg\" class=\"for-lightbox ut-slider-maximize\"><i class=\"Bklyn-Core-Maximize-3\"><\/i><\/a><img alt=\"Early morning during the red deer rutting season in Klampenborg Dyrehave, the former Royal hunting grounds  just north of Copenhagen, Denmark. 4K footage shot at 60 fps, so it can be slowed down to slow motion. With audio.\" class=\"item owl-lazy\" data-src=\"https:\/\/maison-des-accompagnateurs.fr\/wp-content\/uploads\/2025\/02\/istockphoto-1178366362-640x640-1.jpg\" \/><\/figure><div id=\"ut-image-caption-4280\" class=\"ut-vc-images-lightbox-caption\">Early morning during the red deer rutting season in Klampenborg Dyrehave, the former Royal hunting grounds  just north of Copenhagen, Denmark. 4K footage shot at 60 fps, so it can be slowed down to slow motion. With audio.<\/div><\/div><\/div><a href=\"#\" data-for=\"ut_ms_69ebc0ef57713\" class=\"ut-prev-gallery-slide ut-single-slider-control\"><i class=\"Bklyn-Core-Left-2\"><\/i><\/a><a href=\"#\" data-for=\"ut_ms_69ebc0ef57713\" class=\"ut-next-gallery-slide ut-single-slider-control\"><i class=\"Bklyn-Core-Right-2\"><\/i><\/a><\/div><\/div>[vc_column_text]<\/p>\n<header id=\"banner\" class=\"banner\" role=\"banner\"><\/header>\n<article id=\"travel-trip\" class=\"travel-trip is-xlarge\">\n<div class=\"intro\">\n<div class=\"travel-trip-summary\">\n<div class=\"summary rt\">\n<p>H\u00e9bergement avec piscine<\/p>\n<p>Profitez d\u2019un s\u00e9jour, randonn\u00e9e accompagn\u00e9e, tout compris, sur le Plateau de l\u2019Aubrac \u00e0 la rencontre de cerfs avec des guides accompagnateurs du \u00ab Pays \u00bb passionn\u00e9s et dipl\u00f4m\u00e9s !<\/p>\n<\/div>\n<\/div>\n<\/div>\n<\/article>\n<p>[\/vc_column_text][vc_row_inner][vc_column_inner width=\u00a0\u00bb1\/2&Prime;][vc_gmaps link=\u00a0\u00bb#E-8_JTNDaWZyYW1lJTIwc3JjJTNEJTIyaHR0cHMlM0ElMkYlMkZ3d3cuZ29vZ2xlLmNvbSUyRm1hcHMlMkZlbWJlZCUzRnBiJTNEJTIxMW0xOCUyMTFtMTIlMjExbTMlMjExZDkwNzYwLjU1MzEwODQ5NDQlMjEyZDIuNzg1NTM1MjcxMzEyNzI1JTIxM2Q0NC42OTM3NDE3MTExNzQxMzQlMjEybTMlMjExZjAlMjEyZjAlMjEzZjAlMjEzbTIlMjExaTEwMjQlMjEyaTc2OCUyMTRmMTMuMSUyMTNtMyUyMTFtMiUyMTFzMHgxMmIyYzE5MzI2YmEwNjg3JTI1M0EweDE0YmZhYjYzOWEzYmNmZjAlMjEyczEyMjEwJTI1MjBMYWd1aW9sZSUyMTVlMCUyMTNtMiUyMTFzZnIlMjEyc2ZyJTIxNHYxNzM5MzYzNDA5MjA1JTIxNW0yJTIxMXNmciUyMTJzZnIlMjIlMjB3aWR0aCUzRCUyMjYwMCUyMiUyMGhlaWdodCUzRCUyMjQ1MCUyMiUyMHN0eWxlJTNEJTIyYm9yZGVyJTNBMCUzQiUyMiUyMGFsbG93ZnVsbHNjcmVlbiUzRCUyMiUyMiUyMGxvYWRpbmclM0QlMjJsYXp5JTIyJTIwcmVmZXJyZXJwb2xpY3klM0QlMjJuby1yZWZlcnJlci13aGVuLWRvd25ncmFkZSUyMiUzRSUzQyUyRmlmcmFtZSUzRQ==\u00a0\u00bb title=\u00a0\u00bbLaguiole\u00a0\u00bb][\/vc_column_inner][vc_column_inner width=\u00a0\u00bb1\/2&Prime;][vc_column_text]<\/p>\n<h2>CALENDRIER et TARIFS<\/h2>\n<p>&#8211; Du 28 au 4 Octobre \u00e0 partir de 459 \u20ac<\/p>\n<p>Contact et r\u00e9servations :<\/p>\n<p>Maison des Accompagnateurs<\/p>\n<p>Tel : 06 79 72 88 75<\/p>\n<p>Mail :\u00a0<a href=\"mailto:maisondesaccompagnateurs@gmail.com%C2%A0\" target=\"_blank\" rel=\"noopener\">maisondesaccompagnateurs@<wbr \/>gmail.com<\/a><\/p>\n<p>Soleil \u00e9vasion<br \/>\nT\u00e9l. :05.65.58.46.01<\/p>\n<p>Mail : contact@soleilevasion.f[\/vc_column_text][\/vc_column_inner][\/vc_row_inner][\/vc_column][\/vc_row][vc_row][vc_column][vc_column_text]<\/p>\n<ul>\n<li>JOUR 1 ARRIV\u00c9E ET INSTALLATION A VOTRE H\u00d4TEL \u00e0 LAGUIOLEJOUR 2<br \/>\n<h2>RANDONN\u00c9E ET VISITES AUTOUR DE LAGUIOLE<\/h2>\n<p>Rencontre avec votre guide.<br \/>\nD\u00e9part \u00e0 pieds pour la randonn\u00e9e de Pigasse (2h30, 7 km, 130 m D+).<br \/>\nD\u00e9jeuner \u00e0 l\u2019 h\u00f4tel, puis d\u00e9part \u00e0 pieds pour randonner autour des hameaux fermiers de Montmaton et Rocagel (3h, 8,5 km, 130 m D+).<\/p>\n<p>JOUR 3<\/p>\n<h2>LE C\u0152UR DE L\u2019AUBRAC AVEC LE BURON DE CAMEJANE<\/h2>\n<p>Au c\u0153ur des paysages de l\u2019Aubrac, une nature exceptionnelle et un b\u00e2ti typique se laissent d\u00e9couvrir, avec, en r\u00e9compense, un d\u00e9jeuner dans un buron o\u00f9 vous d\u00e9gusterez l\u2019Aligot !<\/p>\n<p>Au retour : D\u00e9couverte du hameau d\u2019Aubrac (Rando en boucle de 5h30, 14 km, 270 m D+).<\/p>\n<p>JOUR 4<\/p>\n<h2>VISITE et RANDONNEE \u00ab BRAME DU CERF \u00bb<\/h2>\n<p>Matin : Visite de la Coop\u00e9rative \u00ab Jeune Montagne \u00bb, puis rando au \u00ab Puech du Loup \u00bb au d\u00e9part du centre de Laguiole. (2h, 4,3 km, 70 m D+). &gt; Apr\u00e8s-midi : Repos.<br \/>\n18h : Sortie et observation : \u00ab \u00c1 l\u2019\u00e9coute du br\u00e2me des cerfs \u00bb.<\/p>\n<p>JOUR 5<\/p>\n<h2>RANDONN\u00c9E DES ABIOURADOUS<\/h2>\n<p>Au d\u00e9part du centre, \u00e0 pieds, entre for\u00eat domaniale, tourbi\u00e8res et vastes \u00e9tendues d\u2019estives (16 km et 300 m D+).<br \/>\nRetour et visite de la Coutellerie.<\/p>\n<p>JOUR 6<\/p>\n<h2>VALL\u00c9E DU LOT ET CANYON DE BOZOULS<\/h2>\n<p>Matin : Randonn\u00e9e d\u00e9couverte autour d\u2019Estaing (2h30, 6,5 km, 250 m D+)<br \/>\nApr\u00e8s-midi : Rando dans le Canyon de Bozouls (2h30, 4,5 km et 200 m D+).<\/p>\n<p>JOUR 7<\/p>\n<h2>JOURN\u00c9E LIBRE SANS GUIDE<\/h2>\n<p>S\u00e9jour accompagn\u00e9 par des accompagnateurs en montagne, locaux, dipl\u00f4m\u00e9s d\u2019\u00e9tat. Ce programme est modifiable en fonction des conditions m\u00e9t\u00e9o ou tout autre \u00e9l\u00e9ment touchant \u00e0 la s\u00e9curit\u00e9 du groupe. Un moyen de transport personnel est essentiel pour participer \u00e0 notre aventure.<\/li>\n<\/ul>\n<p>[\/vc_column_text][\/vc_column][\/vc_row][\/vc_section]<\/p>\n","protected":false},"excerpt":{"rendered":"<p>[vc_section][vc_row][vc_column][\/vc_column][\/vc_row][vc_row][vc_column][vc_column_text] H\u00e9bergement avec piscine Profitez d\u2019un s\u00e9jour, randonn\u00e9e accompagn\u00e9e, tout compris, sur le Plateau de l\u2019Aubrac \u00e0 la rencontre de cerfs avec des guides accompagnateurs du \u00ab Pays \u00bb passionn\u00e9s et dipl\u00f4m\u00e9s ! [\/vc_column_text][vc_row_inner][vc_column_inner width=\u00a0\u00bb1\/2&Prime;][vc_gmaps link=\u00a0\u00bb#E-8_JTNDaWZyYW1lJTIwc3JjJTNEJTIyaHR0cHMlM0ElMkYlMkZ3d3cuZ29vZ2xlLmNvbSUyRm1hcHMlMkZlbWJlZCUzRnBiJTNEJTIxMW0xOCUyMTFtMTIlMjExbTMlMjExZDkwNzYwLjU1MzEwODQ5NDQlMjEyZDIuNzg1NTM1MjcxMzEyNzI1JTIxM2Q0NC42OTM3NDE3MTExNzQxMzQlMjEybTMlMjExZjAlMjEyZjAlMjEzZjAlMjEzbTIlMjExaTEwMjQlMjEyaTc2OCUyMTRmMTMuMSUyMTNtMyUyMTFtMiUyMTFzMHgxMmIyYzE5MzI2YmEwNjg3JTI1M0EweDE0YmZhYjYzOWEzYmNmZjAlMjEyczEyMjEwJTI1MjBMYWd1aW9sZSUyMTVlMCUyMTNtMiUyMTFzZnIlMjEyc2ZyJTIxNHYxNzM5MzYzNDA5MjA1JTIxNW0yJTIxMXNmciUyMTJzZnIlMjIlMjB3aWR0aCUzRCUyMjYwMCUyMiUyMGhlaWdodCUzRCUyMjQ1MCUyMiUyMHN0eWxlJTNEJTIyYm9yZGVyJTNBMCUzQiUyMiUyMGFsbG93ZnVsbHNjcmVlbiUzRCUyMiUyMiUyMGxvYWRpbmclM0QlMjJsYXp5JTIyJTIwcmVmZXJyZXJwb2xpY3klM0QlMjJuby1yZWZlcnJlci13aGVuLWRvd25ncmFkZSUyMiUzRSUzQyUyRmlmcmFtZSUzRQ==\u00a0\u00bb title=\u00a0\u00bbLaguiole\u00a0\u00bb][\/vc_column_inner][vc_column_inner width=\u00a0\u00bb1\/2&Prime;][vc_column_text] CALENDRIER et TARIFS &#8211; Du 28 au 4 Octobre \u00e0 partir de 459 \u20ac Contact et r\u00e9servations [&hellip;]<\/p>\n","protected":false},"author":1,"featured_media":0,"parent":0,"menu_order":0,"comment_status":"closed","ping_status":"closed","template":"","meta":{"footnotes":""},"_links":{"self":[{"href":"https:\/\/maison-des-accompagnateurs.fr\/index.php?rest_route=\/wp\/v2\/pages\/4273"}],"collection":[{"href":"https:\/\/maison-des-accompagnateurs.fr\/index.php?rest_route=\/wp\/v2\/pages"}],"about":[{"href":"https:\/\/maison-des-accompagnateurs.fr\/index.php?rest_route=\/wp\/v2\/types\/page"}],"author":[{"embeddable":true,"href":"https:\/\/maison-des-accompagnateurs.fr\/index.php?rest_route=\/wp\/v2\/users\/1"}],"replies":[{"embeddable":true,"href":"https:\/\/maison-des-accompagnateurs.fr\/index.php?rest_route=%2Fwp%2Fv2%2Fcomments&post=4273"}],"version-history":[{"count":8,"href":"https:\/\/maison-des-accompagnateurs.fr\/index.php?rest_route=\/wp\/v2\/pages\/4273\/revisions"}],"predecessor-version":[{"id":4704,"href":"https:\/\/maison-des-accompagnateurs.fr\/index.php?rest_route=\/wp\/v2\/pages\/4273\/revisions\/4704"}],"wp:attachment":[{"href":"https:\/\/maison-des-accompagnateurs.fr\/index.php?rest_route=%2Fwp%2Fv2%2Fmedia&parent=4273"}],"curies":[{"name":"wp","href":"https:\/\/api.w.org\/{rel}","templated":true}]}}