{"id":4314,"date":"2025-03-14T14:05:40","date_gmt":"2025-03-14T13:05:40","guid":{"rendered":"https:\/\/maison-des-accompagnateurs.fr\/?page_id=4314"},"modified":"2025-03-21T16:09:28","modified_gmt":"2025-03-21T15:09:28","slug":"rando-experience","status":"publish","type":"page","link":"https:\/\/maison-des-accompagnateurs.fr\/?page_id=4314","title":{"rendered":"Rando exp\u00e9rience"},"content":{"rendered":"<p>[vc_section][vc_row][vc_column]<div class=\"wpb_content_element \"><style type=\"text\/css\">#ut_header_69ebaefdebf09 h1.page-title { font-size:43px !important; }<\/style><header id=\"ut_header_69ebaefdebf09\" class=\"page-header page-title-module  ut-no-title-linebreak-mobile ut-no-lead-linebreak-mobile pt-style-2 header-center header-tablet-center header-mobile-center\"><h1 data-title=\"Rando exp\u00e9rience\"  data-responsive-font=\"page_title\" data-responsive-font-settings=\"{&quot;base-font-size&quot;:&quot;43&quot;,&quot;font-size-unit&quot;:&quot;px&quot;,&quot;font-size&quot;:{&quot;desktop_large&quot;:&quot;43&quot;},&quot;base-line-height&quot;:&quot;global&quot;,&quot;base-letter-spacing&quot;:&quot;global&quot;}\" class=\"page-title  \"><span>Rando exp\u00e9rience<\/span><\/h1><\/header><\/div>[vc_row_inner][vc_column_inner]<div id=\"ut_oms_69ebaefdeefd2\" class=\"wpb_content_element \"><style type=\"text\/css\"> #ut_oms_69ebaefdeefd2 .ut-gallery-slider-caption-wrap::before { content: \"\"; }<\/style><div class=\"ut-owl-gallery-slider-wrap ut-owl-gallery-slider-style-one\"><div id=\"ut_ms_69ebaefdeefd0\" class=\"ut-owl-gallery-slider owl-carousel owl-theme \" data-settings=\"{&quot;items&quot;:&quot;1&quot;,&quot;lazyLoad&quot;:true,&quot;smartSpeed&quot;:600,&quot;animateIn&quot;:false,&quot;animateOut&quot;:false,&quot;autoplay&quot;:false,&quot;autoplayHoverPause&quot;:true,&quot;autoplayTimeout&quot;:5000,&quot;loop&quot;:true,&quot;nav&quot;:false,&quot;dots&quot;:false,&quot;lightbox&quot;:&quot;yes&quot;}\"><div><figure class=\"ut-gallery-slider-caption-wrap\"><a data-title=\"rdo exp1\" data-caption=\"\" data-caption-color=\"\" data-caption-background=\"\" data-trigger-id=\"ut-lightbox-trigger-4490\" data-exthumbimage=\"https:\/\/maison-des-accompagnateurs.fr\/wp-content\/uploads\/2025\/03\/rdo-exp1-200x200.jpg\" href=\"https:\/\/maison-des-accompagnateurs.fr\/wp-content\/uploads\/2025\/03\/rdo-exp1.jpg\" class=\"for-lightbox ut-slider-maximize\"><i class=\"Bklyn-Core-Maximize-3\"><\/i><\/a><img class=\"item owl-lazy\"  data-src=\"https:\/\/maison-des-accompagnateurs.fr\/wp-content\/uploads\/2025\/03\/rdo-exp1-650x433.jpg\" \/><\/figure><\/div><div><figure class=\"ut-gallery-slider-caption-wrap\"><a data-title=\"rdo exp2\" data-caption=\"\" data-caption-color=\"\" data-caption-background=\"\" data-trigger-id=\"ut-lightbox-trigger-4489\" data-exthumbimage=\"https:\/\/maison-des-accompagnateurs.fr\/wp-content\/uploads\/2025\/03\/rdo-exp2-200x200.jpg\" href=\"https:\/\/maison-des-accompagnateurs.fr\/wp-content\/uploads\/2025\/03\/rdo-exp2.jpg\" class=\"for-lightbox ut-slider-maximize\"><i class=\"Bklyn-Core-Maximize-3\"><\/i><\/a><img class=\"item owl-lazy\"  data-src=\"https:\/\/maison-des-accompagnateurs.fr\/wp-content\/uploads\/2025\/03\/rdo-exp2-650x433.jpg\" \/><\/figure><\/div><div><figure class=\"ut-gallery-slider-caption-wrap\"><a data-title=\"rdo exp3\" data-caption=\"\" data-caption-color=\"\" data-caption-background=\"\" data-trigger-id=\"ut-lightbox-trigger-4488\" data-exthumbimage=\"https:\/\/maison-des-accompagnateurs.fr\/wp-content\/uploads\/2025\/03\/rdo-exp3-200x200.jpg\" href=\"https:\/\/maison-des-accompagnateurs.fr\/wp-content\/uploads\/2025\/03\/rdo-exp3.jpg\" class=\"for-lightbox ut-slider-maximize\"><i class=\"Bklyn-Core-Maximize-3\"><\/i><\/a><img class=\"item owl-lazy\"  data-src=\"https:\/\/maison-des-accompagnateurs.fr\/wp-content\/uploads\/2025\/03\/rdo-exp3-650x433.jpg\" \/><\/figure><\/div><div><figure class=\"ut-gallery-slider-caption-wrap\"><a data-title=\"rd0 exp4\" data-caption=\"\" data-caption-color=\"\" data-caption-background=\"\" data-trigger-id=\"ut-lightbox-trigger-4493\" data-exthumbimage=\"https:\/\/maison-des-accompagnateurs.fr\/wp-content\/uploads\/2025\/03\/rd0-exp4-200x200.jpg\" href=\"https:\/\/maison-des-accompagnateurs.fr\/wp-content\/uploads\/2025\/03\/rd0-exp4.jpg\" class=\"for-lightbox ut-slider-maximize\"><i class=\"Bklyn-Core-Maximize-3\"><\/i><\/a><img class=\"item owl-lazy\"  data-src=\"https:\/\/maison-des-accompagnateurs.fr\/wp-content\/uploads\/2025\/03\/rd0-exp4-650x433.jpg\" \/><\/figure><\/div><div><figure class=\"ut-gallery-slider-caption-wrap\"><a data-title=\"rd0 exp5\" data-caption=\"\" data-caption-color=\"\" data-caption-background=\"\" data-trigger-id=\"ut-lightbox-trigger-4492\" data-exthumbimage=\"https:\/\/maison-des-accompagnateurs.fr\/wp-content\/uploads\/2025\/03\/rd0-exp5-1-200x200.jpg\" href=\"https:\/\/maison-des-accompagnateurs.fr\/wp-content\/uploads\/2025\/03\/rd0-exp5-1.jpg\" class=\"for-lightbox ut-slider-maximize\"><i class=\"Bklyn-Core-Maximize-3\"><\/i><\/a><img class=\"item owl-lazy\"  data-src=\"https:\/\/maison-des-accompagnateurs.fr\/wp-content\/uploads\/2025\/03\/rd0-exp5-1-650x433.jpg\" \/><\/figure><\/div><\/div><a href=\"#\" data-for=\"ut_ms_69ebaefdeefd0\" class=\"ut-prev-gallery-slide ut-single-slider-control\"><i class=\"Bklyn-Core-Left-2\"><\/i><\/a><a href=\"#\" data-for=\"ut_ms_69ebaefdeefd0\" class=\"ut-next-gallery-slide ut-single-slider-control\"><i class=\"Bklyn-Core-Right-2\"><\/i><\/a><\/div><\/div>[\/vc_column_inner][\/vc_row_inner][\/vc_column][\/vc_row][vc_row][vc_column][vc_row_inner][vc_column_inner width=\u00a0\u00bb1\/2&Prime;][vc_column_text]Rando exp\u00e9rience<br \/>\nDes randonn\u00e9es faciles et familiales, et d\u2019autres plus sportives rempliront votre soif d\u2019aventure !<br \/>\nGuid\u00e9 par des Accompagnateurs en Montagne votre terrain de jeux est notre bureau et nous nous ferons un immense plaisir \u00e0 vous faire vivre une exp\u00e9rience unique !<br \/>\nLes sorties \u00e0 la carte et les randonn\u00e9es sur mesure sont des aventures extraordinaires que nous nous mettrons au d\u00e9fi de construire ![\/vc_column_text][\/vc_column_inner][vc_column_inner width=\u00a0\u00bb1\/2&Prime;][vc_column_text]<\/p>\n<ul>\n<li>Les Canalettes du Larzac<\/li>\n<li>Sous les ailes des Vautours<\/li>\n<li>Rando cano\u00e9<\/li>\n<li>Autour du Viaduc<\/li>\n<li>Soir\u00e9e chez les Vautours<\/li>\n<li>Rando gourmande<\/li>\n<li>Sous le Viaduc de nuit<\/li>\n<li>Bivouac insolites<\/li>\n<li>Rando Aligot<\/li>\n<\/ul>\n<p>[\/vc_column_text][\/vc_column_inner][\/vc_row_inner][\/vc_column][\/vc_row][\/vc_section]<\/p>\n","protected":false},"excerpt":{"rendered":"<p>[vc_section][vc_row][vc_column][vc_row_inner][vc_column_inner][\/vc_column_inner][\/vc_row_inner][\/vc_column][\/vc_row][vc_row][vc_column][vc_row_inner][vc_column_inner width=\u00a0\u00bb1\/2&Prime;][vc_column_text]Rando exp\u00e9rience Des randonn\u00e9es faciles et familiales, et d\u2019autres plus sportives rempliront votre soif d\u2019aventure ! Guid\u00e9 par des Accompagnateurs en Montagne votre terrain de jeux est notre bureau et nous nous ferons un immense plaisir \u00e0 vous faire vivre une exp\u00e9rience unique ! Les sorties \u00e0 la carte et les randonn\u00e9es sur mesure [&hellip;]<\/p>\n","protected":false},"author":1,"featured_media":0,"parent":0,"menu_order":0,"comment_status":"closed","ping_status":"open","template":"","meta":{"footnotes":""},"_links":{"self":[{"href":"https:\/\/maison-des-accompagnateurs.fr\/index.php?rest_route=\/wp\/v2\/pages\/4314"}],"collection":[{"href":"https:\/\/maison-des-accompagnateurs.fr\/index.php?rest_route=\/wp\/v2\/pages"}],"about":[{"href":"https:\/\/maison-des-accompagnateurs.fr\/index.php?rest_route=\/wp\/v2\/types\/page"}],"author":[{"embeddable":true,"href":"https:\/\/maison-des-accompagnateurs.fr\/index.php?rest_route=\/wp\/v2\/users\/1"}],"replies":[{"embeddable":true,"href":"https:\/\/maison-des-accompagnateurs.fr\/index.php?rest_route=%2Fwp%2Fv2%2Fcomments&post=4314"}],"version-history":[{"count":11,"href":"https:\/\/maison-des-accompagnateurs.fr\/index.php?rest_route=\/wp\/v2\/pages\/4314\/revisions"}],"predecessor-version":[{"id":4736,"href":"https:\/\/maison-des-accompagnateurs.fr\/index.php?rest_route=\/wp\/v2\/pages\/4314\/revisions\/4736"}],"wp:attachment":[{"href":"https:\/\/maison-des-accompagnateurs.fr\/index.php?rest_route=%2Fwp%2Fv2%2Fmedia&parent=4314"}],"curies":[{"name":"wp","href":"https:\/\/api.w.org\/{rel}","templated":true}]}}