{"id":4324,"date":"2025-03-14T14:13:35","date_gmt":"2025-03-14T13:13:35","guid":{"rendered":"https:\/\/maison-des-accompagnateurs.fr\/?page_id=4324"},"modified":"2025-03-21T16:09:00","modified_gmt":"2025-03-21T15:09:00","slug":"rando-experience-copy","status":"publish","type":"page","link":"https:\/\/maison-des-accompagnateurs.fr\/?page_id=4324","title":{"rendered":"Observation animali\u00e8re"},"content":{"rendered":"<p>[vc_section][vc_row][vc_column]<div class=\"wpb_content_element \"><style type=\"text\/css\">#ut_header_69ebb1319753f h1.page-title { font-size:43px !important; }<\/style><header id=\"ut_header_69ebb1319753f\" class=\"page-header page-title-module  ut-no-title-linebreak-mobile ut-no-lead-linebreak-mobile pt-style-2 header-center header-tablet-center header-mobile-center\"><h1 data-title=\"Observation animali\u00e8re\"  data-responsive-font=\"page_title\" data-responsive-font-settings=\"{&quot;base-font-size&quot;:&quot;43&quot;,&quot;font-size-unit&quot;:&quot;px&quot;,&quot;font-size&quot;:{&quot;desktop_large&quot;:&quot;43&quot;},&quot;base-line-height&quot;:&quot;global&quot;,&quot;base-letter-spacing&quot;:&quot;global&quot;}\" class=\"page-title  \"><span>Observation animali\u00e8re<\/span><\/h1><div data-delay=\"0\" class=\"lead \"><p>OBSERVATION ANIMALI\u00c8RE<\/p>\n<\/div><\/header><\/div>[vc_row_inner][vc_column_inner]<div id=\"ut_oms_69ebb1319937a\" class=\"wpb_content_element \"><style type=\"text\/css\"> #ut_oms_69ebb1319937a .ut-gallery-slider-caption-wrap::before { content: \"\"; }<\/style><div class=\"ut-owl-gallery-slider-wrap ut-owl-gallery-slider-style-one\"><div id=\"ut_ms_69ebb13199379\" class=\"ut-owl-gallery-slider owl-carousel owl-theme \" data-settings=\"{&quot;items&quot;:&quot;1&quot;,&quot;lazyLoad&quot;:true,&quot;smartSpeed&quot;:600,&quot;animateIn&quot;:false,&quot;animateOut&quot;:false,&quot;autoplay&quot;:true,&quot;autoplayHoverPause&quot;:true,&quot;autoplayTimeout&quot;:5000,&quot;loop&quot;:true,&quot;nav&quot;:false,&quot;dots&quot;:false,&quot;lightbox&quot;:&quot;yes&quot;}\"><div><figure class=\"ut-gallery-slider-caption-wrap\"><a data-title=\"obs1\" data-caption=\"\" data-caption-color=\"\" data-caption-background=\"\" data-trigger-id=\"ut-lightbox-trigger-4486\" data-exthumbimage=\"https:\/\/maison-des-accompagnateurs.fr\/wp-content\/uploads\/2025\/03\/obs1-200x200.jpg\" href=\"https:\/\/maison-des-accompagnateurs.fr\/wp-content\/uploads\/2025\/03\/obs1.jpg\" class=\"for-lightbox ut-slider-maximize\"><i class=\"Bklyn-Core-Maximize-3\"><\/i><\/a><img class=\"item owl-lazy\"  data-src=\"https:\/\/maison-des-accompagnateurs.fr\/wp-content\/uploads\/2025\/03\/obs1-650x433.jpg\" \/><\/figure><\/div><div><figure class=\"ut-gallery-slider-caption-wrap\"><a data-title=\"obs2\" data-caption=\"\" data-caption-color=\"\" data-caption-background=\"\" data-trigger-id=\"ut-lightbox-trigger-4485\" data-exthumbimage=\"https:\/\/maison-des-accompagnateurs.fr\/wp-content\/uploads\/2025\/03\/obs2-200x200.jpg\" href=\"https:\/\/maison-des-accompagnateurs.fr\/wp-content\/uploads\/2025\/03\/obs2.jpg\" class=\"for-lightbox ut-slider-maximize\"><i class=\"Bklyn-Core-Maximize-3\"><\/i><\/a><img class=\"item owl-lazy\"  data-src=\"https:\/\/maison-des-accompagnateurs.fr\/wp-content\/uploads\/2025\/03\/obs2-650x433.jpg\" \/><\/figure><\/div><div><figure class=\"ut-gallery-slider-caption-wrap\"><a data-title=\"obs3\" data-caption=\"\" data-caption-color=\"\" data-caption-background=\"\" data-trigger-id=\"ut-lightbox-trigger-4484\" data-exthumbimage=\"https:\/\/maison-des-accompagnateurs.fr\/wp-content\/uploads\/2025\/03\/obs3-200x200.jpg\" href=\"https:\/\/maison-des-accompagnateurs.fr\/wp-content\/uploads\/2025\/03\/obs3.jpg\" class=\"for-lightbox ut-slider-maximize\"><i class=\"Bklyn-Core-Maximize-3\"><\/i><\/a><img class=\"item owl-lazy\"  data-src=\"https:\/\/maison-des-accompagnateurs.fr\/wp-content\/uploads\/2025\/03\/obs3-650x433.jpg\" \/><\/figure><\/div><div><figure data-caption=\"GYPAETE BARBU JUVENILE\nGYPAETUS BARBATUS\" class=\"ut-gallery-slider-caption-wrap\"><a data-title=\"GYPAETE BARBU JUVENILEGYPAETUS BARBATUS\" data-caption=\"GYPAETE BARBU JUVENILE\nGYPAETUS BARBATUS\" data-caption-color=\"\" data-caption-background=\"\" data-sub-html=\"#ut-image-caption-4480\" data-exthumbimage=\"https:\/\/maison-des-accompagnateurs.fr\/wp-content\/uploads\/2025\/03\/obs4-200x200.jpg\" href=\"https:\/\/maison-des-accompagnateurs.fr\/wp-content\/uploads\/2025\/03\/obs4.jpg\" class=\"for-lightbox ut-slider-maximize\"><i class=\"Bklyn-Core-Maximize-3\"><\/i><\/a><img alt=\"GYPAETE BARBU JUVENILE\nGYPAETUS BARBATUS\" class=\"item owl-lazy\" data-src=\"https:\/\/maison-des-accompagnateurs.fr\/wp-content\/uploads\/2025\/03\/obs4-650x433.jpg\" \/><\/figure><div id=\"ut-image-caption-4480\" class=\"ut-vc-images-lightbox-caption\">GYPAETE BARBU JUVENILE\nGYPAETUS BARBATUS<\/div><\/div><div><figure class=\"ut-gallery-slider-caption-wrap\"><a data-title=\"obs5\" data-caption=\"\" data-caption-color=\"\" data-caption-background=\"\" data-trigger-id=\"ut-lightbox-trigger-4481\" data-exthumbimage=\"https:\/\/maison-des-accompagnateurs.fr\/wp-content\/uploads\/2025\/03\/obs5-200x200.jpg\" href=\"https:\/\/maison-des-accompagnateurs.fr\/wp-content\/uploads\/2025\/03\/obs5.jpg\" class=\"for-lightbox ut-slider-maximize\"><i class=\"Bklyn-Core-Maximize-3\"><\/i><\/a><img class=\"item owl-lazy\"  data-src=\"https:\/\/maison-des-accompagnateurs.fr\/wp-content\/uploads\/2025\/03\/obs5-650x433.jpg\" \/><\/figure><\/div><div><figure class=\"ut-gallery-slider-caption-wrap\"><a data-title=\"obs6\" data-caption=\"\" data-caption-color=\"\" data-caption-background=\"\" data-trigger-id=\"ut-lightbox-trigger-4482\" data-exthumbimage=\"https:\/\/maison-des-accompagnateurs.fr\/wp-content\/uploads\/2025\/03\/obs6-200x200.jpg\" href=\"https:\/\/maison-des-accompagnateurs.fr\/wp-content\/uploads\/2025\/03\/obs6.jpg\" class=\"for-lightbox ut-slider-maximize\"><i class=\"Bklyn-Core-Maximize-3\"><\/i><\/a><img class=\"item owl-lazy\"  data-src=\"https:\/\/maison-des-accompagnateurs.fr\/wp-content\/uploads\/2025\/03\/obs6-650x433.jpg\" \/><\/figure><\/div><div><figure class=\"ut-gallery-slider-caption-wrap\"><a data-title=\"obs7\" data-caption=\"\" data-caption-color=\"\" data-caption-background=\"\" data-trigger-id=\"ut-lightbox-trigger-4483\" data-exthumbimage=\"https:\/\/maison-des-accompagnateurs.fr\/wp-content\/uploads\/2025\/03\/obs7-200x200.jpg\" href=\"https:\/\/maison-des-accompagnateurs.fr\/wp-content\/uploads\/2025\/03\/obs7.jpg\" class=\"for-lightbox ut-slider-maximize\"><i class=\"Bklyn-Core-Maximize-3\"><\/i><\/a><img class=\"item owl-lazy\"  data-src=\"https:\/\/maison-des-accompagnateurs.fr\/wp-content\/uploads\/2025\/03\/obs7-650x433.jpg\" \/><\/figure><\/div><div><figure class=\"ut-gallery-slider-caption-wrap\"><a data-title=\"Mouflons-Brame_J\u00e9r\u00f4me Rouquier\" data-caption=\"\" data-caption-color=\"\" data-caption-background=\"\" data-trigger-id=\"ut-lightbox-trigger-4321\" data-exthumbimage=\"https:\/\/maison-des-accompagnateurs.fr\/wp-content\/uploads\/2025\/03\/Mouflons-Brame_Jerome-Rouquier-200x200.png\" href=\"https:\/\/maison-des-accompagnateurs.fr\/wp-content\/uploads\/2025\/03\/Mouflons-Brame_Jerome-Rouquier.png\" class=\"for-lightbox ut-slider-maximize\"><i class=\"Bklyn-Core-Maximize-3\"><\/i><\/a><img class=\"item owl-lazy\"  data-src=\"https:\/\/maison-des-accompagnateurs.fr\/wp-content\/uploads\/2025\/03\/Mouflons-Brame_Jerome-Rouquier-650x433.png\" \/><\/figure><\/div><\/div><a href=\"#\" data-for=\"ut_ms_69ebb13199379\" class=\"ut-prev-gallery-slide ut-single-slider-control\"><i class=\"Bklyn-Core-Left-2\"><\/i><\/a><a href=\"#\" data-for=\"ut_ms_69ebb13199379\" class=\"ut-next-gallery-slide ut-single-slider-control\"><i class=\"Bklyn-Core-Right-2\"><\/i><\/a><\/div><\/div>[\/vc_column_inner][\/vc_row_inner][\/vc_column][\/vc_row][vc_row][vc_column][vc_row_inner][vc_column_inner width=\u00a0\u00bb1\/2&Prime;][vc_column_text]Observation animali\u00e8re<br \/>\nVous \u00eates seul, en famille, en groupe ou entre amis et vous \u00eates curieux de nature ?<br \/>\nSoyez pr\u00eats \u00e0 vivre des instants privil\u00e9gi\u00e9s en pleine nature, sur les traces des animaux sauvages.<br \/>\nAccompagnateurs en Montagne, nous sommes au quotidien au contact de cet environnement\u00a0privil\u00e9gi\u00e9 et de la faune qui y vit.<br \/>\nPartez avec nous pour une demi-journ\u00e9e, une journ\u00e9e ou un s\u00e9jour d&rsquo;observation animali\u00e8re vous serez d\u00e9connect\u00e9 du temps.<br \/>\nEntre les Gorges du Tarn, de la Jonte et de la Dourbie nous avons les\u00a0 falaises id\u00e9ales pour observer les Vautours dans leur milieu naturel, au c\u0153ur des Grands Causses.[\/vc_column_text][\/vc_column_inner][vc_column_inner width=\u00a0\u00bb1\/2&Prime;][vc_column_text]<\/p>\n<ul>\n<li>&gt; Observation vautours<\/li>\n<li>&gt; Observation mouflons<\/li>\n<li>&gt; Sortie\u00a0br\u00e2me du cerf<\/li>\n<li>&gt; S\u00e9jour br\u00e2me du cerf<\/li>\n<li>&gt; Observation castors<\/li>\n<\/ul>\n<p>[\/vc_column_text][\/vc_column_inner][\/vc_row_inner][\/vc_column][\/vc_row][\/vc_section]<\/p>\n","protected":false},"excerpt":{"rendered":"<p>[vc_section][vc_row][vc_column][vc_row_inner][vc_column_inner][\/vc_column_inner][\/vc_row_inner][\/vc_column][\/vc_row][vc_row][vc_column][vc_row_inner][vc_column_inner width=\u00a0\u00bb1\/2&Prime;][vc_column_text]Observation animali\u00e8re Vous \u00eates seul, en famille, en groupe ou entre amis et vous \u00eates curieux de nature ? Soyez pr\u00eats \u00e0 vivre des instants privil\u00e9gi\u00e9s en pleine nature, sur les traces des animaux sauvages. Accompagnateurs en Montagne, nous sommes au quotidien au contact de cet environnement\u00a0privil\u00e9gi\u00e9 et de la faune qui y vit. [&hellip;]<\/p>\n","protected":false},"author":1,"featured_media":0,"parent":0,"menu_order":0,"comment_status":"closed","ping_status":"open","template":"","meta":{"footnotes":""},"_links":{"self":[{"href":"https:\/\/maison-des-accompagnateurs.fr\/index.php?rest_route=\/wp\/v2\/pages\/4324"}],"collection":[{"href":"https:\/\/maison-des-accompagnateurs.fr\/index.php?rest_route=\/wp\/v2\/pages"}],"about":[{"href":"https:\/\/maison-des-accompagnateurs.fr\/index.php?rest_route=\/wp\/v2\/types\/page"}],"author":[{"embeddable":true,"href":"https:\/\/maison-des-accompagnateurs.fr\/index.php?rest_route=\/wp\/v2\/users\/1"}],"replies":[{"embeddable":true,"href":"https:\/\/maison-des-accompagnateurs.fr\/index.php?rest_route=%2Fwp%2Fv2%2Fcomments&post=4324"}],"version-history":[{"count":13,"href":"https:\/\/maison-des-accompagnateurs.fr\/index.php?rest_route=\/wp\/v2\/pages\/4324\/revisions"}],"predecessor-version":[{"id":4735,"href":"https:\/\/maison-des-accompagnateurs.fr\/index.php?rest_route=\/wp\/v2\/pages\/4324\/revisions\/4735"}],"wp:attachment":[{"href":"https:\/\/maison-des-accompagnateurs.fr\/index.php?rest_route=%2Fwp%2Fv2%2Fmedia&parent=4324"}],"curies":[{"name":"wp","href":"https:\/\/api.w.org\/{rel}","templated":true}]}}