{"id":4346,"date":"2025-03-14T15:37:30","date_gmt":"2025-03-14T14:37:30","guid":{"rendered":"https:\/\/maison-des-accompagnateurs.fr\/?page_id=4346"},"modified":"2025-03-14T15:53:36","modified_gmt":"2025-03-14T14:53:36","slug":"destination-aubrac","status":"publish","type":"page","link":"https:\/\/maison-des-accompagnateurs.fr\/?page_id=4346","title":{"rendered":"Destination Aubrac"},"content":{"rendered":"<p>[vc_section][vc_row][vc_column]<div class=\"wpb_content_element \"><style type=\"text\/css\">#ut_header_6a045ad3a4050 h1.page-title { font-size:30px !important; }<\/style><header id=\"ut_header_6a045ad3a4050\" class=\"page-header page-title-module  ut-no-title-linebreak-mobile ut-no-lead-linebreak-mobile pt-style-2 header-center header-tablet-center header-mobile-center\"><h1 data-title=\"Destination Aubrac\"  data-responsive-font=\"page_title\" data-responsive-font-settings=\"{&quot;base-font-size&quot;:&quot;global&quot;,&quot;font-size&quot;:{&quot;desktop_large&quot;:&quot;30&quot;},&quot;base-line-height&quot;:&quot;global&quot;,&quot;base-letter-spacing&quot;:&quot;global&quot;}\" class=\"page-title  \"><span>Destination Aubrac<\/span><\/h1><div data-delay=\"0\" class=\"lead \"><p>Destination aubrac<\/p>\n<\/div><\/header><\/div>[\/vc_column][\/vc_row][vc_row][vc_column width=\u00a0\u00bb1\/2&Prime;][vc_column_text]<\/p>\n<p>Canevas randonn\u00e9es compatible avec h\u00e9bergement \u00e0 Laguiole \/ Secteur environnant Partenaires : Fleur d\u2019Aubrac &#8211; Cap France, Hotel l&rsquo;Aubrac, Best Western&#8230;[\/vc_column_text][\/vc_column][vc_column width=\u00a0\u00bb1\/2&Prime;]<div  class=\"wpb_content_element   clearfix\"><style type=\"text\/css\">#ut_am_6a045ad3a72dc { opacity: 1; }#ut_am_wrap_6a045ad3a72dd .ut-image-gallery-item-caption-title h3 { letter-spacing: 0em; }#ut_am_wrap_6a045ad3a72dd .ut-gallery-slider-caption { font-weight: bold; }#ut_am_wrap_6a045ad3a72dd { text-align: left; }@media (min-width: 768px) and (max-width: 1024px) { #ut_am_wrap_6a045ad3a72dd { text-align: left !important; } }@media (max-width: 767px) { #ut_am_wrap_6a045ad3a72dd { text-align: center !important; } }<\/style><div id=\"ut_am_wrap_6a045ad3a72dd\" class=\"ut-image-gallery-image \"><div id=\"ut_reveal_6a045ad3a72de\"  data-appear-top-offset=\"auto\" class=\"ut-animated-image-item ut-image-gallery-item ut-animation-done \"><a class=\"ut-deactivated-link\" href=\"#\"><div class=\"ut-animated-image-zoom\"><img loading=\"lazy\" decoding=\"async\" class=\"ut-lazy skip-lazy ut-animated-image \"  id=\"ut_am_6a045ad3a72dc\" src=\"data:image\/svg+xml;charset=utf-8,%3Csvg xmlns%3D'http%3A%2F%2Fwww.w3.org%2F2000%2Fsvg' viewBox%3D'0 0 2480 1838'%2F%3E\" data-src=\"https:\/\/maison-des-accompagnateurs.fr\/wp-content\/uploads\/2025\/03\/AUBRAC.jpg\" width=\"2480\" height=\"1838\" alt=\"\"\/><\/div><\/a><\/div><\/div><\/div>[\/vc_column][\/vc_row][vc_row][vc_column]<div  class=\"wpb_content_element   clearfix\"><style type=\"text\/css\">#ut_am_6a045ad3a76f6 { opacity: 1; }#ut_am_wrap_6a045ad3a76f7 .ut-image-gallery-item-caption-title h3 { letter-spacing: 0em; }#ut_am_wrap_6a045ad3a76f7 .ut-gallery-slider-caption { font-weight: bold; }#ut_am_wrap_6a045ad3a76f7 { text-align: left; }@media (min-width: 768px) and (max-width: 1024px) { #ut_am_wrap_6a045ad3a76f7 { text-align: left !important; } }@media (max-width: 767px) { #ut_am_wrap_6a045ad3a76f7 { text-align: center !important; } }<\/style><div id=\"ut_am_wrap_6a045ad3a76f7\" class=\"ut-image-gallery-image \"><div id=\"ut_reveal_6a045ad3a76f8\"  data-appear-top-offset=\"auto\" class=\"ut-animated-image-item ut-image-gallery-item ut-animation-done \"><a class=\"ut-deactivated-link\" href=\"#\"><div class=\"ut-animated-image-zoom\"><img loading=\"lazy\" decoding=\"async\" class=\"ut-lazy skip-lazy ut-animated-image \"  id=\"ut_am_6a045ad3a76f6\" src=\"data:image\/svg+xml;charset=utf-8,%3Csvg xmlns%3D'http%3A%2F%2Fwww.w3.org%2F2000%2Fsvg' viewBox%3D'0 0 2376 3267'%2F%3E\" data-src=\"https:\/\/maison-des-accompagnateurs.fr\/wp-content\/uploads\/2025\/03\/AUBRAC-1.jpg\" width=\"2376\" height=\"3267\" alt=\"\"\/><\/div><\/a><\/div><\/div><\/div><div  class=\"wpb_content_element   clearfix\"><style type=\"text\/css\">#ut_am_6a045ad3a7ad8 { opacity: 1; }#ut_am_wrap_6a045ad3a7ad9 .ut-image-gallery-item-caption-title h3 { letter-spacing: 0em; }#ut_am_wrap_6a045ad3a7ad9 .ut-gallery-slider-caption { font-weight: bold; }#ut_am_wrap_6a045ad3a7ad9 { text-align: left; }@media (min-width: 768px) and (max-width: 1024px) { #ut_am_wrap_6a045ad3a7ad9 { text-align: left !important; } }@media (max-width: 767px) { #ut_am_wrap_6a045ad3a7ad9 { text-align: center !important; } }<\/style><div id=\"ut_am_wrap_6a045ad3a7ad9\" class=\"ut-image-gallery-image \"><div id=\"ut_reveal_6a045ad3a7ada\"  data-appear-top-offset=\"auto\" class=\"ut-animated-image-item ut-image-gallery-item ut-animation-done \"><a class=\"ut-deactivated-link\" href=\"#\"><div class=\"ut-animated-image-zoom\"><img loading=\"lazy\" decoding=\"async\" class=\"ut-lazy skip-lazy ut-animated-image \"  id=\"ut_am_6a045ad3a7ad8\" src=\"data:image\/svg+xml;charset=utf-8,%3Csvg xmlns%3D'http%3A%2F%2Fwww.w3.org%2F2000%2Fsvg' viewBox%3D'0 0 2428 3218'%2F%3E\" data-src=\"https:\/\/maison-des-accompagnateurs.fr\/wp-content\/uploads\/2025\/03\/AUBRAC-2.jpg\" width=\"2428\" height=\"3218\" alt=\"\"\/><\/div><\/a><\/div><\/div><\/div><div  class=\"wpb_content_element   clearfix\"><style type=\"text\/css\">#ut_am_6a045ad3a7ea5 { opacity: 1; }#ut_am_wrap_6a045ad3a7ea6 .ut-image-gallery-item-caption-title h3 { letter-spacing: 0em; }#ut_am_wrap_6a045ad3a7ea6 .ut-gallery-slider-caption { font-weight: bold; }#ut_am_wrap_6a045ad3a7ea6 { text-align: left; }@media (min-width: 768px) and (max-width: 1024px) { #ut_am_wrap_6a045ad3a7ea6 { text-align: left !important; } }@media (max-width: 767px) { #ut_am_wrap_6a045ad3a7ea6 { text-align: center !important; } }<\/style><div id=\"ut_am_wrap_6a045ad3a7ea6\" class=\"ut-image-gallery-image \"><div id=\"ut_reveal_6a045ad3a7ea7\"  data-appear-top-offset=\"auto\" class=\"ut-animated-image-item ut-image-gallery-item ut-animation-done \"><a class=\"ut-deactivated-link\" href=\"#\"><div class=\"ut-animated-image-zoom\"><img loading=\"lazy\" decoding=\"async\" class=\"ut-lazy skip-lazy ut-animated-image \"  id=\"ut_am_6a045ad3a7ea5\" src=\"data:image\/svg+xml;charset=utf-8,%3Csvg xmlns%3D'http%3A%2F%2Fwww.w3.org%2F2000%2Fsvg' viewBox%3D'0 0 2388 2924'%2F%3E\" data-src=\"https:\/\/maison-des-accompagnateurs.fr\/wp-content\/uploads\/2025\/03\/AUBRAC-3-copie.jpg\" width=\"2388\" height=\"2924\" alt=\"\"\/><\/div><\/a><\/div><\/div><\/div>[\/vc_column][\/vc_row][\/vc_section]<\/p>\n","protected":false},"excerpt":{"rendered":"<p>[vc_section][vc_row][vc_column][\/vc_column][\/vc_row][vc_row][vc_column width=\u00a0\u00bb1\/2&Prime;][vc_column_text] Canevas randonn\u00e9es compatible avec h\u00e9bergement \u00e0 Laguiole \/ Secteur environnant Partenaires : Fleur d\u2019Aubrac &#8211; Cap France, Hotel l&rsquo;Aubrac, Best Western&#8230;[\/vc_column_text][\/vc_column][vc_column width=\u00a0\u00bb1\/2&Prime;][\/vc_column][\/vc_row][vc_row][vc_column][\/vc_column][\/vc_row][\/vc_section]<\/p>\n","protected":false},"author":1,"featured_media":0,"parent":0,"menu_order":0,"comment_status":"closed","ping_status":"closed","template":"","meta":{"footnotes":""},"_links":{"self":[{"href":"https:\/\/maison-des-accompagnateurs.fr\/index.php?rest_route=\/wp\/v2\/pages\/4346"}],"collection":[{"href":"https:\/\/maison-des-accompagnateurs.fr\/index.php?rest_route=\/wp\/v2\/pages"}],"about":[{"href":"https:\/\/maison-des-accompagnateurs.fr\/index.php?rest_route=\/wp\/v2\/types\/page"}],"author":[{"embeddable":true,"href":"https:\/\/maison-des-accompagnateurs.fr\/index.php?rest_route=\/wp\/v2\/users\/1"}],"replies":[{"embeddable":true,"href":"https:\/\/maison-des-accompagnateurs.fr\/index.php?rest_route=%2Fwp%2Fv2%2Fcomments&post=4346"}],"version-history":[{"count":8,"href":"https:\/\/maison-des-accompagnateurs.fr\/index.php?rest_route=\/wp\/v2\/pages\/4346\/revisions"}],"predecessor-version":[{"id":4361,"href":"https:\/\/maison-des-accompagnateurs.fr\/index.php?rest_route=\/wp\/v2\/pages\/4346\/revisions\/4361"}],"wp:attachment":[{"href":"https:\/\/maison-des-accompagnateurs.fr\/index.php?rest_route=%2Fwp%2Fv2%2Fmedia&parent=4346"}],"curies":[{"name":"wp","href":"https:\/\/api.w.org\/{rel}","templated":true}]}}