{"id":4386,"date":"2025-03-14T21:02:28","date_gmt":"2025-03-14T20:02:28","guid":{"rendered":"https:\/\/maison-des-accompagnateurs.fr\/?page_id=4386"},"modified":"2025-03-16T20:06:52","modified_gmt":"2025-03-16T19:06:52","slug":"destination-cevennes","status":"publish","type":"page","link":"https:\/\/maison-des-accompagnateurs.fr\/?page_id=4386","title":{"rendered":"Destination Cevennes"},"content":{"rendered":"<p>[vc_section][vc_row][vc_column]<div class=\"wpb_content_element \"><style type=\"text\/css\">#ut_header_69ebb29d57fdc h1.page-title { font-size:30px !important; }<\/style><header id=\"ut_header_69ebb29d57fdc\" class=\"page-header page-title-module  ut-no-title-linebreak-mobile ut-no-lead-linebreak-mobile pt-style-2 header-center header-tablet-center header-mobile-center\"><h1 data-title=\"Destination Cevennes\"  data-responsive-font=\"page_title\" data-responsive-font-settings=\"{&quot;base-font-size&quot;:&quot;global&quot;,&quot;font-size&quot;:{&quot;desktop_large&quot;:&quot;30&quot;},&quot;base-line-height&quot;:&quot;global&quot;,&quot;base-letter-spacing&quot;:&quot;global&quot;}\" class=\"page-title  \"><span>Destination Cevennes<\/span><\/h1><div data-delay=\"0\" class=\"lead \"><p>Destination C\u00e9vennes<\/p>\n<\/div><\/header><\/div>[\/vc_column][\/vc_row][vc_row][vc_column width=\u00a0\u00bb1\/2&Prime;][vc_column_text]Canevas randonn\u00e9es compatible avec h\u00e9bergement \u00e0 Meyrueis, Nant ou secteur<\/p>\n<p>Partenaires :<br \/>\nRoc Nantais &#8211; Cap France, H\u00f4tel Les Douzes,<br \/>\nH\u00f4tel Le Mont Aigoual, H\u00f4tel Le Family[\/vc_column_text][\/vc_column][vc_column width=\u00a0\u00bb1\/2&Prime;]<div  class=\"wpb_content_element   clearfix\"><style type=\"text\/css\">#ut_am_69ebb29d5a2f9 { opacity: 1; }#ut_am_wrap_69ebb29d5a2fa .ut-image-gallery-item-caption-title h3 { letter-spacing: 0em; }#ut_am_wrap_69ebb29d5a2fa .ut-gallery-slider-caption { font-weight: bold; }#ut_am_wrap_69ebb29d5a2fa { text-align: left; }@media (min-width: 768px) and (max-width: 1024px) { #ut_am_wrap_69ebb29d5a2fa { text-align: left !important; } }@media (max-width: 767px) { #ut_am_wrap_69ebb29d5a2fa { text-align: center !important; } }<\/style><div id=\"ut_am_wrap_69ebb29d5a2fa\" class=\"ut-image-gallery-image \"><div id=\"ut_reveal_69ebb29d5a2fb\"  data-appear-top-offset=\"auto\" class=\"ut-animated-image-item ut-image-gallery-item ut-animation-done \"><a class=\"ut-deactivated-link\" href=\"#\"><div class=\"ut-animated-image-zoom\"><img loading=\"lazy\" decoding=\"async\" class=\"ut-lazy skip-lazy ut-animated-image \"  id=\"ut_am_69ebb29d5a2f9\" src=\"data:image\/svg+xml;charset=utf-8,%3Csvg xmlns%3D'http%3A%2F%2Fwww.w3.org%2F2000%2Fsvg' viewBox%3D'0 0 2480 2085'%2F%3E\" data-src=\"https:\/\/maison-des-accompagnateurs.fr\/wp-content\/uploads\/2025\/03\/PLAN.jpg\" width=\"2480\" height=\"2085\" alt=\"\"\/><\/div><\/a><\/div><\/div><\/div>[\/vc_column][\/vc_row][vc_row][vc_column]<div  class=\"wpb_content_element   clearfix\"><style type=\"text\/css\">#ut_am_69ebb29d5a63b { opacity: 1; }#ut_am_wrap_69ebb29d5a63c .ut-image-gallery-item-caption-title h3 { letter-spacing: 0em; }#ut_am_wrap_69ebb29d5a63c .ut-gallery-slider-caption { font-weight: bold; }#ut_am_wrap_69ebb29d5a63c { text-align: left; }@media (min-width: 768px) and (max-width: 1024px) { #ut_am_wrap_69ebb29d5a63c { text-align: left !important; } }@media (max-width: 767px) { #ut_am_wrap_69ebb29d5a63c { text-align: center !important; } }<\/style><div id=\"ut_am_wrap_69ebb29d5a63c\" class=\"ut-image-gallery-image \"><div id=\"ut_reveal_69ebb29d5a63d\"  data-appear-top-offset=\"auto\" class=\"ut-animated-image-item ut-image-gallery-item ut-animation-done \"><a class=\"ut-deactivated-link\" href=\"#\"><div class=\"ut-animated-image-zoom\"><img loading=\"lazy\" decoding=\"async\" class=\"ut-lazy skip-lazy ut-animated-image \"  id=\"ut_am_69ebb29d5a63b\" src=\"data:image\/svg+xml;charset=utf-8,%3Csvg xmlns%3D'http%3A%2F%2Fwww.w3.org%2F2000%2Fsvg' viewBox%3D'0 0 2376 3269'%2F%3E\" data-src=\"https:\/\/maison-des-accompagnateurs.fr\/wp-content\/uploads\/2025\/03\/MdA-Plaquette-9-1-15dd.jpg\" width=\"2376\" height=\"3269\" alt=\"\"\/><\/div><\/a><\/div><\/div><\/div><div  class=\"wpb_content_element   clearfix\"><style type=\"text\/css\">#ut_am_69ebb29d5a94b { opacity: 1; }#ut_am_wrap_69ebb29d5a94c .ut-image-gallery-item-caption-title h3 { letter-spacing: 0em; }#ut_am_wrap_69ebb29d5a94c .ut-gallery-slider-caption { font-weight: bold; }#ut_am_wrap_69ebb29d5a94c { text-align: left; }@media (min-width: 768px) and (max-width: 1024px) { #ut_am_wrap_69ebb29d5a94c { text-align: left !important; } }@media (max-width: 767px) { #ut_am_wrap_69ebb29d5a94c { text-align: center !important; } }<\/style><div id=\"ut_am_wrap_69ebb29d5a94c\" class=\"ut-image-gallery-image \"><div id=\"ut_reveal_69ebb29d5a94d\"  data-appear-top-offset=\"auto\" class=\"ut-animated-image-item ut-image-gallery-item ut-animation-done \"><a class=\"ut-deactivated-link\" href=\"#\"><div class=\"ut-animated-image-zoom\"><img loading=\"lazy\" decoding=\"async\" class=\"ut-lazy skip-lazy ut-animated-image \"  id=\"ut_am_69ebb29d5a94b\" src=\"data:image\/svg+xml;charset=utf-8,%3Csvg xmlns%3D'http%3A%2F%2Fwww.w3.org%2F2000%2Fsvg' viewBox%3D'0 0 2484 2790'%2F%3E\" data-src=\"https:\/\/maison-des-accompagnateurs.fr\/wp-content\/uploads\/2025\/03\/MdA-Plaquette-9-1-16-1.jpg\" width=\"2484\" height=\"2790\" alt=\"\"\/><\/div><\/a><\/div><\/div><\/div><div  class=\"wpb_content_element   clearfix\"><style type=\"text\/css\">#ut_am_69ebb29d5ac25 { opacity: 1; }#ut_am_wrap_69ebb29d5ac26 .ut-image-gallery-item-caption-title h3 { letter-spacing: 0em; }#ut_am_wrap_69ebb29d5ac26 .ut-gallery-slider-caption { font-weight: bold; }#ut_am_wrap_69ebb29d5ac26 { text-align: left; }@media (min-width: 768px) and (max-width: 1024px) { #ut_am_wrap_69ebb29d5ac26 { text-align: left !important; } }@media (max-width: 767px) { #ut_am_wrap_69ebb29d5ac26 { text-align: center !important; } }<\/style><div id=\"ut_am_wrap_69ebb29d5ac26\" class=\"ut-image-gallery-image \"><div id=\"ut_reveal_69ebb29d5ac27\"  data-appear-top-offset=\"auto\" class=\"ut-animated-image-item ut-image-gallery-item ut-animation-done \"><a class=\"ut-deactivated-link\" href=\"#\"><div class=\"ut-animated-image-zoom\"><img loading=\"lazy\" decoding=\"async\" class=\"ut-lazy skip-lazy ut-animated-image \"  id=\"ut_am_69ebb29d5ac25\" src=\"data:image\/svg+xml;charset=utf-8,%3Csvg xmlns%3D'http%3A%2F%2Fwww.w3.org%2F2000%2Fsvg' viewBox%3D'0 0 2377 2918'%2F%3E\" data-src=\"https:\/\/maison-des-accompagnateurs.fr\/wp-content\/uploads\/2025\/03\/MdA-Plaquette-9-1-17.jpg\" width=\"2377\" height=\"2918\" alt=\"\"\/><\/div><\/a><\/div><\/div><\/div>[\/vc_column][\/vc_row][\/vc_section]<\/p>\n","protected":false},"excerpt":{"rendered":"<p>[vc_section][vc_row][vc_column][\/vc_column][\/vc_row][vc_row][vc_column width=\u00a0\u00bb1\/2&Prime;][vc_column_text]Canevas randonn\u00e9es compatible avec h\u00e9bergement \u00e0 Meyrueis, Nant ou secteur Partenaires : Roc Nantais &#8211; Cap France, H\u00f4tel Les Douzes, H\u00f4tel Le Mont Aigoual, H\u00f4tel Le Family[\/vc_column_text][\/vc_column][vc_column width=\u00a0\u00bb1\/2&Prime;][\/vc_column][\/vc_row][vc_row][vc_column][\/vc_column][\/vc_row][\/vc_section]<\/p>\n","protected":false},"author":1,"featured_media":0,"parent":0,"menu_order":0,"comment_status":"closed","ping_status":"closed","template":"","meta":{"footnotes":""},"_links":{"self":[{"href":"https:\/\/maison-des-accompagnateurs.fr\/index.php?rest_route=\/wp\/v2\/pages\/4386"}],"collection":[{"href":"https:\/\/maison-des-accompagnateurs.fr\/index.php?rest_route=\/wp\/v2\/pages"}],"about":[{"href":"https:\/\/maison-des-accompagnateurs.fr\/index.php?rest_route=\/wp\/v2\/types\/page"}],"author":[{"embeddable":true,"href":"https:\/\/maison-des-accompagnateurs.fr\/index.php?rest_route=\/wp\/v2\/users\/1"}],"replies":[{"embeddable":true,"href":"https:\/\/maison-des-accompagnateurs.fr\/index.php?rest_route=%2Fwp%2Fv2%2Fcomments&post=4386"}],"version-history":[{"count":4,"href":"https:\/\/maison-des-accompagnateurs.fr\/index.php?rest_route=\/wp\/v2\/pages\/4386\/revisions"}],"predecessor-version":[{"id":4455,"href":"https:\/\/maison-des-accompagnateurs.fr\/index.php?rest_route=\/wp\/v2\/pages\/4386\/revisions\/4455"}],"wp:attachment":[{"href":"https:\/\/maison-des-accompagnateurs.fr\/index.php?rest_route=%2Fwp%2Fv2%2Fmedia&parent=4386"}],"curies":[{"name":"wp","href":"https:\/\/api.w.org\/{rel}","templated":true}]}}