{"id":4395,"date":"2025-03-14T21:19:10","date_gmt":"2025-03-14T20:19:10","guid":{"rendered":"https:\/\/maison-des-accompagnateurs.fr\/?page_id=4395"},"modified":"2025-03-14T21:27:53","modified_gmt":"2025-03-14T20:27:53","slug":"destination-marcillac","status":"publish","type":"page","link":"https:\/\/maison-des-accompagnateurs.fr\/?page_id=4395","title":{"rendered":"Destination Marcillac"},"content":{"rendered":"<p>[vc_section][vc_row][vc_column]<div class=\"wpb_content_element \"><style type=\"text\/css\">#ut_header_6a045a2633ccf h1.page-title { font-size:30px !important; }<\/style><header id=\"ut_header_6a045a2633ccf\" class=\"page-header page-title-module  ut-no-title-linebreak-mobile ut-no-lead-linebreak-mobile pt-style-2 header-center header-tablet-center header-mobile-center\"><h1 data-title=\"Destination Marcillac\"  data-responsive-font=\"page_title\" data-responsive-font-settings=\"{&quot;base-font-size&quot;:&quot;global&quot;,&quot;font-size&quot;:{&quot;desktop_large&quot;:&quot;30&quot;},&quot;base-line-height&quot;:&quot;global&quot;,&quot;base-letter-spacing&quot;:&quot;global&quot;}\" class=\"page-title  \"><span>Destination Marcillac<\/span><\/h1><div data-delay=\"0\" class=\"lead \"><p>Destination Marcillac<\/p>\n<\/div><\/header><\/div>[\/vc_column][\/vc_row][vc_row][vc_column width=\u00a0\u00bb1\/2&Prime;][vc_column_text]Canevas randonn\u00e9es compatible avec h\u00e9bergement \u00e0 Salles-la-Source, ou secteur environnant<br \/>\nPartenaires :<br \/>\nOustal &#8211; Cap France&#8230;[\/vc_column_text][\/vc_column][vc_column width=\u00a0\u00bb1\/2&Prime;]<div  class=\"wpb_content_element   clearfix\"><style type=\"text\/css\">#ut_am_6a045a2636efd { opacity: 1; }#ut_am_wrap_6a045a2636efe .ut-image-gallery-item-caption-title h3 { letter-spacing: 0em; }#ut_am_wrap_6a045a2636efe .ut-gallery-slider-caption { font-weight: bold; }#ut_am_wrap_6a045a2636efe { text-align: left; }@media (min-width: 768px) and (max-width: 1024px) { #ut_am_wrap_6a045a2636efe { text-align: left !important; } }@media (max-width: 767px) { #ut_am_wrap_6a045a2636efe { text-align: center !important; } }<\/style><div id=\"ut_am_wrap_6a045a2636efe\" class=\"ut-image-gallery-image \"><div id=\"ut_reveal_6a045a2636eff\"  data-appear-top-offset=\"auto\" class=\"ut-animated-image-item ut-image-gallery-item ut-animation-done \"><a class=\"ut-deactivated-link\" href=\"#\"><div class=\"ut-animated-image-zoom\"><img loading=\"lazy\" decoding=\"async\" class=\"ut-lazy skip-lazy ut-animated-image \"  id=\"ut_am_6a045a2636efd\" src=\"data:image\/svg+xml;charset=utf-8,%3Csvg xmlns%3D'http%3A%2F%2Fwww.w3.org%2F2000%2Fsvg' viewBox%3D'0 0 2480 1237'%2F%3E\" data-src=\"https:\/\/maison-des-accompagnateurs.fr\/wp-content\/uploads\/2025\/03\/MdA-Plaquette-9-1-18-3.jpg\" width=\"2480\" height=\"1237\" alt=\"\"\/><\/div><\/a><\/div><\/div><\/div>[\/vc_column][\/vc_row][vc_row][vc_column]<div  class=\"wpb_content_element   clearfix\"><style type=\"text\/css\">#ut_am_6a045a263725a { opacity: 1; }#ut_am_wrap_6a045a263725b .ut-image-gallery-item-caption-title h3 { letter-spacing: 0em; }#ut_am_wrap_6a045a263725b .ut-gallery-slider-caption { font-weight: bold; }#ut_am_wrap_6a045a263725b { text-align: left; }@media (min-width: 768px) and (max-width: 1024px) { #ut_am_wrap_6a045a263725b { text-align: left !important; } }@media (max-width: 767px) { #ut_am_wrap_6a045a263725b { text-align: center !important; } }<\/style><div id=\"ut_am_wrap_6a045a263725b\" class=\"ut-image-gallery-image \"><div id=\"ut_reveal_6a045a263725c\"  data-appear-top-offset=\"auto\" class=\"ut-animated-image-item ut-image-gallery-item ut-animation-done \"><a class=\"ut-deactivated-link\" href=\"#\"><div class=\"ut-animated-image-zoom\"><img loading=\"lazy\" decoding=\"async\" class=\"ut-lazy skip-lazy ut-animated-image \"  id=\"ut_am_6a045a263725a\" src=\"data:image\/svg+xml;charset=utf-8,%3Csvg xmlns%3D'http%3A%2F%2Fwww.w3.org%2F2000%2Fsvg' viewBox%3D'0 0 2264 1357'%2F%3E\" data-src=\"https:\/\/maison-des-accompagnateurs.fr\/wp-content\/uploads\/2025\/03\/MdA-Plaquette-9-1-18-4.jpg\" width=\"2264\" height=\"1357\" alt=\"\"\/><\/div><\/a><\/div><\/div><\/div><div  class=\"wpb_content_element   clearfix\"><style type=\"text\/css\">#ut_am_6a045a26375a4 { opacity: 1; }#ut_am_wrap_6a045a26375a5 .ut-image-gallery-item-caption-title h3 { letter-spacing: 0em; }#ut_am_wrap_6a045a26375a5 .ut-gallery-slider-caption { font-weight: bold; }#ut_am_wrap_6a045a26375a5 { text-align: left; }@media (min-width: 768px) and (max-width: 1024px) { #ut_am_wrap_6a045a26375a5 { text-align: left !important; } }@media (max-width: 767px) { #ut_am_wrap_6a045a26375a5 { text-align: center !important; } }<\/style><div id=\"ut_am_wrap_6a045a26375a5\" class=\"ut-image-gallery-image \"><div id=\"ut_reveal_6a045a26375a6\"  data-appear-top-offset=\"auto\" class=\"ut-animated-image-item ut-image-gallery-item ut-animation-done \"><a class=\"ut-deactivated-link\" href=\"#\"><div class=\"ut-animated-image-zoom\"><img loading=\"lazy\" decoding=\"async\" class=\"ut-lazy skip-lazy ut-animated-image \"  id=\"ut_am_6a045a26375a4\" src=\"data:image\/svg+xml;charset=utf-8,%3Csvg xmlns%3D'http%3A%2F%2Fwww.w3.org%2F2000%2Fsvg' viewBox%3D'0 0 2376 2895'%2F%3E\" data-src=\"https:\/\/maison-des-accompagnateurs.fr\/wp-content\/uploads\/2025\/03\/MdA-Plaquette-9-1-19-2.jpg\" width=\"2376\" height=\"2895\" alt=\"\"\/><\/div><\/a><\/div><\/div><\/div>[\/vc_column][\/vc_row][\/vc_section]<\/p>\n","protected":false},"excerpt":{"rendered":"<p>[vc_section][vc_row][vc_column][\/vc_column][\/vc_row][vc_row][vc_column width=\u00a0\u00bb1\/2&Prime;][vc_column_text]Canevas randonn\u00e9es compatible avec h\u00e9bergement \u00e0 Salles-la-Source, ou secteur environnant Partenaires : Oustal &#8211; Cap France&#8230;[\/vc_column_text][\/vc_column][vc_column width=\u00a0\u00bb1\/2&Prime;][\/vc_column][\/vc_row][vc_row][vc_column][\/vc_column][\/vc_row][\/vc_section]<\/p>\n","protected":false},"author":1,"featured_media":0,"parent":0,"menu_order":0,"comment_status":"closed","ping_status":"closed","template":"","meta":{"footnotes":""},"_links":{"self":[{"href":"https:\/\/maison-des-accompagnateurs.fr\/index.php?rest_route=\/wp\/v2\/pages\/4395"}],"collection":[{"href":"https:\/\/maison-des-accompagnateurs.fr\/index.php?rest_route=\/wp\/v2\/pages"}],"about":[{"href":"https:\/\/maison-des-accompagnateurs.fr\/index.php?rest_route=\/wp\/v2\/types\/page"}],"author":[{"embeddable":true,"href":"https:\/\/maison-des-accompagnateurs.fr\/index.php?rest_route=\/wp\/v2\/users\/1"}],"replies":[{"embeddable":true,"href":"https:\/\/maison-des-accompagnateurs.fr\/index.php?rest_route=%2Fwp%2Fv2%2Fcomments&post=4395"}],"version-history":[{"count":5,"href":"https:\/\/maison-des-accompagnateurs.fr\/index.php?rest_route=\/wp\/v2\/pages\/4395\/revisions"}],"predecessor-version":[{"id":4408,"href":"https:\/\/maison-des-accompagnateurs.fr\/index.php?rest_route=\/wp\/v2\/pages\/4395\/revisions\/4408"}],"wp:attachment":[{"href":"https:\/\/maison-des-accompagnateurs.fr\/index.php?rest_route=%2Fwp%2Fv2%2Fmedia&parent=4395"}],"curies":[{"name":"wp","href":"https:\/\/api.w.org\/{rel}","templated":true}]}}