{"id":4516,"date":"2025-03-16T21:38:47","date_gmt":"2025-03-16T20:38:47","guid":{"rendered":"https:\/\/maison-des-accompagnateurs.fr\/?page_id=4516"},"modified":"2025-03-21T11:38:38","modified_gmt":"2025-03-21T10:38:38","slug":"sous-les-ailes-des-vautours-2","status":"publish","type":"page","link":"https:\/\/maison-des-accompagnateurs.fr\/?page_id=4516","title":{"rendered":"Sous les ailes des vautours"},"content":{"rendered":"<p>[vc_section][vc_row][vc_column]<div class=\"wpb_content_element \"><style type=\"text\/css\">#ut_header_69ebbf5a4b87c h1.page-title { font-size:30px !important; }<\/style><header id=\"ut_header_69ebbf5a4b87c\" class=\"page-header page-title-module  ut-no-title-linebreak-mobile ut-no-lead-linebreak-mobile pt-style-2 header-center header-tablet-center header-mobile-center\"><h1 data-title=\"Sous les ailes des vautours\"  data-responsive-font=\"page_title\" data-responsive-font-settings=\"{&quot;base-font-size&quot;:&quot;global&quot;,&quot;font-size&quot;:{&quot;desktop_large&quot;:&quot;30&quot;},&quot;base-line-height&quot;:&quot;global&quot;,&quot;base-letter-spacing&quot;:&quot;global&quot;}\" class=\"page-title  \"><span>Sous les ailes des vautours<\/span><\/h1><\/header><\/div>[\/vc_column][\/vc_row][vc_row][vc_column]<div class=\"wpb_content_element ut-gallery-1  clearfix\"><style type=\"text\/css\">#ut_ig_69ebbf5a4db97 .ut-lazy:not(.ut-image-loaded) + .ut-video-module-loading { display:block; }#ut_ig_69ebbf5a4db97 .ut-lazy.ut-image-loaded + .ut-video-module-loading { display:none; }<\/style><div id=\"ut_ig_69ebbf5a4db97\" class=\"ut-image-gallery ut-image-gallery-module  ut-image-gallery-1 clearfix\" data-settings=\"{&quot;animate&quot;:true,&quot;effect&quot;:&quot;&quot;,&quot;lazy&quot;:true,&quot;delay_animation&quot;:false,&quot;global_delay_animation&quot;:false,&quot;delay_timer&quot;:100,&quot;global_delay_timer&quot;:100}\" ><div  data-count=\"4\" class=\"ut-image-gallery-item ut-animation-done grid-25 tablet-grid-50 mobile-grid-100\"><a  class=\"ut-vc-images-lightbox ut-vc-images-lightbox-group-image\"  data-exthumbimage=\"https:\/\/maison-des-accompagnateurs.fr\/wp-content\/uploads\/2025\/03\/VautourFauve_ThierryVergely-37-200x200.jpg\" href=\"https:\/\/maison-des-accompagnateurs.fr\/wp-content\/uploads\/2025\/03\/VautourFauve_ThierryVergely-37.jpg\" ><div class=\"ut-image-gallery-image\" ><img loading=\"lazy\" decoding=\"async\"  class=\" ut-lazy skip-lazy\" src=\"data:image\/svg+xml;charset=utf-8,%3Csvg xmlns%3D'http%3A%2F%2Fwww.w3.org%2F2000%2Fsvg' viewBox%3D'0 0 325 217'%2F%3E\" data-src=\"https:\/\/maison-des-accompagnateurs.fr\/wp-content\/uploads\/2025\/03\/VautourFauve_ThierryVergely-37-325x217.jpg\" width=\"325\" height=\"217\"><div class=\"ut-video-module-loading\"><div class=\"ut-image-gallery-loader\"><div class=\"ut-image-gallery-loader-inner\"><\/div><\/div><\/div><div class=\"ut-image-gallery-image-caption\"><div class=\"ut-image-gallery-item-caption-title\"><h3 class=\"ut-image-gallery-empty-title\">+<\/h3><\/div><\/div><\/div><\/a><\/div><div  data-count=\"4\" class=\"ut-image-gallery-item ut-animation-done ut-animation-done grid-25 tablet-grid-50 mobile-grid-100\"><a  class=\"ut-vc-images-lightbox ut-vc-images-lightbox-group-image\"  data-exthumbimage=\"https:\/\/maison-des-accompagnateurs.fr\/wp-content\/uploads\/2025\/03\/IMG-20240709-WA0011-1-200x200.jpg\" href=\"https:\/\/maison-des-accompagnateurs.fr\/wp-content\/uploads\/2025\/03\/IMG-20240709-WA0011-1.jpg\" ><div class=\"ut-image-gallery-image\" ><img loading=\"lazy\" decoding=\"async\"  class=\" ut-lazy skip-lazy\" src=\"data:image\/svg+xml;charset=utf-8,%3Csvg xmlns%3D'http%3A%2F%2Fwww.w3.org%2F2000%2Fsvg' viewBox%3D'0 0 325 217'%2F%3E\" data-src=\"https:\/\/maison-des-accompagnateurs.fr\/wp-content\/uploads\/2025\/03\/IMG-20240709-WA0011-1-325x217.jpg\" width=\"325\" height=\"217\"><div class=\"ut-video-module-loading\"><div class=\"ut-image-gallery-loader\"><div class=\"ut-image-gallery-loader-inner\"><\/div><\/div><\/div><div class=\"ut-image-gallery-image-caption\"><div class=\"ut-image-gallery-item-caption-title\"><h3 class=\"ut-image-gallery-empty-title\">+<\/h3><\/div><\/div><\/div><\/a><\/div><div  data-count=\"4\" class=\"ut-image-gallery-item ut-animation-done ut-animation-done ut-animation-done grid-25 tablet-grid-50 mobile-grid-100 ut-tablet-last\"><a  class=\"ut-vc-images-lightbox ut-vc-images-lightbox-group-image\"  data-exthumbimage=\"https:\/\/maison-des-accompagnateurs.fr\/wp-content\/uploads\/2025\/03\/VautourFauve_ThierryVergely-41-200x200.jpg\" href=\"https:\/\/maison-des-accompagnateurs.fr\/wp-content\/uploads\/2025\/03\/VautourFauve_ThierryVergely-41.jpg\" ><div class=\"ut-image-gallery-image\" ><img loading=\"lazy\" decoding=\"async\"  class=\" ut-lazy skip-lazy\" src=\"data:image\/svg+xml;charset=utf-8,%3Csvg xmlns%3D'http%3A%2F%2Fwww.w3.org%2F2000%2Fsvg' viewBox%3D'0 0 325 217'%2F%3E\" data-src=\"https:\/\/maison-des-accompagnateurs.fr\/wp-content\/uploads\/2025\/03\/VautourFauve_ThierryVergely-41-325x217.jpg\" width=\"325\" height=\"217\"><div class=\"ut-video-module-loading\"><div class=\"ut-image-gallery-loader\"><div class=\"ut-image-gallery-loader-inner\"><\/div><\/div><\/div><div class=\"ut-image-gallery-image-caption\"><div class=\"ut-image-gallery-item-caption-title\"><h3 class=\"ut-image-gallery-empty-title\">+<\/h3><\/div><\/div><\/div><\/a><\/div><div class=\"clear hide-on-desktop hide-on-tablet\"><\/div><div  data-count=\"4\" class=\"ut-image-gallery-item ut-animation-done ut-animation-done ut-animation-done ut-animation-done grid-25 tablet-grid-50 mobile-grid-100\"><a  class=\"ut-vc-images-lightbox ut-vc-images-lightbox-group-image\"  data-exthumbimage=\"https:\/\/maison-des-accompagnateurs.fr\/wp-content\/uploads\/2025\/03\/BrunoBerthemy-263-200x200.jpg\" href=\"https:\/\/maison-des-accompagnateurs.fr\/wp-content\/uploads\/2025\/03\/BrunoBerthemy-263.jpg\" ><div class=\"ut-image-gallery-image\" ><img loading=\"lazy\" decoding=\"async\"  class=\" ut-lazy skip-lazy\" src=\"data:image\/svg+xml;charset=utf-8,%3Csvg xmlns%3D'http%3A%2F%2Fwww.w3.org%2F2000%2Fsvg' viewBox%3D'0 0 325 217'%2F%3E\" data-src=\"https:\/\/maison-des-accompagnateurs.fr\/wp-content\/uploads\/2025\/03\/BrunoBerthemy-263-325x217.jpg\" width=\"325\" height=\"217\"><div class=\"ut-video-module-loading\"><div class=\"ut-image-gallery-loader\"><div class=\"ut-image-gallery-loader-inner\"><\/div><\/div><\/div><div class=\"ut-image-gallery-image-caption\"><div class=\"ut-image-gallery-item-caption-title\"><h3 class=\"ut-image-gallery-empty-title\">+<\/h3><\/div><\/div><\/div><\/a><\/div><div class=\"ut-image-gallery-sizer\"><\/div><div class=\"clear\"><\/div><\/div><\/div>[\/vc_column][\/vc_row][vc_row][vc_column][vc_column_text]<\/p>\n<h2>Sous les ailes des vautours<\/h2>\n<p>Vivez l&rsquo;exp\u00e9rience d&rsquo;une\u00a0<strong>mini rando<\/strong>\u00a0au c\u0153ur des Gorges de la Jonte \u00e0 la rencontre des grands planeurs. Une sortie sympa afin d&rsquo;observer les vautours dans leur milieu !<br \/>\n<strong>Le petit +<\/strong>\u00a0: Parcours facile adapt\u00e9 \u00e0 toute la famille, et visite de la\u00a0<strong>Maison des Vautours<\/strong>\u00a0incluse.<br \/>\nEn petit groupe nous marcherons dans les Gorges de la Jonte pour rejoindre un point d&rsquo;observation. Sur une ancienne terrasse de culture, assis dans l&rsquo;herbe, nous pourrons \u00e9changer sur les vautours et leur environnement ! Une fois la balade finie, visite de la Maison des Vautours pour tout savoir sur leur vie et leur habitat naturel.<br \/>\n&#8211; D\u00e9part du parking de la\u00a0<strong>Maison des Vautours \u00e0 9h00.<\/strong><br \/>\n&#8211;\u00a0<strong>Chaussures l\u00e9g\u00e8res de sports ou de marche indispensables<\/strong><br \/>\n&#8211; Pr\u00e9voir de\u00a0<strong>l&rsquo;eau<\/strong>\u00a0et \u00e9ventuellement un sac \u00e0 dos pour porter un peu de Mat\u00e9riel<br \/>\nSortie disponible chaque\u00a0<strong>mardi matin<\/strong>\u00a0et\u00a0<strong>vendredi matin<\/strong><\/p>\n<h2>Horaires : 09h00 \u2013 12h00<\/h2>\n<p>3 km \u00e0 pied, environ 1h00 de marche hors pause ( rando tr\u00e8s facile )<br \/>\nRandonn\u00e9e facile MAIS\u00a0n\u00e9cessit\u00e9 d&rsquo;\u00eatre bien chauss\u00e9\u00a0( pas de Tongue ni sandalettes !) car terrain rocheux et escarp\u00e9.<br \/>\nIl peut faire chaud&#8230; n&rsquo;oubliez pas\u00a0<strong>l&rsquo;eau,<\/strong>\u00a0l<strong>es casquettes et la cr\u00e8me solaire<\/strong>&#8230;<\/p>\n<p>[\/vc_column_text][vc_row_inner][vc_column_inner width=\u00a0\u00bb1\/2&Prime;][vc_gmaps link=\u00a0\u00bb#E-8_JTNDaWZyYW1lJTIwc3JjJTNEJTIyaHR0cHMlM0ElMkYlMkZ3d3cuZ29vZ2xlLmNvbSUyRm1hcHMlMkZlbWJlZCUzRnBiJTNEJTIxMW0xOCUyMTFtMTIlMjExbTMlMjExZDQxNTguMTA0MTMxODg0Mjk5JTIxMmQzLjI0OTE3MDkwNzAxODAxOTclMjEzZDQ0LjE5NjA5MjA1ODQ2MTM1JTIxMm0zJTIxMWYwJTIxMmYwJTIxM2YwJTIxM20yJTIxMWkxMDI0JTIxMmk3NjglMjE0ZjEzLjElMjEzbTMlMjExbTIlMjExczB4MTJiM2JhYWE4MmQzMWQyYiUyNTNBMHhjNDVkNzg5NTZiNzFlYzc5JTIxMnNNYWlzb24lMjUyMGRlcyUyNTIwVmF1dG91cnMlMjE1ZTAlMjEzbTIlMjExc2ZyJTIxMnNmciUyMTR2MTc0MjE1ODA1ODcyNyUyMTVtMiUyMTFzZnIlMjEyc2ZyJTIyJTIwd2lkdGglM0QlMjI2MDAlMjIlMjBoZWlnaHQlM0QlMjI0NTAlMjIlMjBzdHlsZSUzRCUyMmJvcmRlciUzQTAlM0IlMjIlMjBhbGxvd2Z1bGxzY3JlZW4lM0QlMjIlMjIlMjBsb2FkaW5nJTNEJTIybGF6eSUyMiUyMHJlZmVycmVycG9saWN5JTNEJTIybm8tcmVmZXJyZXItd2hlbi1kb3duZ3JhZGUlMjIlM0UlM0MlMkZpZnJhbWUlM0U=\u00a0\u00bb title=\u00a0\u00bbD\u00e9part\u00a0\u00bb][\/vc_column_inner][vc_column_inner width=\u00a0\u00bb1\/2&Prime;][vc_column_text]<\/p>\n<h2>Tarifs\u00a0:<\/h2>\n<p>Adultes : 19 \u20ac<br \/>\nEnfants &#8211; 12ans : 13 \u20ac<br \/>\nFamille (2 adultes et 2 enfants) : 55 \u20ac<\/p>\n<p>Le prix comprend :<br \/>\n&#8211; L&rsquo;accompagnement de la randonn\u00e9e par un guide dipl\u00f4m\u00e9 d&rsquo;Etat.<br \/>\n&#8211; La visite de la Maison des Vautours.<\/p>\n<p>Lien de r\u00e9servation :<\/p>\n<p><a href=\"https:\/\/www.explore-millau.com\/reserver\/les-randos-animees\/\" target=\"_blank\" rel=\"noopener\" data-saferedirecturl=\"https:\/\/www.google.com\/url?q=https:\/\/www.explore-millau.com\/reserver\/les-randos-animees\/&amp;source=gmail&amp;ust=1742287192053000&amp;usg=AOvVaw2MEVpPwRd-Amxod8hwM37c\">https:\/\/www.explore-millau.<wbr \/>com\/reserver\/les-randos-<wbr \/>animees\/<\/a>[\/vc_column_text][\/vc_column_inner][\/vc_row_inner][\/vc_column][\/vc_row][vc_row][vc_column][\/vc_column][\/vc_row][\/vc_section]<\/p>\n","protected":false},"excerpt":{"rendered":"<p>[vc_section][vc_row][vc_column][\/vc_column][\/vc_row][vc_row][vc_column][\/vc_column][\/vc_row][vc_row][vc_column][vc_column_text] Sous les ailes des vautours Vivez l&rsquo;exp\u00e9rience d&rsquo;une\u00a0mini rando\u00a0au c\u0153ur des Gorges de la Jonte \u00e0 la rencontre des grands planeurs. Une sortie sympa afin d&rsquo;observer les vautours dans leur milieu ! Le petit +\u00a0: Parcours facile adapt\u00e9 \u00e0 toute la famille, et visite de la\u00a0Maison des Vautours\u00a0incluse. En petit groupe nous marcherons dans [&hellip;]<\/p>\n","protected":false},"author":1,"featured_media":0,"parent":0,"menu_order":0,"comment_status":"closed","ping_status":"closed","template":"","meta":{"footnotes":""},"_links":{"self":[{"href":"https:\/\/maison-des-accompagnateurs.fr\/index.php?rest_route=\/wp\/v2\/pages\/4516"}],"collection":[{"href":"https:\/\/maison-des-accompagnateurs.fr\/index.php?rest_route=\/wp\/v2\/pages"}],"about":[{"href":"https:\/\/maison-des-accompagnateurs.fr\/index.php?rest_route=\/wp\/v2\/types\/page"}],"author":[{"embeddable":true,"href":"https:\/\/maison-des-accompagnateurs.fr\/index.php?rest_route=\/wp\/v2\/users\/1"}],"replies":[{"embeddable":true,"href":"https:\/\/maison-des-accompagnateurs.fr\/index.php?rest_route=%2Fwp%2Fv2%2Fcomments&post=4516"}],"version-history":[{"count":33,"href":"https:\/\/maison-des-accompagnateurs.fr\/index.php?rest_route=\/wp\/v2\/pages\/4516\/revisions"}],"predecessor-version":[{"id":4709,"href":"https:\/\/maison-des-accompagnateurs.fr\/index.php?rest_route=\/wp\/v2\/pages\/4516\/revisions\/4709"}],"wp:attachment":[{"href":"https:\/\/maison-des-accompagnateurs.fr\/index.php?rest_route=%2Fwp%2Fv2%2Fmedia&parent=4516"}],"curies":[{"name":"wp","href":"https:\/\/api.w.org\/{rel}","templated":true}]}}