{"id":4571,"date":"2025-03-17T10:02:57","date_gmt":"2025-03-17T09:02:57","guid":{"rendered":"https:\/\/maison-des-accompagnateurs.fr\/?page_id=4571"},"modified":"2025-03-21T11:46:34","modified_gmt":"2025-03-21T10:46:34","slug":"sous-le-viaduc-de-nuit","status":"publish","type":"page","link":"https:\/\/maison-des-accompagnateurs.fr\/?page_id=4571","title":{"rendered":"Sous le viaduc de nuit"},"content":{"rendered":"<p>[vc_section][vc_row][vc_column]<div class=\"wpb_content_element \"><style type=\"text\/css\">#ut_header_69ebc07c57f67 h1.page-title { font-size:30px !important; }<\/style><header id=\"ut_header_69ebc07c57f67\" class=\"page-header page-title-module  ut-no-title-linebreak-mobile ut-no-lead-linebreak-mobile pt-style-2 header-center header-tablet-center header-mobile-center\"><h1 data-title=\"Sous le viaduc de nuit\"  data-responsive-font=\"page_title\" data-responsive-font-settings=\"{&quot;base-font-size&quot;:&quot;global&quot;,&quot;font-size&quot;:{&quot;desktop_large&quot;:&quot;30&quot;},&quot;base-line-height&quot;:&quot;global&quot;,&quot;base-letter-spacing&quot;:&quot;global&quot;}\" class=\"page-title  \"><span>Sous le viaduc de nuit<\/span><\/h1><\/header><\/div>[\/vc_column][\/vc_row][vc_row][vc_column]<div class=\"wpb_content_element   clearfix\"><style type=\"text\/css\">#ut_ig_69ebc07c59df4 .ut-lazy:not(.ut-image-loaded) + .ut-video-module-loading { display:block; }#ut_ig_69ebc07c59df4 .ut-lazy.ut-image-loaded + .ut-video-module-loading { display:none; }<\/style><div id=\"ut_ig_69ebc07c59df4\" class=\"ut-image-gallery ut-image-gallery-module  clearfix\" data-settings=\"{&quot;animate&quot;:true,&quot;effect&quot;:&quot;&quot;,&quot;lazy&quot;:true,&quot;delay_animation&quot;:false,&quot;global_delay_animation&quot;:false,&quot;delay_timer&quot;:100,&quot;global_delay_timer&quot;:100}\" ><div  data-count=\"3\" class=\"ut-image-gallery-item ut-animation-done grid-33 tablet-grid-33 mobile-grid-100\"><a  class=\"ut-vc-images-lightbox ut-vc-images-lightbox-group-image\"  data-exthumbimage=\"https:\/\/maison-des-accompagnateurs.fr\/wp-content\/uploads\/2025\/03\/\u00a9-CEVM-Eiffage-FosterPartners-Greg-Alric_decembre-2023-9.jpg\" href=\"https:\/\/maison-des-accompagnateurs.fr\/wp-content\/uploads\/2025\/03\/\u00a9-CEVM-Eiffage-FosterPartners-Greg-Alric_decembre-2023-9.jpg\" ><div class=\"ut-image-gallery-image\" ><img loading=\"lazy\" decoding=\"async\"  class=\" ut-lazy skip-lazy\" src=\"data:image\/svg+xml;charset=utf-8,%3Csvg xmlns%3D'http%3A%2F%2Fwww.w3.org%2F2000%2Fsvg' viewBox%3D'0 0 325 217'%2F%3E\" data-src=\"https:\/\/maison-des-accompagnateurs.fr\/wp-content\/uploads\/2025\/03\/\u00a9-CEVM-Eiffage-FosterPartners-Greg-Alric_decembre-2023-9-325x217.jpg\" width=\"325\" height=\"217\"><\/div><\/a><\/div><div  data-count=\"3\" class=\"ut-image-gallery-item ut-animation-done ut-animation-done grid-33 tablet-grid-33 mobile-grid-100\"><a  class=\"ut-vc-images-lightbox ut-vc-images-lightbox-group-image\"  data-exthumbimage=\"https:\/\/maison-des-accompagnateurs.fr\/wp-content\/uploads\/2025\/03\/\u00a9-CEVM-Eiffage-FosterPartners-Greg-Alric_aout-2023-7-200x200.jpg\" href=\"https:\/\/maison-des-accompagnateurs.fr\/wp-content\/uploads\/2025\/03\/\u00a9-CEVM-Eiffage-FosterPartners-Greg-Alric_aout-2023-7-1182x720.jpg\" ><div class=\"ut-image-gallery-image\" ><img loading=\"lazy\" decoding=\"async\"  class=\" ut-lazy skip-lazy\" src=\"data:image\/svg+xml;charset=utf-8,%3Csvg xmlns%3D'http%3A%2F%2Fwww.w3.org%2F2000%2Fsvg' viewBox%3D'0 0 325 217'%2F%3E\" data-src=\"https:\/\/maison-des-accompagnateurs.fr\/wp-content\/uploads\/2025\/03\/\u00a9-CEVM-Eiffage-FosterPartners-Greg-Alric_aout-2023-7-325x217.jpg\" width=\"325\" height=\"217\"><\/div><\/a><\/div><div  data-count=\"3\" class=\"ut-image-gallery-item ut-animation-done ut-animation-done ut-animation-done grid-33 tablet-grid-33 mobile-grid-100\"><a  class=\"ut-vc-images-lightbox ut-vc-images-lightbox-group-image\"  data-exthumbimage=\"https:\/\/maison-des-accompagnateurs.fr\/wp-content\/uploads\/2025\/03\/viaduc-de-nuit-200x200.jpg\" href=\"https:\/\/maison-des-accompagnateurs.fr\/wp-content\/uploads\/2025\/03\/viaduc-de-nuit-1080x720.jpg\" ><div class=\"ut-image-gallery-image\" ><img loading=\"lazy\" decoding=\"async\"  class=\" ut-lazy skip-lazy\" src=\"data:image\/svg+xml;charset=utf-8,%3Csvg xmlns%3D'http%3A%2F%2Fwww.w3.org%2F2000%2Fsvg' viewBox%3D'0 0 325 217'%2F%3E\" data-src=\"https:\/\/maison-des-accompagnateurs.fr\/wp-content\/uploads\/2025\/03\/viaduc-de-nuit-325x217.jpg\" width=\"325\" height=\"217\"><\/div><\/a><\/div><div class=\"ut-image-gallery-sizer\"><\/div><div class=\"clear\"><\/div><\/div><\/div>[\/vc_column][\/vc_row][vc_row][vc_column][vc_column_text]Dans la soir\u00e9e, vous suivrez une visite priv\u00e9e au pied du Viaduc, vous d\u00e9couvrirez le translateur qui \u00e0 pouss\u00e9 le tablier, et la Pile P2, plus haute que la tour Eiffel, de l&rsquo;int\u00e9rieur !\u00a0Partez ensuite pour une randonn\u00e9e exceptionnelle \u00e0 la fraicheur du cr\u00e9puscule. Avec un accompagnateur en montagne, vous marcherez au pied d&rsquo;un G\u00e9ant, \u00e9clair\u00e9 pour l&rsquo;occasion\u00a0 !<\/p>\n<p>En groupe, nous rejoignons un guide sp\u00e9cialis\u00e9 du Viaduc de Millau qui nous feras d\u00e9couvrir le translateur puis la Pile P2 de l&rsquo;int\u00e9rieur ! Ensuite nous\u00a0irons au pied du Viaduc, \u00e0 travers la nature sauvage qui l&rsquo;entoure pour pique-niquer et profiter du coucher du soleil. A la nuit tomb\u00e9 nous nous remettrons en route pour revenir aux v\u00e9hicules.<\/p>\n<p>La randonn\u00e9es nous offrira tout du long des points de vues exceptionnels.<br \/>\n&#8211;\u00a0<strong>Pique-nique, avec produits locaux, distribu\u00e9 au parking.<\/strong><br \/>\n&#8211; Apportez votre gourde ou bouteille d&rsquo;eau.<br \/>\n&#8211; Chaussures l\u00e9g\u00e8res de sport, ou de marche,\u00a0<strong>indispensables<\/strong><br \/>\n<strong>&#8211; Pr\u00e9voir eau + lampe frontale + sac \u00e0 dos pour porter le pic-nic<\/strong><\/p>\n<p>L\u2019esprit de cette sortie est bas\u00e9 sur l\u2019\u00e9change et le partage\u2026\u00a0Vous pouvez enrichir le repas en apportant boissons ou desserts !<\/p>\n<h3><strong>Randonn\u00e9e tous les vendredis soir de juillet et d&rsquo;ao\u00fbt 2024.<\/strong><br \/>\nVisite, de l&rsquo;espace Viaduc, et de la Pile P2<br \/>\nHoraire de d\u00e9part : 18h15<br \/>\nPoint de d\u00e9part : Parking gratuit \u201cAire du Viaduc\u201d appel\u00e9 \u00e9galement \u00ab\u00a0Chapelle Saint Pierre de Brocu\u00e9jouls\u00a0\u00bb<\/h3>\n<p>Ne pas acc\u00e9der \u00e0 l&rsquo;aire du Viaduc en passant par l&rsquo;autoroute, passer par la route d\u00e9partementale, en haut de Millau.<br \/>\nPendant l&rsquo;activit\u00e9, v\u00e9hicule n\u00e9cessaire pour ce d\u00e9placer sur les pistes de chantier du viaduc pour rejoindre la pile P2, et ensuite le point de d\u00e9part de la randonn\u00e9e.<br \/>\nVRAIE randonn\u00e9e qui n\u00e9cessite d&rsquo;\u00eatre bien chauss\u00e9 (pas de tongues ni sandalettes !) car terrain rocailleux ou irr\u00e9gulier. Il peut faire chaud, pensez \u00e0 prendre de l&rsquo;eau, une casquette et de la cr\u00e8me solaire.<br \/>\nNe pas acc\u00e9der \u00e0 l&rsquo;aire du Viaduc en passant par l&rsquo;autoroute, passer par la route d\u00e9partementale, en haut de Millau<br \/>\nPendant l&rsquo;activit\u00e9, v\u00e9hicule n\u00e9cessaire pour ce d\u00e9placer sur les pistes de chantier du viaduc pour rejoindre la pile P2, et ensuite le point de d\u00e9part de la randonn\u00e9e.[\/vc_column_text][vc_row_inner][vc_column_inner width=\u00a0\u00bb1\/2&Prime;][vc_gmaps link=\u00a0\u00bb#E-8_JTNDaWZyYW1lJTIwc3JjJTNEJTIyaHR0cHMlM0ElMkYlMkZ3d3cuZ29vZ2xlLmNvbSUyRm1hcHMlMkZlbWJlZCUzRnBiJTNEJTIxMW0xNyUyMTFtMTIlMjExbTMlMjExZDI4NjUuMzA2MDc4MzExNjA4JTIxMmQzLjAyNDYwMSUyMTNkNDQuMDk3Njc2JTIxMm0zJTIxMWYwJTIxMmYwJTIxM2YwJTIxM20yJTIxMWkxMDI0JTIxMmk3NjglMjE0ZjEzLjElMjEzbTIlMjExbTElMjEyek5EVENzREExSnpVeExqWWlUaUF6d3JBd01TY3lPQzQySWtVJTIxNWUwJTIxM20yJTIxMXNmciUyMTJzZnIlMjE0djE3NDIyMDI5NDA1ODIlMjE1bTIlMjExc2ZyJTIxMnNmciUyMiUyMHdpZHRoJTNEJTIyNjAwJTIyJTIwaGVpZ2h0JTNEJTIyNDUwJTIyJTIwc3R5bGUlM0QlMjJib3JkZXIlM0EwJTNCJTIyJTIwYWxsb3dmdWxsc2NyZWVuJTNEJTIyJTIyJTIwbG9hZGluZyUzRCUyMmxhenklMjIlMjByZWZlcnJlcnBvbGljeSUzRCUyMm5vLXJlZmVycmVyLXdoZW4tZG93bmdyYWRlJTIyJTNFJTNDJTJGaWZyYW1lJTNF\u00a0\u00bb title=\u00a0\u00bbD\u00e9part\u00a0\u00bb][\/vc_column_inner][vc_column_inner width=\u00a0\u00bb1\/2&Prime;][vc_column_text]<\/p>\n<h2>Tarifs\u00a0:<\/h2>\n<p>Adultes : 29 \u20ac<\/p>\n<p>Enfants (- de 12 ans) : 24 \u20ac<\/p>\n<p>Famille ( 2 adultes et 2 enfants) : 98 \u20ac<\/p>\n<h2>Le prix comprend :<\/h2>\n<p>&#8211; L&rsquo;accompagnement de la randonn\u00e9e par un guide dipl\u00f4m\u00e9 d&rsquo;\u00e9tat.<\/p>\n<p>&#8211; La visite r\u00e9alis\u00e9 par les guides du Viaduc l&rsquo;entr\u00e9e dans la pile P2<\/p>\n<p>&#8211; Le pique-nique (assiette et couverts recycl\u00e9s)<\/p>\n<h2>Lien de r\u00e9servation :<\/h2>\n<p><a href=\"https:\/\/www.explore-millau.com\/reserver\/les-randos-animees\/\" target=\"_blank\" rel=\"noopener\" data-saferedirecturl=\"https:\/\/www.google.com\/url?q=https:\/\/www.explore-millau.com\/reserver\/les-randos-animees\/&amp;source=gmail&amp;ust=1742287192053000&amp;usg=AOvVaw2MEVpPwRd-Amxod8hwM37c\">https:\/\/www.explore-millau.<wbr \/>com\/reserver\/les-randos-<wbr \/>animees\/<\/a>[\/vc_column_text][\/vc_column_inner][\/vc_row_inner][\/vc_column][\/vc_row][\/vc_section]<\/p>\n","protected":false},"excerpt":{"rendered":"<p>[vc_section][vc_row][vc_column][\/vc_column][\/vc_row][vc_row][vc_column][\/vc_column][\/vc_row][vc_row][vc_column][vc_column_text]Dans la soir\u00e9e, vous suivrez une visite priv\u00e9e au pied du Viaduc, vous d\u00e9couvrirez le translateur qui \u00e0 pouss\u00e9 le tablier, et la Pile P2, plus haute que la tour Eiffel, de l&rsquo;int\u00e9rieur !\u00a0Partez ensuite pour une randonn\u00e9e exceptionnelle \u00e0 la fraicheur du cr\u00e9puscule. Avec un accompagnateur en montagne, vous marcherez au pied d&rsquo;un G\u00e9ant, [&hellip;]<\/p>\n","protected":false},"author":1,"featured_media":0,"parent":0,"menu_order":0,"comment_status":"closed","ping_status":"closed","template":"","meta":{"footnotes":""},"_links":{"self":[{"href":"https:\/\/maison-des-accompagnateurs.fr\/index.php?rest_route=\/wp\/v2\/pages\/4571"}],"collection":[{"href":"https:\/\/maison-des-accompagnateurs.fr\/index.php?rest_route=\/wp\/v2\/pages"}],"about":[{"href":"https:\/\/maison-des-accompagnateurs.fr\/index.php?rest_route=\/wp\/v2\/types\/page"}],"author":[{"embeddable":true,"href":"https:\/\/maison-des-accompagnateurs.fr\/index.php?rest_route=\/wp\/v2\/users\/1"}],"replies":[{"embeddable":true,"href":"https:\/\/maison-des-accompagnateurs.fr\/index.php?rest_route=%2Fwp%2Fv2%2Fcomments&post=4571"}],"version-history":[{"count":10,"href":"https:\/\/maison-des-accompagnateurs.fr\/index.php?rest_route=\/wp\/v2\/pages\/4571\/revisions"}],"predecessor-version":[{"id":4715,"href":"https:\/\/maison-des-accompagnateurs.fr\/index.php?rest_route=\/wp\/v2\/pages\/4571\/revisions\/4715"}],"wp:attachment":[{"href":"https:\/\/maison-des-accompagnateurs.fr\/index.php?rest_route=%2Fwp%2Fv2%2Fmedia&parent=4571"}],"curies":[{"name":"wp","href":"https:\/\/api.w.org\/{rel}","templated":true}]}}