{"id":4587,"date":"2025-03-17T11:05:22","date_gmt":"2025-03-17T10:05:22","guid":{"rendered":"https:\/\/maison-des-accompagnateurs.fr\/?page_id=4587"},"modified":"2025-03-21T11:50:32","modified_gmt":"2025-03-21T10:50:32","slug":"autour-du-viaduc-2","status":"publish","type":"page","link":"https:\/\/maison-des-accompagnateurs.fr\/?page_id=4587","title":{"rendered":"Autour du Viaduc"},"content":{"rendered":"<p>[vc_section][vc_row][vc_column]<div class=\"wpb_content_element \"><style type=\"text\/css\">#ut_header_69ebae01097c2 h1.page-title { font-size:30px !important; }<\/style><header id=\"ut_header_69ebae01097c2\" class=\"page-header page-title-module  ut-no-title-linebreak-mobile ut-no-lead-linebreak-mobile pt-style-2 header-center header-tablet-center header-mobile-center\"><h1 data-title=\"Autour du Viaduc\"  data-responsive-font=\"page_title\" data-responsive-font-settings=\"{&quot;base-font-size&quot;:&quot;global&quot;,&quot;font-size&quot;:{&quot;desktop_large&quot;:&quot;30&quot;},&quot;base-line-height&quot;:&quot;global&quot;,&quot;base-letter-spacing&quot;:&quot;global&quot;}\" class=\"page-title  \"><span>Autour du Viaduc<\/span><\/h1><\/header><\/div>[\/vc_column][\/vc_row][vc_row][vc_column]<div id=\"ut_oms_69ebae010c28e\" class=\"wpb_content_element \"><style type=\"text\/css\"> #ut_oms_69ebae010c28e .ut-gallery-slider-caption-wrap::before { content: \"\"; }<\/style><div class=\"ut-owl-gallery-slider-wrap ut-owl-gallery-slider-style-one\"><div id=\"ut_ms_69ebae010c28d\" class=\"ut-owl-gallery-slider owl-carousel owl-theme  ut-owl-carousel\" data-settings=\"{&quot;items&quot;:1,&quot;lazyLoad&quot;:true,&quot;smartSpeed&quot;:600,&quot;animateIn&quot;:false,&quot;animateOut&quot;:false,&quot;autoplay&quot;:true,&quot;autoplayHoverPause&quot;:true,&quot;autoplayTimeout&quot;:5000,&quot;loop&quot;:true,&quot;nav&quot;:false,&quot;dots&quot;:false,&quot;responsiveClass&quot;:true,&quot;responsive&quot;:{&quot;0&quot;:{&quot;items&quot;:1},&quot;768&quot;:{&quot;items&quot;:1},&quot;1025&quot;:{&quot;items&quot;:1}},&quot;lightbox&quot;:&quot;no&quot;}\"><div><figure class=\"ut-gallery-slider-caption-wrap\"><img class=\"item owl-lazy\"  data-src=\"https:\/\/maison-des-accompagnateurs.fr\/wp-content\/uploads\/2025\/03\/rando-viaduc-325x217.jpg\" \/><\/figure><\/div><div><figure data-caption=\"0.9.142\" class=\"ut-gallery-slider-caption-wrap\"><img alt=\"0.9.142\" class=\"item owl-lazy\" data-src=\"https:\/\/maison-des-accompagnateurs.fr\/wp-content\/uploads\/2025\/03\/DJI_0412GPGP-325x217.jpg\" \/><\/figure><div id=\"ut-image-caption-4632\" class=\"ut-vc-images-lightbox-caption\">0.9.142<\/div><\/div><div><figure class=\"ut-gallery-slider-caption-wrap\"><img class=\"item owl-lazy\"  data-src=\"https:\/\/maison-des-accompagnateurs.fr\/wp-content\/uploads\/2025\/03\/organisation-3-325x217.jpg\" \/><\/figure><\/div><div><figure data-caption=\"default\" class=\"ut-gallery-slider-caption-wrap\"><img alt=\"default\" class=\"item owl-lazy\" data-src=\"https:\/\/maison-des-accompagnateurs.fr\/wp-content\/uploads\/2025\/03\/1-2-325x217.jpg\" \/><\/figure><div id=\"ut-image-caption-4634\" class=\"ut-vc-images-lightbox-caption\">default<\/div><\/div><\/div><a href=\"#\" data-for=\"ut_ms_69ebae010c28d\" class=\"ut-prev-gallery-slide \"><i class=\"Bklyn-Core-Left-2\"><\/i><\/a><a href=\"#\" data-for=\"ut_ms_69ebae010c28d\" class=\"ut-next-gallery-slide \"><i class=\"Bklyn-Core-Right-2\"><\/i><\/a><\/div><\/div>[\/vc_column][\/vc_row][vc_row][vc_column][vc_column_text]<\/p>\n<h2>Autour du Viaduc<\/h2>\n<p>Partez pour une randonn\u00e9e exceptionnelle \u00e0 la rencontre du Viaduc de Millau. Avec un accompagnateur en montagne, vous marcherez au pied d&rsquo;un G\u00e9ant ! Vous traverserez la pile P1, puis vous monterez d\u00e9couvrir le translateur qui \u00e0 pouss\u00e9 le tablier ! Pour finir une visite sp\u00e9ciale vous attend au c\u0153ur de la Pile P2, plus haute que la tour Eiffel !<\/p>\n<p>En groupe, nous nous approcherons du Viaduc, \u00e0 travers la nature sauvage qui l&rsquo;entoure ! Nous randonnerons pendant 2h00 avant de rejoindre un guide sp\u00e9cialis\u00e9 du Viaduc de Millau qui nous feras d\u00e9couvrir le translateur puis la Pile P2 de l&rsquo;int\u00e9rieur ! La randonn\u00e9es nous offrira tout du long des points de vues exceptionnels.<\/p>\n<p>&#8211;\u00a0<strong>Randonn\u00e9e d&rsquo;environ 4 km<\/strong>\u00a0et\u00a0<strong>100 m\u00e8tres de d\u00e9nivel\u00e9<\/strong>.<br \/>\n&#8211;\u00a0<strong>Pr\u00e9voir eau + casquette + protection solaire.<\/strong><br \/>\n&#8211; Apportez votre gourde ou bouteille d&rsquo;eau\u00a0<strong>1L min<\/strong>.<br \/>\n&#8211; Chaussures l\u00e9g\u00e8res de sport, ou de marche,\u00a0<strong>indispensables,<\/strong><\/p>\n<h3>Randonn\u00e9e tous les jeudis matin de juillet et d&rsquo;ao\u00fbt 2025.<\/h3>\n<p>Visite, de l&rsquo;espace Viaduc, et de la Pile P2<\/p>\n<h2>Horaire de d\u00e9part : 8h30<\/h2>\n<p>Point de d\u00e9part : Parking gratuit \u201cAire du Viaduc\u201d appel\u00e9 \u00e9galement \u00ab\u00a0Chapelle Saint Pierre de Brocu\u00e9jouls\u00a0\u00bb<\/p>\n<p>Ne pas acc\u00e9der \u00e0 l&rsquo;aire du Viaduc en passant par l&rsquo;autoroute, passer par la route d\u00e9partementale, en haut de Millau.<\/p>\n<p>Pendant l&rsquo;activit\u00e9, v\u00e9hicule n\u00e9cessaire pour ce d\u00e9placer sur les pistes de chantier du viaduc pour rejoindre la pile P2, vous ressortirez avec vos voiture au niveau du Tarn, sous le Viaduc, route de Peyre.<\/p>\n<p>VRAIE randonn\u00e9e qui n\u00e9cessite d&rsquo;\u00eatre bien chauss\u00e9 (pas de tongues ni sandalettes !) car terrain rocailleux ou irr\u00e9gulier. Il peut faire chaud, pensez \u00e0 prendre de l&rsquo;eau, une casquette et de la cr\u00e8me solaire.[\/vc_column_text][vc_row_inner][vc_column_inner width=\u00a0\u00bb1\/2&Prime;][vc_gmaps link=\u00a0\u00bb#E-8_JTNDaWZyYW1lJTIwc3JjJTNEJTIyaHR0cHMlM0ElMkYlMkZ3d3cuZ29vZ2xlLmNvbSUyRm1hcHMlMkZlbWJlZCUzRnBiJTNEJTIxMW0xNyUyMTFtMTIlMjExbTMlMjExZDI4NjUuMzA2MDc4MzExNjA4JTIxMmQzLjAyNDYwMSUyMTNkNDQuMDk3Njc2JTIxMm0zJTIxMWYwJTIxMmYwJTIxM2YwJTIxM20yJTIxMWkxMDI0JTIxMmk3NjglMjE0ZjEzLjElMjEzbTIlMjExbTElMjEyek5EVENzREExSnpVeExqWWlUaUF6d3JBd01TY3lPQzQySWtVJTIxNWUwJTIxM20yJTIxMXNmciUyMTJzZnIlMjE0djE3NDIyMDU5MDc3MTMlMjE1bTIlMjExc2ZyJTIxMnNmciUyMiUyMHdpZHRoJTNEJTIyNjAwJTIyJTIwaGVpZ2h0JTNEJTIyNDUwJTIyJTIwc3R5bGUlM0QlMjJib3JkZXIlM0EwJTNCJTIyJTIwYWxsb3dmdWxsc2NyZWVuJTNEJTIyJTIyJTIwbG9hZGluZyUzRCUyMmxhenklMjIlMjByZWZlcnJlcnBvbGljeSUzRCUyMm5vLXJlZmVycmVyLXdoZW4tZG93bmdyYWRlJTIyJTNFJTNDJTJGaWZyYW1lJTNF\u00a0\u00bb title=\u00a0\u00bbD\u00e9part\u00a0\u00bb][\/vc_column_inner][vc_column_inner width=\u00a0\u00bb1\/2&Prime;][vc_column_text]<\/p>\n<h2>Tarifs\u00a0:<\/h2>\n<p>Adultes : 19 \u20ac<\/p>\n<p>Enfants \u2013 12ans : 13 \u20ac<\/p>\n<p>Famille (2 adultes et 2 enfants) : 55 \u20ac<\/p>\n<p>Le prix comprend :<\/p>\n<p>&#8211; L&rsquo;accompagnement de la randonn\u00e9e par un guide dipl\u00f4m\u00e9 d&rsquo;\u00e9tat.<\/p>\n<p>&#8211; La visite r\u00e9alis\u00e9 par les guides du Viaduc<\/p>\n<p>&#8211; L&rsquo;entr\u00e9e dans la pile P2<\/p>\n<p>Lien de r\u00e9servation :<\/p>\n<p><a href=\"https:\/\/www.explore-millau.com\/reserver\/les-randos-animees\/\" target=\"_blank\" rel=\"noopener\" data-saferedirecturl=\"https:\/\/www.google.com\/url?q=https:\/\/www.explore-millau.com\/reserver\/les-randos-animees\/&amp;source=gmail&amp;ust=1742287192053000&amp;usg=AOvVaw2MEVpPwRd-Amxod8hwM37c\">https:\/\/www.explore-millau.<wbr \/>com\/reserver\/les-randos-<wbr \/>animees\/<\/a>[\/vc_column_text][\/vc_column_inner][\/vc_row_inner][\/vc_column][\/vc_row][\/vc_section]<\/p>\n","protected":false},"excerpt":{"rendered":"<p>[vc_section][vc_row][vc_column][\/vc_column][\/vc_row][vc_row][vc_column][\/vc_column][\/vc_row][vc_row][vc_column][vc_column_text] Autour du Viaduc Partez pour une randonn\u00e9e exceptionnelle \u00e0 la rencontre du Viaduc de Millau. Avec un accompagnateur en montagne, vous marcherez au pied d&rsquo;un G\u00e9ant ! Vous traverserez la pile P1, puis vous monterez d\u00e9couvrir le translateur qui \u00e0 pouss\u00e9 le tablier ! Pour finir une visite sp\u00e9ciale vous attend au c\u0153ur de [&hellip;]<\/p>\n","protected":false},"author":1,"featured_media":0,"parent":0,"menu_order":0,"comment_status":"closed","ping_status":"closed","template":"","meta":{"footnotes":""},"_links":{"self":[{"href":"https:\/\/maison-des-accompagnateurs.fr\/index.php?rest_route=\/wp\/v2\/pages\/4587"}],"collection":[{"href":"https:\/\/maison-des-accompagnateurs.fr\/index.php?rest_route=\/wp\/v2\/pages"}],"about":[{"href":"https:\/\/maison-des-accompagnateurs.fr\/index.php?rest_route=\/wp\/v2\/types\/page"}],"author":[{"embeddable":true,"href":"https:\/\/maison-des-accompagnateurs.fr\/index.php?rest_route=\/wp\/v2\/users\/1"}],"replies":[{"embeddable":true,"href":"https:\/\/maison-des-accompagnateurs.fr\/index.php?rest_route=%2Fwp%2Fv2%2Fcomments&post=4587"}],"version-history":[{"count":5,"href":"https:\/\/maison-des-accompagnateurs.fr\/index.php?rest_route=\/wp\/v2\/pages\/4587\/revisions"}],"predecessor-version":[{"id":4718,"href":"https:\/\/maison-des-accompagnateurs.fr\/index.php?rest_route=\/wp\/v2\/pages\/4587\/revisions\/4718"}],"wp:attachment":[{"href":"https:\/\/maison-des-accompagnateurs.fr\/index.php?rest_route=%2Fwp%2Fv2%2Fmedia&parent=4587"}],"curies":[{"name":"wp","href":"https:\/\/api.w.org\/{rel}","templated":true}]}}