{"id":4602,"date":"2025-03-17T10:42:41","date_gmt":"2025-03-17T09:42:41","guid":{"rendered":"https:\/\/maison-des-accompagnateurs.fr\/?page_id=4602"},"modified":"2025-03-21T11:41:20","modified_gmt":"2025-03-21T10:41:20","slug":"soiree-chez-les-vautours","status":"publish","type":"page","link":"https:\/\/maison-des-accompagnateurs.fr\/?page_id=4602","title":{"rendered":"Soir\u00e9e chez les vautours"},"content":{"rendered":"<p>[vc_section][vc_row][vc_column]<div class=\"wpb_content_element \"><style type=\"text\/css\">#ut_header_69ebc0eeead87 h1.page-title { font-size:30px !important; }<\/style><header id=\"ut_header_69ebc0eeead87\" class=\"page-header page-title-module  ut-no-title-linebreak-mobile ut-no-lead-linebreak-mobile pt-style-2 header-center header-tablet-center header-mobile-center\"><h1 data-title=\"Soir\u00e9e chez les vautours\" data-effect=\"flash\" data-animateonce=\"yes\" data-delay=\"0\" data-responsive-font=\"page_title\" data-responsive-font-settings=\"{&quot;base-font-size&quot;:&quot;global&quot;,&quot;font-size&quot;:{&quot;desktop_large&quot;:&quot;30&quot;},&quot;base-line-height&quot;:&quot;global&quot;,&quot;base-letter-spacing&quot;:&quot;global&quot;}\" class=\"page-title ut-animate-element animated ut-no-animation-tablet ut-no-animation-mobile \"><span>Soir\u00e9e chez les vautours<\/span><\/h1><\/header><\/div>[\/vc_column][\/vc_row][vc_row][vc_column]<div id=\"ut_oms_69ebc0eeece8f\" class=\"wpb_content_element \"><style type=\"text\/css\"> #ut_oms_69ebc0eeece8f .ut-gallery-slider-caption-wrap::before { content: \"\"; }<\/style><div class=\"ut-owl-gallery-slider-wrap ut-owl-gallery-slider-style-two\"><div id=\"ut_ms_69ebc0eeece8e\" class=\"ut-owl-gallery-slider owl-carousel owl-theme \" data-settings=\"{&quot;items&quot;:&quot;1&quot;,&quot;lazyLoad&quot;:true,&quot;smartSpeed&quot;:600,&quot;animateIn&quot;:false,&quot;animateOut&quot;:false,&quot;autoplay&quot;:true,&quot;autoplayHoverPause&quot;:true,&quot;autoplayTimeout&quot;:5000,&quot;loop&quot;:true,&quot;nav&quot;:false,&quot;dots&quot;:false,&quot;lightbox&quot;:&quot;yes&quot;}\"><div><figure class=\"ut-gallery-slider-caption-wrap\"><a data-title=\"IMG-20240724-WA0002\" data-caption=\"\" data-caption-color=\"\" data-caption-background=\"\" data-trigger-id=\"ut-lightbox-trigger-4610\" data-exthumbimage=\"https:\/\/maison-des-accompagnateurs.fr\/wp-content\/uploads\/2025\/03\/IMG-20240724-WA0002-200x200.jpg\" href=\"https:\/\/maison-des-accompagnateurs.fr\/wp-content\/uploads\/2025\/03\/IMG-20240724-WA0002.jpg\" class=\"for-lightbox ut-slider-maximize\"><i class=\"Bklyn-Core-Maximize-3\"><\/i><\/a><img class=\"item owl-lazy\"  data-src=\"https:\/\/maison-des-accompagnateurs.fr\/wp-content\/uploads\/2025\/03\/IMG-20240724-WA0002-325x217.jpg\" \/><\/figure><\/div><div><figure data-caption=\"VAUTOUR FAUVE\nGYPS FULVUS\" class=\"ut-gallery-slider-caption-wrap\"><a data-title=\"VAUTOUR FAUVEGYPS FULVUS\" data-caption=\"VAUTOUR FAUVE\nGYPS FULVUS\" data-caption-color=\"\" data-caption-background=\"\" data-sub-html=\"#ut-image-caption-4608\" data-exthumbimage=\"https:\/\/maison-des-accompagnateurs.fr\/wp-content\/uploads\/2025\/03\/BrunoBerthemy-85-200x200.jpg\" href=\"https:\/\/maison-des-accompagnateurs.fr\/wp-content\/uploads\/2025\/03\/BrunoBerthemy-85.jpg\" class=\"for-lightbox ut-slider-maximize\"><i class=\"Bklyn-Core-Maximize-3\"><\/i><\/a><img alt=\"VAUTOUR FAUVE\nGYPS FULVUS\" class=\"item owl-lazy\" data-src=\"https:\/\/maison-des-accompagnateurs.fr\/wp-content\/uploads\/2025\/03\/BrunoBerthemy-85-325x217.jpg\" \/><\/figure><div id=\"ut-image-caption-4608\" class=\"ut-vc-images-lightbox-caption\">VAUTOUR FAUVE\nGYPS FULVUS<\/div><\/div><div><figure class=\"ut-gallery-slider-caption-wrap\"><a data-title=\"Gypaete_ThierryVergely (18)\" data-caption=\"\" data-caption-color=\"\" data-caption-background=\"\" data-trigger-id=\"ut-lightbox-trigger-4607\" data-exthumbimage=\"https:\/\/maison-des-accompagnateurs.fr\/wp-content\/uploads\/2025\/03\/Gypaete_ThierryVergely-18-200x200.jpg\" href=\"https:\/\/maison-des-accompagnateurs.fr\/wp-content\/uploads\/2025\/03\/Gypaete_ThierryVergely-18.jpg\" class=\"for-lightbox ut-slider-maximize\"><i class=\"Bklyn-Core-Maximize-3\"><\/i><\/a><img class=\"item owl-lazy\"  data-src=\"https:\/\/maison-des-accompagnateurs.fr\/wp-content\/uploads\/2025\/03\/Gypaete_ThierryVergely-18-325x217.jpg\" \/><\/figure><\/div><div><figure class=\"ut-gallery-slider-caption-wrap\"><a data-title=\"Percnopt\u00e8re_ThierryVergely (3)\" data-caption=\"\" data-caption-color=\"\" data-caption-background=\"\" data-trigger-id=\"ut-lightbox-trigger-4606\" data-exthumbimage=\"https:\/\/maison-des-accompagnateurs.fr\/wp-content\/uploads\/2025\/03\/Percnoptere_ThierryVergely-3-200x200.jpg\" href=\"https:\/\/maison-des-accompagnateurs.fr\/wp-content\/uploads\/2025\/03\/Percnoptere_ThierryVergely-3.jpg\" class=\"for-lightbox ut-slider-maximize\"><i class=\"Bklyn-Core-Maximize-3\"><\/i><\/a><img class=\"item owl-lazy\"  data-src=\"https:\/\/maison-des-accompagnateurs.fr\/wp-content\/uploads\/2025\/03\/Percnoptere_ThierryVergely-3-325x217.jpg\" \/><\/figure><\/div><div><figure class=\"ut-gallery-slider-caption-wrap\"><a data-title=\"Vautour_ThierryVergely\" data-caption=\"\" data-caption-color=\"\" data-caption-background=\"\" data-trigger-id=\"ut-lightbox-trigger-4605\" data-exthumbimage=\"https:\/\/maison-des-accompagnateurs.fr\/wp-content\/uploads\/2025\/03\/Vautour_ThierryVergely-200x200.jpg\" href=\"https:\/\/maison-des-accompagnateurs.fr\/wp-content\/uploads\/2025\/03\/Vautour_ThierryVergely.jpg\" class=\"for-lightbox ut-slider-maximize\"><i class=\"Bklyn-Core-Maximize-3\"><\/i><\/a><img class=\"item owl-lazy\"  data-src=\"https:\/\/maison-des-accompagnateurs.fr\/wp-content\/uploads\/2025\/03\/Vautour_ThierryVergely-325x217.jpg\" \/><\/figure><\/div><div><figure class=\"ut-gallery-slider-caption-wrap\"><a data-title=\"IMG_20230622_192939\" data-caption=\"\" data-caption-color=\"\" data-caption-background=\"\" data-trigger-id=\"ut-lightbox-trigger-4604\" data-exthumbimage=\"https:\/\/maison-des-accompagnateurs.fr\/wp-content\/uploads\/2025\/03\/IMG_20230622_192939-200x200.jpg\" href=\"https:\/\/maison-des-accompagnateurs.fr\/wp-content\/uploads\/2025\/03\/IMG_20230622_192939.jpg\" class=\"for-lightbox ut-slider-maximize\"><i class=\"Bklyn-Core-Maximize-3\"><\/i><\/a><img class=\"item owl-lazy\"  data-src=\"https:\/\/maison-des-accompagnateurs.fr\/wp-content\/uploads\/2025\/03\/IMG_20230622_192939-325x217.jpg\" \/><\/figure><\/div><\/div><a href=\"#\" data-for=\"ut_ms_69ebc0eeece8e\" class=\"ut-prev-gallery-slide ut-single-slider-control\"><i class=\"Bklyn-Core-Left-2\"><\/i><\/a><a href=\"#\" data-for=\"ut_ms_69ebc0eeece8e\" class=\"ut-next-gallery-slide ut-single-slider-control\"><i class=\"Bklyn-Core-Right-2\"><\/i><\/a><\/div><\/div>[\/vc_column][\/vc_row][vc_row][vc_column][vc_column_text]<\/p>\n<h2>Soir\u00e9e chez les vautours<\/h2>\n<p>Vivez l&rsquo;exp\u00e9rience d\u00e9cal\u00e9e d&rsquo;une\u00a0<strong>randonn\u00e9e au cr\u00e9puscule<\/strong>\u00a0\u00e0 la rencontre des grands planeurs.<\/p>\n<p>Une fa\u00e7on sympa d&rsquo;observer de fa\u00e7on originale le coucher du soleil et les vautours !<\/p>\n<p><strong>Le petit +<\/strong>\u00a0: L&rsquo;immersion en pleine nature, la magie de la lumi\u00e8re du soir qui d\u00e9cline, le partage d&rsquo;un moment original et convivial du casse-croute, et le retour \u00e0 la frontale de nuit !\u00a0<strong>Pique nique et visite de la maison des vautours inclus<\/strong>.<\/p>\n<p>Une randonn\u00e9e au cr\u00e9puscule r\u00e9compens\u00e9e par un point de vue sur le vol majestueux des vautours et un coucher de soleil exceptionnel.<\/p>\n<p>&#8211;\u00a0<strong>Randonn\u00e9e d&rsquo;environ 6 km<\/strong>\u00a0(minimum selon niveau des participants) et\u00a0<strong>200 m\u00e8tres de d\u00e9nivel\u00e9<\/strong>.<\/p>\n<p>&#8211;\u00a0<strong>Pique-nique, avec produits locaux, distribu\u00e9 au parking.<\/strong><\/p>\n<p>&#8211; Apportez votre gourde ou bouteille d&rsquo;eau.<\/p>\n<p>&#8211; Chaussures l\u00e9g\u00e8res de sport, ou de marche,\u00a0<strong>indispensables<\/strong><\/p>\n<p><strong>&#8211; Pr\u00e9voir eau + lampe frontale + sac \u00e0 dos pour porter le pic-nic et un peu de mat\u00e9riel<\/strong><\/p>\n<p>L\u2019esprit de cette sortie est bas\u00e9 sur l\u2019\u00e9change et le partage\u2026\u00a0Vous pouvez enrichir le repas en apportant boissons ou desserts !<\/p>\n<p>Randonn\u00e9e tous les mercredis soir et jeudis soir de juillet et d&rsquo;ao\u00fbt 2024.<\/p>\n<h2>Horaire de d\u00e9part : 18h00<\/h2>\n<p>6 km \u00e0 pied, et 200 m de d\u00e9nivel\u00e9 ; environ 3h00 de marche hors pause<\/p>\n<p>Point de d\u00e9part : Saint Jean des Balmes. (Sur le Causse Noir)<\/p>\n<p>VRAIE randonn\u00e9e qui\u00a0n\u00e9cessite d&rsquo;\u00eatre bien chauss\u00e9\u00a0( pas de Tongue ni sandalettes !) car terrain rocheux et escarp\u00e9. Il peut faire froid en soir\u00e9e sur les hauteurs&#8230; n&rsquo;oubliez pas une petite ou grosse veste&#8230;<\/p>\n<p>La randonn\u00e9e est bas\u00e9e sur l&rsquo;\u00e9change et la convivialit\u00e9.\u00a0Vous pouvez si vous voulez, apporter une boisson, ou autre, \u00e0 partager tous ensemble.\u00a0Ce n&rsquo;est pas obligatoire bien s\u00fbr \ud83d\ude42<\/p>\n<p>Le retour se fait de nuit,\u00a0pensez \u00e0 prendre une petite lampe\u00a0( frontale ou autre) Le guide en a toujours une ou deux en plus&#8230;.[\/vc_column_text][vc_row_inner][vc_column_inner width=\u00a0\u00bb1\/2&Prime;][vc_gmaps link=\u00a0\u00bb#E-8_JTNDaWZyYW1lJTIwc3JjJTNEJTIyaHR0cHMlM0ElMkYlMkZ3d3cuZ29vZ2xlLmNvbSUyRm1hcHMlMkZlbWJlZCUzRnBiJTNEJTIxMW0xOCUyMTFtMTIlMjExbTMlMjExZDE3NTUuODIxNDg1MjgwMTgzJTIxMmQzLjI0NjkwOSUyMTNkNDQuMTcyODE5OTk5OTk5OTk0JTIxMm0zJTIxMWYwJTIxMmYwJTIxM2YwJTIxM20yJTIxMWkxMDI0JTIxMmk3NjglMjE0ZjEzLjElMjEzbTMlMjExbTIlMjExczB4MTJiM2IwNjU2ODYzNjU4MyUyNTNBMHgzMWFjYjRjOWZiODJlZmYzJTIxMnNTYWludC1KZWFuJTI1MjBkZXMlMjUyMEJhbG1lcyUyNTJDJTI1MjAxMjcyMCUyNTIwVmV5cmVhdSUyMTVlMSUyMTNtMiUyMTFzZnIlMjEyc2ZyJTIxNHYxNzQyMjA0NjQ4ODE4JTIxNW0yJTIxMXNmciUyMTJzZnIlMjIlMjB3aWR0aCUzRCUyMjYwMCUyMiUyMGhlaWdodCUzRCUyMjQ1MCUyMiUyMHN0eWxlJTNEJTIyYm9yZGVyJTNBMCUzQiUyMiUyMGFsbG93ZnVsbHNjcmVlbiUzRCUyMiUyMiUyMGxvYWRpbmclM0QlMjJsYXp5JTIyJTIwcmVmZXJyZXJwb2xpY3klM0QlMjJuby1yZWZlcnJlci13aGVuLWRvd25ncmFkZSUyMiUzRSUzQyUyRmlmcmFtZSUzRQ==\u00a0\u00bb title=\u00a0\u00bbD\u00e9part\u00a0\u00bb][\/vc_column_inner][vc_column_inner width=\u00a0\u00bb1\/2&Prime;][vc_column_text]<\/p>\n<h2>Tarifs\u00a0:<\/h2>\n<p>Adultes : 29 \u20ac<\/p>\n<p>Enfants (- de 12 ans) : 24 \u20ac<\/p>\n<p>Famille ( 2 adultes et 2 enfants) : 98 \u20ac<\/p>\n<h2>Le prix comprend :<\/h2>\n<p>&#8211; L&rsquo;accompagnement de la randonn\u00e9e par un guide dipl\u00f4m\u00e9 d&rsquo;Etat.<\/p>\n<p>&#8211; Le Pique-Nique (assiette et couverts recycl\u00e9s)<\/p>\n<p>&#8211; La visite de la Maison des Vautours<\/p>\n<h2>Lien de r\u00e9servation :<\/h2>\n<p><a href=\"https:\/\/www.explore-millau.com\/reserver\/les-randos-animees\/\" target=\"_blank\" rel=\"noopener\" data-saferedirecturl=\"https:\/\/www.google.com\/url?q=https:\/\/www.explore-millau.com\/reserver\/les-randos-animees\/&amp;source=gmail&amp;ust=1742287192053000&amp;usg=AOvVaw2MEVpPwRd-Amxod8hwM37c\">https:\/\/www.explore-millau.<wbr \/>com\/reserver\/les-randos-<wbr \/>animees\/<\/a>[\/vc_column_text][\/vc_column_inner][\/vc_row_inner][\/vc_column][\/vc_row][\/vc_section]<\/p>\n","protected":false},"excerpt":{"rendered":"<p>[vc_section][vc_row][vc_column][\/vc_column][\/vc_row][vc_row][vc_column][\/vc_column][\/vc_row][vc_row][vc_column][vc_column_text] Soir\u00e9e chez les vautours Vivez l&rsquo;exp\u00e9rience d\u00e9cal\u00e9e d&rsquo;une\u00a0randonn\u00e9e au cr\u00e9puscule\u00a0\u00e0 la rencontre des grands planeurs. Une fa\u00e7on sympa d&rsquo;observer de fa\u00e7on originale le coucher du soleil et les vautours ! Le petit +\u00a0: L&rsquo;immersion en pleine nature, la magie de la lumi\u00e8re du soir qui d\u00e9cline, le partage d&rsquo;un moment original et convivial du [&hellip;]<\/p>\n","protected":false},"author":1,"featured_media":0,"parent":0,"menu_order":0,"comment_status":"closed","ping_status":"closed","template":"","meta":{"footnotes":""},"_links":{"self":[{"href":"https:\/\/maison-des-accompagnateurs.fr\/index.php?rest_route=\/wp\/v2\/pages\/4602"}],"collection":[{"href":"https:\/\/maison-des-accompagnateurs.fr\/index.php?rest_route=\/wp\/v2\/pages"}],"about":[{"href":"https:\/\/maison-des-accompagnateurs.fr\/index.php?rest_route=\/wp\/v2\/types\/page"}],"author":[{"embeddable":true,"href":"https:\/\/maison-des-accompagnateurs.fr\/index.php?rest_route=\/wp\/v2\/users\/1"}],"replies":[{"embeddable":true,"href":"https:\/\/maison-des-accompagnateurs.fr\/index.php?rest_route=%2Fwp%2Fv2%2Fcomments&post=4602"}],"version-history":[{"count":7,"href":"https:\/\/maison-des-accompagnateurs.fr\/index.php?rest_route=\/wp\/v2\/pages\/4602\/revisions"}],"predecessor-version":[{"id":4712,"href":"https:\/\/maison-des-accompagnateurs.fr\/index.php?rest_route=\/wp\/v2\/pages\/4602\/revisions\/4712"}],"wp:attachment":[{"href":"https:\/\/maison-des-accompagnateurs.fr\/index.php?rest_route=%2Fwp%2Fv2%2Fmedia&parent=4602"}],"curies":[{"name":"wp","href":"https:\/\/api.w.org\/{rel}","templated":true}]}}