{"id":4618,"date":"2025-03-17T10:58:12","date_gmt":"2025-03-17T09:58:12","guid":{"rendered":"https:\/\/maison-des-accompagnateurs.fr\/?page_id=4618"},"modified":"2025-03-21T11:48:49","modified_gmt":"2025-03-21T10:48:49","slug":"rando-canoe-dans-les-gorges-du-tarn","status":"publish","type":"page","link":"https:\/\/maison-des-accompagnateurs.fr\/?page_id=4618","title":{"rendered":"Rando cano\u00eb dans les Gorges du Tarn"},"content":{"rendered":"<p>[vc_section][vc_row][vc_column]<div class=\"wpb_content_element \"><style type=\"text\/css\">#ut_header_69ebae53408d3 h1.page-title { font-size:30px !important; }<\/style><header id=\"ut_header_69ebae53408d3\" class=\"page-header page-title-module  ut-no-title-linebreak-mobile ut-no-lead-linebreak-mobile pt-style-2 header-center header-tablet-center header-mobile-center\"><h1 data-title=\"Rando cano\u00eb dans les Gorges du Tarn\"  data-responsive-font=\"page_title\" data-responsive-font-settings=\"{&quot;base-font-size&quot;:&quot;global&quot;,&quot;font-size&quot;:{&quot;desktop_large&quot;:&quot;30&quot;},&quot;base-line-height&quot;:&quot;global&quot;,&quot;base-letter-spacing&quot;:&quot;global&quot;}\" class=\"page-title  \"><span>Rando cano\u00eb dans les Gorges du Tarn<\/span><\/h1><\/header><\/div>[\/vc_column][\/vc_row][vc_row][vc_column]<div id=\"ut_oms_69ebae53428d4\" class=\"wpb_content_element \"><style type=\"text\/css\"> #ut_oms_69ebae53428d4 .ut-gallery-slider-caption-wrap::before { content: \"\"; }<\/style><div class=\"ut-owl-gallery-slider-wrap ut-owl-gallery-slider-style-two\"><div id=\"ut_ms_69ebae53428d3\" class=\"ut-owl-gallery-slider owl-carousel owl-theme \" data-settings=\"{&quot;items&quot;:&quot;1&quot;,&quot;lazyLoad&quot;:true,&quot;smartSpeed&quot;:600,&quot;animateIn&quot;:false,&quot;animateOut&quot;:false,&quot;autoplay&quot;:false,&quot;autoplayHoverPause&quot;:true,&quot;autoplayTimeout&quot;:5000,&quot;loop&quot;:true,&quot;nav&quot;:false,&quot;dots&quot;:false,&quot;lightbox&quot;:&quot;yes&quot;}\"><div><figure class=\"ut-gallery-slider-caption-wrap\"><a data-title=\"TAWARA_017_2022\u00a9AlexHumbert\" data-caption=\"\" data-caption-color=\"\" data-caption-background=\"\" data-trigger-id=\"ut-lightbox-trigger-4619\" data-exthumbimage=\"https:\/\/maison-des-accompagnateurs.fr\/wp-content\/uploads\/2025\/03\/TAWARA_017_2022\u00a9AlexHumbert-200x200.jpg\" href=\"https:\/\/maison-des-accompagnateurs.fr\/wp-content\/uploads\/2025\/03\/TAWARA_017_2022\u00a9AlexHumbert.jpg\" class=\"for-lightbox ut-slider-maximize\"><i class=\"Bklyn-Core-Maximize-3\"><\/i><\/a><img class=\"item owl-lazy\"  data-src=\"https:\/\/maison-des-accompagnateurs.fr\/wp-content\/uploads\/2025\/03\/TAWARA_017_2022\u00a9AlexHumbert-325x217.jpg\" \/><\/figure><\/div><div><figure class=\"ut-gallery-slider-caption-wrap\"><a data-title=\"rando cano\u00e9 (2)\" data-caption=\"\" data-caption-color=\"\" data-caption-background=\"\" data-trigger-id=\"ut-lightbox-trigger-4620\" data-exthumbimage=\"https:\/\/maison-des-accompagnateurs.fr\/wp-content\/uploads\/2025\/03\/rando-canoe-2-200x200.jpg\" href=\"https:\/\/maison-des-accompagnateurs.fr\/wp-content\/uploads\/2025\/03\/rando-canoe-2.jpg\" class=\"for-lightbox ut-slider-maximize\"><i class=\"Bklyn-Core-Maximize-3\"><\/i><\/a><img class=\"item owl-lazy\"  data-src=\"https:\/\/maison-des-accompagnateurs.fr\/wp-content\/uploads\/2025\/03\/rando-canoe-2-325x217.jpg\" \/><\/figure><\/div><div><figure class=\"ut-gallery-slider-caption-wrap\"><a data-title=\"randos cano\u00e9\" data-caption=\"\" data-caption-color=\"\" data-caption-background=\"\" data-trigger-id=\"ut-lightbox-trigger-4621\" data-exthumbimage=\"https:\/\/maison-des-accompagnateurs.fr\/wp-content\/uploads\/2025\/03\/randos-canoe-200x200.jpg\" href=\"https:\/\/maison-des-accompagnateurs.fr\/wp-content\/uploads\/2025\/03\/randos-canoe.jpg\" class=\"for-lightbox ut-slider-maximize\"><i class=\"Bklyn-Core-Maximize-3\"><\/i><\/a><img class=\"item owl-lazy\"  data-src=\"https:\/\/maison-des-accompagnateurs.fr\/wp-content\/uploads\/2025\/03\/randos-canoe-325x217.jpg\" \/><\/figure><\/div><div><figure class=\"ut-gallery-slider-caption-wrap\"><a data-title=\"IMG-20230902-WA0003\" data-caption=\"\" data-caption-color=\"\" data-caption-background=\"\" data-trigger-id=\"ut-lightbox-trigger-4622\" data-exthumbimage=\"https:\/\/maison-des-accompagnateurs.fr\/wp-content\/uploads\/2025\/03\/IMG-20230902-WA0003-200x200.jpg\" href=\"https:\/\/maison-des-accompagnateurs.fr\/wp-content\/uploads\/2025\/03\/IMG-20230902-WA0003.jpg\" class=\"for-lightbox ut-slider-maximize\"><i class=\"Bklyn-Core-Maximize-3\"><\/i><\/a><img class=\"item owl-lazy\"  data-src=\"https:\/\/maison-des-accompagnateurs.fr\/wp-content\/uploads\/2025\/03\/IMG-20230902-WA0003-325x217.jpg\" \/><\/figure><\/div><div><figure class=\"ut-gallery-slider-caption-wrap\"><a data-title=\"IMG-20230902-WA0002\" data-caption=\"\" data-caption-color=\"\" data-caption-background=\"\" data-trigger-id=\"ut-lightbox-trigger-4623\" data-exthumbimage=\"https:\/\/maison-des-accompagnateurs.fr\/wp-content\/uploads\/2025\/03\/IMG-20230902-WA0002-200x200.jpg\" href=\"https:\/\/maison-des-accompagnateurs.fr\/wp-content\/uploads\/2025\/03\/IMG-20230902-WA0002.jpg\" class=\"for-lightbox ut-slider-maximize\"><i class=\"Bklyn-Core-Maximize-3\"><\/i><\/a><img class=\"item owl-lazy\"  data-src=\"https:\/\/maison-des-accompagnateurs.fr\/wp-content\/uploads\/2025\/03\/IMG-20230902-WA0002-325x217.jpg\" \/><\/figure><\/div><div><figure class=\"ut-gallery-slider-caption-wrap\"><a data-title=\"IMG-20230902-WA0001 (2)\" data-caption=\"\" data-caption-color=\"\" data-caption-background=\"\" data-trigger-id=\"ut-lightbox-trigger-4624\" data-exthumbimage=\"https:\/\/maison-des-accompagnateurs.fr\/wp-content\/uploads\/2025\/03\/IMG-20230902-WA0001-2-200x200.jpg\" href=\"https:\/\/maison-des-accompagnateurs.fr\/wp-content\/uploads\/2025\/03\/IMG-20230902-WA0001-2.jpg\" class=\"for-lightbox ut-slider-maximize\"><i class=\"Bklyn-Core-Maximize-3\"><\/i><\/a><img class=\"item owl-lazy\"  data-src=\"https:\/\/maison-des-accompagnateurs.fr\/wp-content\/uploads\/2025\/03\/IMG-20230902-WA0001-2-325x217.jpg\" \/><\/figure><\/div><div><figure class=\"ut-gallery-slider-caption-wrap\"><a data-title=\"IMG-20230902-WA0000\" data-caption=\"\" data-caption-color=\"\" data-caption-background=\"\" data-trigger-id=\"ut-lightbox-trigger-4625\" data-exthumbimage=\"https:\/\/maison-des-accompagnateurs.fr\/wp-content\/uploads\/2025\/03\/IMG-20230902-WA0000-200x200.jpg\" href=\"https:\/\/maison-des-accompagnateurs.fr\/wp-content\/uploads\/2025\/03\/IMG-20230902-WA0000.jpg\" class=\"for-lightbox ut-slider-maximize\"><i class=\"Bklyn-Core-Maximize-3\"><\/i><\/a><img class=\"item owl-lazy\"  data-src=\"https:\/\/maison-des-accompagnateurs.fr\/wp-content\/uploads\/2025\/03\/IMG-20230902-WA0000-325x217.jpg\" \/><\/figure><\/div><div><figure class=\"ut-gallery-slider-caption-wrap\"><a data-title=\"IMG_20230622_192939\" data-caption=\"\" data-caption-color=\"\" data-caption-background=\"\" data-trigger-id=\"ut-lightbox-trigger-4626\" data-exthumbimage=\"https:\/\/maison-des-accompagnateurs.fr\/wp-content\/uploads\/2025\/03\/IMG_20230622_192939-1-200x200.jpg\" href=\"https:\/\/maison-des-accompagnateurs.fr\/wp-content\/uploads\/2025\/03\/IMG_20230622_192939-1.jpg\" class=\"for-lightbox ut-slider-maximize\"><i class=\"Bklyn-Core-Maximize-3\"><\/i><\/a><img class=\"item owl-lazy\"  data-src=\"https:\/\/maison-des-accompagnateurs.fr\/wp-content\/uploads\/2025\/03\/IMG_20230622_192939-1-325x217.jpg\" \/><\/figure><\/div><\/div><a href=\"#\" data-for=\"ut_ms_69ebae53428d3\" class=\"ut-prev-gallery-slide ut-single-slider-control\"><i class=\"Bklyn-Core-Left-2\"><\/i><\/a><a href=\"#\" data-for=\"ut_ms_69ebae53428d3\" class=\"ut-next-gallery-slide ut-single-slider-control\"><i class=\"Bklyn-Core-Right-2\"><\/i><\/a><\/div><\/div>[\/vc_column][\/vc_row][vc_row][vc_column][vc_column_text]<\/p>\n<h2>Rando cano\u00eb dans les Gorges du Tarn<\/h2>\n<p>Partez pour une exp\u00e9rience in\u00e9dite au c\u0153ur des Gorges du Tarn ! Une sortie rando et cano\u00e9, m\u00ealant d\u00e9couverte et adr\u00e9naline afin de d\u00e9couvrir l&rsquo;histoire des Gorges du Tarn.<\/p>\n<p>Le Petit + : Randonn\u00e9es Familiale, suivie d&rsquo;un retour en Cano\u00e9 !<\/p>\n<p>En petit groupe, nous remontons les Gorges du Tarn, en passant par Liaucous, puis Eglazine et Saint Marcelin, les fameux village troglodytes ! Sur le sentier notre effort sera r\u00e9compens\u00e9 par des points de vue magnifique sur les Gorges du Tarn surplomb\u00e9s par des dizaines de vautours. Nous piques-niquerons au bord de l&rsquo;eau avant d&#8217;embarquer dans les cano\u00e9s pour revenir au point de d\u00e9part.<\/p>\n<p>La descente en cano\u00e9 ce fait en autonomie, (sans guide) ce qui vous permet de prendre votre temps pour le retour.<\/p>\n<p><strong>Conditions pr\u00e9alables :<\/strong><br \/>\n<strong>Age minimum : 8 ans.<\/strong><br \/>\n<strong>Savoir Nager<\/strong><br \/>\n&#8211;\u00a0Randonn\u00e9e d&rsquo;environ 7 km\u00a0et\u00a0300 m\u00e8tres de d\u00e9nivel\u00e9.<br \/>\n&#8211;\u00a0Pr\u00e9voir pique-nique + eau + sac \u00e0 dos + casquette + protection solaire.<br \/>\n&#8211; Apportez votre gourde ou bouteille d&rsquo;eau\u00a0<strong>1.5L min<\/strong>.<br \/>\n&#8211; Chaussures l\u00e9g\u00e8res de sport, ou de marche,\u00a0<strong>indispensables,<\/strong><br \/>\n<strong>&#8211; Pour le cano\u00e9 : Prendre des chaussures (que vous allez mouiller, maillot de bain, draps de bain)<\/strong><br \/>\n<strong>&#8211; Les chaussures de plages ne sont pas accept\u00e9s.<\/strong><\/p>\n<p>Rando \u2013 Cano\u00e9 tous les mercredis, juillet et ao\u00fbt 2024.<\/p>\n<h2>Horaire de d\u00e9part : 8h30<\/h2>\n<p>7 km \u00e0 pied, et 300 m de d\u00e9nivel\u00e9 ; environ 3h30 de marche hors pause,<br \/>\n8 km de descente en cano\u00e9, environ 2h00 hors pause.<\/p>\n<p>Point de d\u00e9part : Camping des Prades[\/vc_column_text][vc_row_inner][vc_column_inner width=\u00a0\u00bb1\/2&Prime;][vc_gmaps link=\u00a0\u00bb#E-8_JTNDaWZyYW1lJTIwc3JjJTNEJTIyaHR0cHMlM0ElMkYlMkZ3d3cuZ29vZ2xlLmNvbSUyRm1hcHMlMkZlbWJlZCUzRnBiJTNEJTIxMW0xNCUyMTFtOCUyMTFtMyUyMTFkMTQzMC4xODQwMzQyNzM1MjE4JTIxMmQzLjE3MzUyMjYlMjEzZDQ0LjE5OTQ4NTIlMjEzbTIlMjExaTEwMjQlMjEyaTc2OCUyMTRmMTMuMSUyMTNtMyUyMTFtMiUyMTFzMHgxMmIzYjFmZGYzYTExOWI5JTI1M0EweDFjZDAyMTQyZWYyYmExMTMlMjEyc0NhbXBpbmclMjUyMExlcyUyNTIwUHJhZGVzJTI1MjAtJTI1MjBDYW1waW5nJTI1MjBHb3JnZXMlMjUyMGR1JTI1MjBUYXJuJTIxNWUwJTIxM20yJTIxMXNmciUyMTJzZnIlMjE0djE3NDIyMDU1MDkyMzglMjE1bTIlMjExc2ZyJTIxMnNmciUyMiUyMHdpZHRoJTNEJTIyNjAwJTIyJTIwaGVpZ2h0JTNEJTIyNDUwJTIyJTIwc3R5bGUlM0QlMjJib3JkZXIlM0EwJTNCJTIyJTIwYWxsb3dmdWxsc2NyZWVuJTNEJTIyJTIyJTIwbG9hZGluZyUzRCUyMmxhenklMjIlMjByZWZlcnJlcnBvbGljeSUzRCUyMm5vLXJlZmVycmVyLXdoZW4tZG93bmdyYWRlJTIyJTNFJTNDJTJGaWZyYW1lJTNF\u00a0\u00bb title=\u00a0\u00bbD\u00e9part\u00a0\u00bb][\/vc_column_inner][vc_column_inner width=\u00a0\u00bb1\/2&Prime;][vc_column_text]<\/p>\n<h2>Tarif unique :<\/h2>\n<p>40 \u20ac \/ personne et \u00e0 partir de 8ans<\/p>\n<h2>Le prix comprend :<\/h2>\n<p>&#8211; Le transport en v\u00e9hicule jusqu&rsquo;au point de d\u00e9part de la randonn\u00e9e.<\/p>\n<p>&#8211; L&rsquo;accompagnement de la randonn\u00e9e par un guide dipl\u00f4m\u00e9 d&rsquo;Etat.<\/p>\n<p>&#8211; La location des cano\u00e9s, pagaies, gilets de sauvetage et casques.<\/p>\n<h2>Lien de r\u00e9servation :<\/h2>\n<p><a href=\"https:\/\/www.explore-millau.com\/reserver\/les-randos-animees\/\" target=\"_blank\" rel=\"noopener\" data-saferedirecturl=\"https:\/\/www.google.com\/url?q=https:\/\/www.explore-millau.com\/reserver\/les-randos-animees\/&amp;source=gmail&amp;ust=1742287192053000&amp;usg=AOvVaw2MEVpPwRd-Amxod8hwM37c\">https:\/\/www.explore-millau.<wbr \/>com\/reserver\/les-randos-<wbr \/>animees\/<\/a>[\/vc_column_text][\/vc_column_inner][\/vc_row_inner][\/vc_column][\/vc_row][\/vc_section]<\/p>\n","protected":false},"excerpt":{"rendered":"<p>[vc_section][vc_row][vc_column][\/vc_column][\/vc_row][vc_row][vc_column][\/vc_column][\/vc_row][vc_row][vc_column][vc_column_text] Rando cano\u00eb dans les Gorges du Tarn Partez pour une exp\u00e9rience in\u00e9dite au c\u0153ur des Gorges du Tarn ! Une sortie rando et cano\u00e9, m\u00ealant d\u00e9couverte et adr\u00e9naline afin de d\u00e9couvrir l&rsquo;histoire des Gorges du Tarn. Le Petit + : Randonn\u00e9es Familiale, suivie d&rsquo;un retour en Cano\u00e9 ! En petit groupe, nous remontons les [&hellip;]<\/p>\n","protected":false},"author":1,"featured_media":0,"parent":0,"menu_order":0,"comment_status":"closed","ping_status":"closed","template":"","meta":{"footnotes":""},"_links":{"self":[{"href":"https:\/\/maison-des-accompagnateurs.fr\/index.php?rest_route=\/wp\/v2\/pages\/4618"}],"collection":[{"href":"https:\/\/maison-des-accompagnateurs.fr\/index.php?rest_route=\/wp\/v2\/pages"}],"about":[{"href":"https:\/\/maison-des-accompagnateurs.fr\/index.php?rest_route=\/wp\/v2\/types\/page"}],"author":[{"embeddable":true,"href":"https:\/\/maison-des-accompagnateurs.fr\/index.php?rest_route=\/wp\/v2\/users\/1"}],"replies":[{"embeddable":true,"href":"https:\/\/maison-des-accompagnateurs.fr\/index.php?rest_route=%2Fwp%2Fv2%2Fcomments&post=4618"}],"version-history":[{"count":5,"href":"https:\/\/maison-des-accompagnateurs.fr\/index.php?rest_route=\/wp\/v2\/pages\/4618\/revisions"}],"predecessor-version":[{"id":4717,"href":"https:\/\/maison-des-accompagnateurs.fr\/index.php?rest_route=\/wp\/v2\/pages\/4618\/revisions\/4717"}],"wp:attachment":[{"href":"https:\/\/maison-des-accompagnateurs.fr\/index.php?rest_route=%2Fwp%2Fv2%2Fmedia&parent=4618"}],"curies":[{"name":"wp","href":"https:\/\/api.w.org\/{rel}","templated":true}]}}